{"id":1471,"date":"2020-04-17T13:26:46","date_gmt":"2020-04-17T13:26:46","guid":{"rendered":"https:\/\/hrtechprivacy.com\/?page_id=1471"},"modified":"2023-08-14T08:37:40","modified_gmt":"2023-08-14T08:37:40","slug":"frequently-asked-questions","status":"publish","type":"page","link":"https:\/\/hrtechprivacy.com\/tr\/frequently-asked-questions","title":{"rendered":"S\u0131k Sorulan Sorular (FAQs)"},"content":{"rendered":"\n<h2 class=\"wp-block-heading\">Ki\u015fisel verilerin payla\u015f\u0131m\u0131<\/h2>\n\n\n\n<h3 class=\"wp-block-heading\"><strong>Platformlar aras\u0131nda hangi ki\u015fisel veriler payla\u015f\u0131l\u0131r?<\/strong><\/h3>\n\n\n\n<p>Hangi ki\u015fisel verilerin payla\u015f\u0131laca\u011f\u0131, kulland\u0131\u011f\u0131n\u0131z Platformlar\u0131n Gizlilik ve \u00c7erez politikalar\u0131 ile belirlenir.&nbsp;<\/p>\n\n\n\n<p>Payla\u015f\u0131lan ki\u015fisel veriler, i\u015f arama ve ba\u015fvuru faaliyetleriniz s\u0131ras\u0131nda Platformlar ile olan etkile\u015fiminize ba\u011fl\u0131d\u0131r. Ad\u0131n\u0131z, soyad\u0131n\u0131z, kullan\u0131c\u0131 ad\u0131n\u0131z, e-mail adresiniz, telefon numaran\u0131z, CV\/profil bilgileriniz, IP adresiniz, reklamveren kimli\u011finiz, i\u015fveren eleme sorular\u0131na verdi\u011finiz cevaplar, i\u015f ilanlar\u0131n\u0131z, i\u015f bildirimleriniz ve ba\u015fvurunuzun ilerleme durumu ile kullan\u0131c\u0131lar\u0131n Platformlardaki arama, t\u0131klama ve oturum hareketlerini i\u00e7erebilir.<\/p>\n\n\n\n<h3 class=\"wp-block-heading\"><strong>Ki\u015fisel verilerim neden bu \u015fekilde payla\u015f\u0131l\u0131yor?<\/strong><\/h3>\n\n\n\n<p>Ki\u015fisel verileriniz a\u015fa\u011f\u0131dakiler de dahil olmak \u00fczere birka\u00e7 nedenle payla\u015f\u0131lmaktad\u0131r:&nbsp;<\/p>\n\n\n\n<ul class=\"wp-block-list\">\n<li>Daha fazla i\u015f arayan ile daha fazla i\u015f ilan\u0131 ve i\u015fveren aras\u0131nda ba\u011flant\u0131 kurmak<\/li>\n\n\n\n<li>Hizmetlerimizi iyile\u015ftirmek&nbsp;&nbsp;<\/li>\n\n\n\n<li>Kullan\u0131c\u0131lar i\u00e7in daha y\u00fcksek g\u00fcvenlik sa\u011flamak<\/li>\n<\/ul>\n\n\n\n<p><a href=\"https:\/\/hrtechprivacy.com\/tr\/#veri-payla%C5%9F%C4%B1m%C4%B1n%C4%B1n-faydalar%C4%B1\">Veri payla\u015f\u0131m\u0131n\u0131n avantajlar\u0131<\/a> ile ilgili di\u011fer ayr\u0131nt\u0131lar\u0131 bu ba\u011flant\u0131da bulabilirsiniz.<\/p>\n\n\n\n<h3 class=\"wp-block-heading\"><strong>Veriler ne zaman payla\u015f\u0131l\u0131r ve payla\u015f\u0131m nas\u0131l yap\u0131l\u0131r?<\/strong><\/h3>\n\n\n\n<p>Ki\u015fisel verilerinizin ne zaman ve nas\u0131l payla\u015f\u0131ld\u0131\u011f\u0131; Platforma, payla\u015f\u0131lan verilerin t\u00fcr\u00fcne ve Platformlarda yapt\u0131\u011f\u0131n\u0131z i\u015flemlere ba\u011fl\u0131d\u0131r.&nbsp;<\/p>\n\n\n\n<p>\u00d6rne\u011fin Platformlar\u0131m\u0131z ilgili arama sonu\u00e7lar\u0131n\u0131 ve i\u015f alarmlar\u0131n\u0131 belirlemek amac\u0131yla \u00f6nceki araman\u0131z\u0131 ve gezinme ge\u00e7mi\u015finizi (\u00f6r. t\u0131klad\u0131\u011f\u0131n\u0131z i\u015f ilanlar\u0131) ve CV&#8217;nizi veya profil bilgilerinizi kullanabilir ya da payla\u015fabilir. Platformlar\u0131m\u0131zdan birinde bir hesap a\u00e7ma gibi belirli eylemler de otomatik olarak payla\u015f\u0131m ba\u015flatabilir.<\/p>\n\n\n\n<h3 class=\"wp-block-heading\"><\/h3>\n\n\n\n<h3 class=\"wp-block-heading\">Ki\u015fisel verilerimin bu \u015fekilde payla\u015f\u0131lmas\u0131n\u0131 nas\u0131l durdururum?<\/h3>\n\n\n\n<p>Indeed gizlili\u011finize de\u011fer verir ve size tercihler sunmak i\u00e7in \u00e7al\u0131\u015f\u0131r. Bilgilerinizin bu \u015fekilde payla\u015f\u0131lmas\u0131n\u0131 istemiyorsan\u0131z, Platforma ba\u011fl\u0131 olarak hesab\u0131n\u0131z\u0131n silinmesini veya ki\u015fisel verilerinizin silinmesini isteyebilir <s>ya da hesab\u0131n\u0131z\u0131 kullanmaya devam ederken verilerinizin bu \u015fekilde payla\u015f\u0131lmamas\u0131n\u0131 talep edebilirsiniz.<\/s> Bu se\u00e7enekleri, kulland\u0131\u011f\u0131n\u0131z Platformlar\u0131n Gizlilik Politikas\u0131nda yer alan talimatlar\u0131 izleyerek talep edebilirsiniz.<\/p>\n\n\n\n<h2 class=\"wp-block-heading\">HR Tech Gizlilik Merkezi ve Platformlar<\/h2>\n\n\n\n<h3 class=\"wp-block-heading\"><strong>HR Tech Gizlilik Merkezi&#8217;nde yer alan bilgiler, ki\u015fisel verilerimin kullan\u0131lma \u015feklini de\u011fi\u015ftirir mi?<\/strong><\/h3>\n\n\n\n<p>Hay\u0131r. SSS ve Gizlilik Merkezi&#8217;mizde belirtilen bilgiler ile verileri nas\u0131l kulland\u0131\u011f\u0131m\u0131z konusuna daha fazla \u015feffafl\u0131k kazand\u0131r\u0131lmas\u0131 ama\u00e7lanmaktad\u0131r.<\/p>\n\n\n\n<h3 class=\"wp-block-heading\"><strong>Bu, t\u00fcm verilerimin k\u0131s\u0131tlama olmadan Platformlar taraf\u0131ndan payla\u015f\u0131laca\u011f\u0131 anlam\u0131na m\u0131 geliyor?<\/strong><\/h3>\n\n\n\n<p>Hay\u0131r. Ki\u015fisel verilerinizin payla\u015f\u0131lmas\u0131, kulland\u0131\u011f\u0131n\u0131z Platformlar\u0131n gizlilik ve \u00e7erez politikalar\u0131n\u0131n h\u00fck\u00fcmlerine tabidir. Daha iyi bir fikir edinmek i\u00e7in bu h\u00fck\u00fcmlere ba\u015fvurman\u0131z\u0131 \u00f6neririz.&nbsp;<\/p>\n\n\n\n<p><strong>Platformlar, ki\u015fisel verilerimin ba\u011fl\u0131 Platformlar aras\u0131nda aktar\u0131m\u0131n\u0131 nas\u0131l y\u00f6netiyor?<\/strong><\/p>\n\n\n\n<p>Verilerin aktar\u0131lmas\u0131 s\u0131ras\u0131nda yeterli korumalar\u0131n uyguland\u0131\u011f\u0131ndan emin olmak i\u00e7in pek \u00e7ok zorunlu yasal y\u00f6ntem kullan\u0131yoruz. Bu y\u00f6ntemler, tek bir \u00f6nlemi veya birden fazla \u00f6nlemi i\u00e7erebilir. Bu \u00f6nlemler aras\u0131nda <a href=\"https:\/\/ec.europa.eu\/info\/law\/law-topic\/data-protection\/international-dimension-data-protection\/standard-contractual-clauses-scc_en\">standart s\u00f6zle\u015fme maddeleri<\/a>veya ki\u015fisel verilerinizin aktar\u0131mlar\u0131n\u0131 yeterli \u00f6l\u00e7\u00fcde korumak i\u00e7in uygun oldu\u011funu belirledi\u011fimiz di\u011fer mekanizmalar yer alabilir.&nbsp;<\/p>\n\n\n\n<p><strong>Ki\u015fisel verilerimin veri denetleyicisi kimdir?<\/strong><\/p>\n\n\n\n<p>Ki\u015fisel verilerinizin veri denetleyicisi, kulland\u0131\u011f\u0131n\u0131z Platformun Gizlilik Politikas\u0131nda belirtilmelidir.&nbsp;<\/p>\n\n\n\n<h3 class=\"wp-block-heading\"><strong>Platformlar\u0131n gizlilik konusuna yakla\u015f\u0131m\u0131 nedir?<\/strong><\/h3>\n\n\n\n<p>HR Tech Platformlar\u0131, kullan\u0131c\u0131lar\u0131n\u0131n gizlili\u011fini son derece ciddiye almaktad\u0131r. Ki\u015fisel verilerinizi koruma \u00e7al\u0131\u015fmalar\u0131m\u0131z kapsam\u0131nda \u00f6nemli kaynak yat\u0131r\u0131mlar\u0131 yap\u0131yor ve ge\u00e7erli gizlilik kurallar\u0131na uymak i\u00e7in \u00e7aba g\u00f6steriyoruz. \u0130\u015f arayan kullan\u0131c\u0131lar\u0131m\u0131z\u0131n i\u015f bulmalar\u0131na yard\u0131mc\u0131 olmam\u0131z konusunda, i\u015fveren kullan\u0131c\u0131lar\u0131m\u0131z\u0131n ise harika adaylar bulmalar\u0131na yard\u0131mc\u0131 olmam\u0131z konusunda bize duyduklar\u0131 g\u00fcvene b\u00fcy\u00fck de\u011fer veriyoruz. Daha fazla bilgi edinmek i\u00e7in l\u00fctfen <a href=\"https:\/\/hrtechprivacy.com\/tr\/#gizlilik-de%C4%9Ferlerimiz\">Gizlilik De\u011ferlerimize<\/a> g\u00f6z at\u0131n.<\/p>\n\n\n\n<p><strong>Platformlar, gizlilik veya \u00e7erez politikalar\u0131n\u0131 hangi dilde sunuyor?<\/strong><\/p>\n\n\n\n<p>Bir Platformun gizlilik ve \u00e7erez politikas\u0131, o Platformun hedefledi\u011fi pazarlarda konu\u015fulan dillerde sunulur. Bir Platform gizlilik veya \u00e7erez politikas\u0131n\u0131 belirli bir dilde sunmuyorsa, ilgili Platform o dilin konu\u015fuldu\u011fu pazarlardaki kullan\u0131c\u0131lar\u0131 hen\u00fcz hedeflemiyordur.<\/p>\n\n\n\n<h2 class=\"wp-block-heading\">Gizlilik haklar\u0131n\u0131z<\/h2>\n\n\n\n<h3 class=\"wp-block-heading\"><strong>Platformlarda hangi gizlilik haklar\u0131na sahibim?<\/strong><\/h3>\n\n\n\n<p>D\u00fcnya genelindeki t\u00fcm kullan\u0131c\u0131lar\u0131m\u0131za geni\u015f \u00f6l\u00e7ekte gizlilik haklar\u0131 sunarak t\u00fcm kullan\u0131c\u0131lar\u0131m\u0131za e\u015fit davranmak i\u00e7in \u00e7al\u0131\u015f\u0131yoruz. Bu, nerede olurlarsa olsunlar Platformun t\u00fcm kullan\u0131c\u0131lar\u0131n\u0131n Platform ile ileti\u015fime ge\u00e7erek a\u015fa\u011f\u0131dakileri yapabilece\u011fi anlam\u0131na gelir:<\/p>\n\n\n\n<ul class=\"wp-block-list\">\n<li>Ki\u015fisel verilerine eri\u015fmek<\/li>\n\n\n\n<li>Ki\u015fisel verilerini sildirmek<\/li>\n\n\n\n<li>Ki\u015fisel verilerini d\u00fczelttirmek&nbsp;<\/li>\n\n\n\n<li>Ki\u015fisel verilerinin ta\u015f\u0131nabilir bir s\u00fcr\u00fcm\u00fcn\u00fc almak<\/li>\n\n\n\n<li>Ki\u015fisel verilerinin belirli \u015fekillerde i\u015flenmesini k\u0131s\u0131tlamak veya reddetmek<\/li>\n<\/ul>\n\n\n\n<h3 class=\"wp-block-heading\"><strong>Gizlilik haklar\u0131m\u0131 nas\u0131l kullanabilirim?<\/strong><\/h3>\n\n\n\n<p>Kulland\u0131\u011f\u0131n\u0131z Platformun Gizlilik Politikas\u0131na ba\u015fvurarak ve burada belirtilen talimatlar\u0131 izleyerek gizlilik haklar\u0131n\u0131zdan yararlanabilirsiniz.<\/p>\n\n\n\n<h3 class=\"wp-block-heading\"><strong>Platformlar hangi g\u00fcvenlik \u00f6nlemlerini kullan\u0131r?<\/strong><\/h3>\n\n\n\n<p>Ki\u015fisel verilerinizin g\u00fcvenli\u011fini son derece ciddiye al\u0131yor ve bu ama\u00e7la \u00f6nemli kaynak yat\u0131r\u0131mlar\u0131 yap\u0131yoruz. \u0130zinsiz giri\u015f, if\u015fa, tahribat veya yanl\u0131\u015fl\u0131kla kayb\u0131 \u00f6nlemek amac\u0131yla \u00e7e\u015fitli y\u00f6ntemlerden faydalan\u0131yoruz. Bu y\u00f6ntemler; verilerin niteli\u011fine, i\u015fleme faaliyetinin ba\u011flam\u0131na, ilgili risklere ve kullan\u0131labilen teknolojilere ba\u011fl\u0131 olarak de\u011fi\u015fiklik g\u00f6stermektedir.&nbsp;<\/p>\n\n\n\n<p>Ki\u015fisel verilerinizi korumak i\u00e7in riske dayal\u0131 bir yakla\u015f\u0131m benimseyerek uygun olan durumlarda \u00e7e\u015fitli g\u00fcvenlik \u00f6nlemlerinden faydalan\u0131yoruz:<\/p>\n\n\n\n<ul class=\"wp-block-list\">\n<li>Ki\u015fisel veriler i\u00e7in se\u00e7meli bulan\u0131kla\u015ft\u0131rma ve \u015fifreleme<\/li>\n\n\n\n<li>Veri i\u015fleme sistemlerimizin ve hizmetlerimizin gizlili\u011fi, b\u00fct\u00fcnl\u00fc\u011f\u00fc, kullan\u0131labilirli\u011fi ve dayan\u0131kl\u0131l\u0131\u011f\u0131n\u0131 korumak i\u00e7in dahili sistemler tasarlama<\/li>\n\n\n\n<li>Fiziksel ve teknik sorunlar\u0131n ortaya \u00e7\u0131kmas\u0131 durumunda, tuttu\u011fumuz ki\u015fisel verilerin kullan\u0131labilirlik ve eri\u015filebilirli\u011fini h\u0131zl\u0131 bir \u015fekilde yeniden sa\u011flamak i\u00e7in tasarlanm\u0131\u015f sistemler ve s\u00fcre\u00e7ler kullanma<\/li>\n\n\n\n<li>Platformlar\u0131n g\u00fcvenlik \u00f6nlemlerinin ne kadar etkili oldu\u011funu d\u00fczenli olarak test etme, inceleme ve de\u011ferlendirme<\/li>\n<\/ul>\n\n\n\n<h3 class=\"wp-block-heading\"><strong>Hesab\u0131m\u0131 g\u00fcvenli tutmak i\u00e7in bir i\u015fveren olarak ne yapabilirim?<\/strong><\/h3>\n\n\n\n<p>\u0130\u015fveren hesab\u0131n\u0131z\u0131 nas\u0131l en iyi \u015fekilde g\u00fcvende tutaca\u011f\u0131n\u0131z hakk\u0131nda daha fazla bilgi edinmek i\u00e7in l\u00fctfen kulland\u0131\u011f\u0131n\u0131z Platformun g\u00fcvenlik sayfas\u0131n\u0131 ziyaret edin.&nbsp;<\/p>\n","protected":false},"excerpt":{"rendered":"<p>Ki\u015fisel verilerin payla\u015f\u0131m\u0131 Platformlar aras\u0131nda hangi ki\u015fisel veriler payla\u015f\u0131l\u0131r? Hangi ki\u015fisel verilerin payla\u015f\u0131laca\u011f\u0131, kulland\u0131\u011f\u0131n\u0131z Platformlar\u0131n Gizlilik ve \u00c7erez politikalar\u0131 ile belirlenir.&nbsp; Payla\u015f\u0131lan ki\u015fisel veriler, i\u015f arama ve ba\u015fvuru faaliyetleriniz s\u0131ras\u0131nda Platformlar ile olan etkile\u015fiminize ba\u011fl\u0131d\u0131r. Ad\u0131n\u0131z, soyad\u0131n\u0131z, kullan\u0131c\u0131 ad\u0131n\u0131z, e-mail adresiniz, telefon numaran\u0131z, CV\/profil bilgileriniz, IP adresiniz, reklamveren kimli\u011finiz, i\u015fveren eleme sorular\u0131na verdi\u011finiz cevaplar, i\u015f [&hellip;]<\/p>\n","protected":false},"author":23,"featured_media":0,"parent":0,"menu_order":0,"comment_status":"closed","ping_status":"closed","template":"","meta":{"_acf_changed":false,"inline_featured_image":false,"footnotes":""},"class_list":["post-1471","page","type-page","status-publish","hentry"],"acf":[],"_links":{"self":[{"href":"https:\/\/hrtechprivacy.com\/tr\/wp-json\/wp\/v2\/pages\/1471","targetHints":{"allow":["GET"]}}],"collection":[{"href":"https:\/\/hrtechprivacy.com\/tr\/wp-json\/wp\/v2\/pages"}],"about":[{"href":"https:\/\/hrtechprivacy.com\/tr\/wp-json\/wp\/v2\/types\/page"}],"author":[{"embeddable":true,"href":"https:\/\/hrtechprivacy.com\/tr\/wp-json\/wp\/v2\/users\/23"}],"replies":[{"embeddable":true,"href":"https:\/\/hrtechprivacy.com\/tr\/wp-json\/wp\/v2\/comments?post=1471"}],"version-history":[{"count":0,"href":"https:\/\/hrtechprivacy.com\/tr\/wp-json\/wp\/v2\/pages\/1471\/revisions"}],"wp:attachment":[{"href":"https:\/\/hrtechprivacy.com\/tr\/wp-json\/wp\/v2\/media?parent=1471"}],"curies":[{"name":"wp","href":"https:\/\/api.w.org\/{rel}","templated":true}]}}