{"id":1465,"date":"2020-04-17T13:27:11","date_gmt":"2020-04-17T13:27:11","guid":{"rendered":"https:\/\/hrtechprivacy.com\/?page_id=1465"},"modified":"2023-08-14T08:36:50","modified_gmt":"2023-08-14T08:36:50","slug":"welcome-to-the-hr-tech-privacy-center","status":"publish","type":"page","link":"https:\/\/hrtechprivacy.com\/tr","title":{"rendered":"HR Tech Gizlilik Merkezi&#8217;ne Ho\u015f Geldiniz"},"content":{"rendered":"\n<p>UYGULAMA KULLANICILARI: Uygulamam\u0131z\u0131n kullan\u0131m\u0131, ilgili uygulama ve web sitesinin \u015eartlar\u0131na ve Gizlilik Politikas\u0131na tabidir.&nbsp;<\/p>\n\n\n\n<p>Kulland\u0131\u011f\u0131n\u0131z uygulama ile ilgili gizlilik bilgilerine eri\u015fmek i\u00e7in l\u00fctfen uygulamaya ait web sitesinin Gizlilik Politikas\u0131n\u0131 inceleyin. \u00d6rne\u011fin Indeed uygulamas\u0131n\u0131n kullan\u0131m\u0131, Indeed&#8217;in \u015eartlar\u0131na ve Gizlilik Politikas\u0131na tabidir.&nbsp;<\/p>\n\n\n\n<h2 class=\"wp-block-heading\">Giri\u015f<\/h2>\n\n\n\n<h3 class=\"wp-block-heading\"><strong>Ki\u015fisel verilerinizi \u00e7ok ciddiye al\u0131yoruz&nbsp;<\/strong><\/h3>\n\n\n\n<p>HR Tech Gizlilik Merkezi&#8217;ne ho\u015f geldiniz. Buras\u0131, birden \u00e7ok \u00e7evrimi\u00e7i i\u015f arama ve i\u015fe al\u0131m <a href=\"https:\/\/hrtechprivacy.com\/tr\/brands\">platformunun<\/a> veri payla\u015f\u0131m\u0131 ve gizlili\u011fi koruma y\u00f6ntemlerinin ayr\u0131nt\u0131lar\u0131n\u0131 a\u00e7\u0131klayan bir web sitesidir. Indeed Platformu, <a href=\"https:\/\/hrtechprivacy.com\/tr\/indeed-sites\">Indeed sitelerini<\/a> ve Glassdoor Platformu, <a href=\"https:\/\/hrtechprivacy.com\/glassdoor-sites\">Glassdoor sitelerini<\/a> i\u00e7erir (birlikte &#8220;Platformlar&#8221; olarak adland\u0131r\u0131l\u0131r). Her platform i\u00e7in uygun veri denetleyicisi hakk\u0131nda daha fazla bilgi edinmek i\u00e7in l\u00fctfen <a href=\"https:\/\/hrtechprivacy.com\/tr\/brands\/indeed-hakkinda\">Indeed Gizlilik Politikas\u0131<\/a> ve <a href=\"https:\/\/hrtechprivacy.com\/brands\/glassdoor\">Glassdoor Gizlilik Politikas\u0131n\u0131<\/a> inceleyin.&nbsp;<\/p>\n\n\n\n<p>Temel misyonumuz insanlar\u0131n i\u015f, i\u015fverenlerin ise harika adaylar bulmas\u0131na yard\u0131mc\u0131 olmakt\u0131r. Bu web sitesini, <a href=\"https:\/\/hrtechprivacy.com\/tr\/#gizlilik-de%C4%9Ferlerimiz\">Gizlilik De\u011ferlerimiz<\/a>, verilerinizin bu platformlar aras\u0131nda nas\u0131l payla\u015f\u0131ld\u0131\u011f\u0131 ve bunlar\u0131 payla\u015fman\u0131n bizim i\u00e7in neden \u00f6nemli oldu\u011fu hakk\u0131nda daha fazla bilgi edinmenize yard\u0131mc\u0131 olmak amac\u0131yla geli\u015ftirdik.&nbsp;<\/p>\n\n\n\n<p>Platformlar aras\u0131nda veri payla\u015f\u0131m\u0131 \u015fu konularda bize olanak sa\u011flamaktad\u0131r:<\/p>\n\n\n\n<ul class=\"wp-block-list\">\n<li>Daha fazla i\u015f arayan ile daha fazla i\u015f ilan\u0131 ve i\u015fveren aras\u0131nda ba\u011flant\u0131 kurmaya yard\u0131mc\u0131 olmak<\/li>\n\n\n\n<li>Kullan\u0131c\u0131lar\u0131m\u0131z i\u00e7in hizmetleri iyile\u015ftirmek ve \u00f6zelle\u015ftirmek<\/li>\n\n\n\n<li>Kullan\u0131c\u0131lar\u0131m\u0131z i\u00e7in g\u00fcvenli\u011fi art\u0131rmak<\/li>\n<\/ul>\n\n\n\n<p><a href=\"https:\/\/hrtechprivacy.com\/tr\/#veri-payla%C5%9F%C4%B1m%C4%B1n%C4%B1n-faydalar%C4%B1\">A\u015fa\u011f\u0131dan<\/a> Platformlar aras\u0131nda verileri nas\u0131l payla\u015ft\u0131\u011f\u0131m\u0131z\u0131 \u00f6\u011frenebilir veya baz\u0131 <a href=\"https:\/\/hrtechprivacy.com\/tr\/frequently-asked-questions\">s\u0131k sorulan sorular\u0131n<\/a> yan\u0131tlar\u0131na eri\u015febilirsiniz.<\/p>\n\n\n\n<p>Burada sa\u011flanan bilgiler, Indeed ve Glassdoor sitelerinin her birinin ki\u015fisel verileri toplama, kullanma ve payla\u015fma \u015feklini de\u011fi\u015ftirmez. \u0130lgili siteye ait Gizlilik ve \u00c7erez politikalar\u0131, ki\u015fisel ve ki\u015fisel olmayan verileri nas\u0131l toplad\u0131\u011f\u0131m\u0131z\u0131 ve kulland\u0131\u011f\u0131m\u0131z\u0131 a\u00e7\u0131k\u00e7a ifade etmektedir.&nbsp;<\/p>\n\n\n\n<p>Belirli bir platform hakk\u0131nda sorular\u0131n\u0131z varsa daha fazla bilgi edinmek i\u00e7in o Platformun Gizlilik Politikas\u0131 veya Bize Ula\u015f\u0131n sayfas\u0131n\u0131 ziyaret etmenizi \u00f6neririz.<\/p>\n\n\n\n<h2 class=\"wp-block-heading\">Gizlilik de\u011ferlerimiz<\/h2>\n\n\n\n<h3 class=\"wp-block-heading\">G\u00fcveninize \u00f6ncelik verme<\/h3>\n\n\n\n<p>\u0130\u015f veya m\u00fckemmel adaylar bulman\u0131za yard\u0131mc\u0131 olurken bize duydu\u011funuz g\u00fcvene de\u011fer veriyoruz. Bu g\u00fcveni s\u00fcrd\u00fcrmek amac\u0131yla ki\u015fisel verilerinizi korumak i\u00e7in \u00f6nemli yat\u0131r\u0131mlar yap\u0131yoruz. Bu \u00e7abalar\u0131m\u0131za gizlilik de\u011ferlerimiz y\u00f6n veriyor:<\/p>\n\n\n\n<ul class=\"wp-block-list\">\n<li>T\u00fcm kullan\u0131c\u0131lar\u0131m\u0131za geni\u015f \u00f6l\u00e7ekte global gizlilik haklar\u0131 sunarak hepsine e\u015fit davran\u0131yoruz. T\u00fcm kullan\u0131c\u0131lar a\u015fa\u011f\u0131dakileri talep edebilir:\n<ul class=\"wp-block-list\">\n<li>Ki\u015fisel verilerine eri\u015fmek ve ta\u015f\u0131mak<\/li>\n\n\n\n<li>Ki\u015fisel verilerini d\u00fczelttirmek veya sildirmek<\/li>\n\n\n\n<li>Ki\u015fisel verilerinin belirli \u015fekillerde i\u015flenmesini k\u0131s\u0131tlamak veya reddetmek<\/li>\n<\/ul>\n<\/li>\n\n\n\n<li>Hizmetlerimizi tasarlarken ve i\u015fletirken bilin\u00e7li bir \u015fekilde gizlilik ilkelerine ba\u011fl\u0131 kal\u0131yoruz.<\/li>\n\n\n\n<li>Hangi ki\u015fisel verileri toplad\u0131\u011f\u0131m\u0131z ve bu verileri nas\u0131l i\u015fledi\u011fimiz konusunda \u015feffaf davran\u0131yoruz.<\/li>\n\n\n\n<li>Toplad\u0131\u011f\u0131m\u0131z ki\u015fisel verilerin; i\u015f arayan kullan\u0131c\u0131lar\u0131m\u0131z\u0131n i\u015f, i\u015fveren kullan\u0131c\u0131lar\u0131m\u0131z\u0131n ise uygun adaylar bulmas\u0131na yard\u0131mc\u0131 olmak ve size sundu\u011fumuz hizmetleri iyile\u015ftirmek i\u00e7in kullan\u0131ld\u0131\u011f\u0131ndan emin olmak istiyoruz.&nbsp;<\/li>\n\n\n\n<li>Ki\u015fisel verilerin toplanmas\u0131n\u0131 ve saklanmas\u0131n\u0131 yeterli, alakal\u0131 ve gerekli olan \u00f6l\u00e7\u00fcyle s\u0131n\u0131rl\u0131yoruz.<\/li>\n\n\n\n<li>Uygun oldu\u011fu s\u00fcrece ki\u015fisel verilerinizi do\u011fru ve g\u00fcncel tutmak i\u00e7in \u00e7al\u0131\u015f\u0131yoruz.<\/li>\n\n\n\n<li>Ki\u015fisel verilerinizi korumak i\u00e7in uygun g\u00fcvenlik \u00f6nlemleri kullanarak ki\u015fisel verilerinizi i\u015flemek istiyoruz.<\/li>\n\n\n\n<li>Y\u00fcr\u00fcrl\u00fckteki gizlilik yasalar\u0131 uyar\u0131nca hesap verebilirlik sergiliyoruz ve sorumluluk g\u00f6steriyoruz.<\/li>\n<\/ul>\n\n\n\n<h2 class=\"wp-block-heading\">Veri payla\u015f\u0131m\u0131n\u0131n faydalar\u0131<\/h2>\n\n\n\n<h3 class=\"wp-block-heading\"><strong>Verilerime neden ihtiyac\u0131n\u0131z var?<\/strong><\/h3>\n\n\n\n<p>Veri payla\u015f\u0131m\u0131 hem i\u015f arayanlar hem de i\u015fverenler a\u00e7\u0131s\u0131ndan \u00e7e\u015fitli faydalar sa\u011flaman\u0131n yan\u0131 s\u0131ra sundu\u011fumuz hizmetleri geli\u015ftirmemize de olanak tan\u0131r<s>.&nbsp;<\/s><\/p>\n\n\n\n<p><strong>Veri payla\u015f\u0131m\u0131; daha fazla i\u015fveren, daha fazla i\u015f ilan\u0131 ve daha fazla i\u015f arayan anlam\u0131na gelir.<\/strong><\/p>\n\n\n\n<p>Platformlar aras\u0131nda veri payla\u015f\u0131m\u0131, i\u015f arayanlar\u0131n daha da geni\u015f bir i\u015f ilan\u0131 ve i\u015fveren veritaban\u0131na eri\u015fmesini sa\u011flar. Ayn\u0131 zamanda i\u015fverenlerin de daha fazla i\u015f arayana ula\u015fmas\u0131na yard\u0131mc\u0131 olur. \u00d6rne\u011fin bir platform ba\u015fka bir platformda bulunan i\u015f ilanlar\u0131n\u0131 veya i\u015fverenleri \u00f6nerebilir. Ayr\u0131ca ba\u015fvuru, CV ve i\u015f ilanlar\u0131n\u0131n farkl\u0131 Platformlarda \u00e7al\u0131\u015fmas\u0131na yard\u0131mc\u0131 olabilir. Payla\u015f\u0131lan ki\u015fisel veriler, i\u015f arama ve ba\u015fvuru faaliyetleriniz s\u0131ras\u0131nda platformlar ile olan etkile\u015fiminize ba\u011fl\u0131d\u0131r.&nbsp;<\/p>\n\n\n\n<p>Platformlar ayr\u0131ca bu i\u015fverenlere daha iyi bir deneyim sa\u011flamak i\u00e7in hesap bilgileri ve davran\u0131\u015f verileri gibi i\u015fveren verilerini de payla\u015fabilir.<\/p>\n\n\n\n<p><strong>Veri payla\u015f\u0131m\u0131, hizmetlerimizi iyile\u015ftirir<\/strong><\/p>\n\n\n\n<p>Veri payla\u015f\u0131m\u0131, Platformlar\u0131m\u0131z\u0131n ki\u015fiselle\u015ftirilmi\u015f ve iyile\u015ftirilmi\u015f i\u00e7erik, performans, \u00f6zellik ve hizmetler sunmas\u0131n\u0131 sa\u011flar.&nbsp;<\/p>\n\n\n\n<p>\u00d6rne\u011fin Platformlar\u0131m\u0131z ilgili arama sonu\u00e7lar\u0131n\u0131 ve i\u015f alarmlar\u0131n\u0131 belirlemek amac\u0131yla \u00f6nceki araman\u0131z\u0131 ve gezinme ge\u00e7mi\u015finizi (\u00f6r. t\u0131klad\u0131\u011f\u0131n\u0131z i\u015f ilanlar\u0131) ve CV&#8217;nizi veya profil bilgilerinizi kullanabilir ya da payla\u015fabilir. Veri payla\u015f\u0131m\u0131 ayn\u0131 zamanda \u015firket yorumlar\u0131, i\u015f ilan\u0131 maa\u015f verileri, i\u015f g\u00f6r\u00fc\u015fmesiyle ilgili ipu\u00e7lar\u0131 ve di\u011fer konularla ilgili kariyer \u00f6nerileri sa\u011flamaya yard\u0131mc\u0131 olabilir.&nbsp;<\/p>\n\n\n\n<p>Bu payla\u015f\u0131m ayn\u0131 zamanda Platformlar\u0131m\u0131zda veri analizi, test, arama ve hizmetleri iyile\u015ftirmeye yard\u0131mc\u0131 olur.<\/p>\n\n\n\n<p><strong>Veri payla\u015f\u0131m\u0131, daha y\u00fcksek g\u00fcvenlik sa\u011flar<\/strong><\/p>\n\n\n\n<p>Veri payla\u015f\u0131m\u0131, Platformlar\u0131m\u0131z\u0131n kullan\u0131c\u0131lar\u0131m\u0131z\u0131 daha iyi korumas\u0131na olanak tan\u0131r. \u00d6zellikle ba\u011fl\u0131 Platformlar\u0131n, kullan\u0131c\u0131 g\u00fcvenli\u011fini ve \u015firket i\u00e7i operasyonlar\u0131 iyile\u015ftirmesini sa\u011flar. Ayr\u0131ca sorun giderme i\u015flemlerini kolayla\u015ft\u0131r\u0131r, doland\u0131r\u0131c\u0131l\u0131k ve istenmeyen mesajlar\u0131n alg\u0131lan\u0131p \u00f6nlenmesini kolayla\u015ft\u0131r\u0131r.<\/p>\n\n\n\n<h2 class=\"wp-block-heading\">Platformdaki etkinliklerin kaydedilmesi<\/h2>\n\n\n\n<h3 class=\"wp-block-heading\"><strong>Verilerinizle ne yap\u0131yoruz?<\/strong><\/h3>\n\n\n\n<p>Platformlar\u0131m\u0131z\u0131 nas\u0131l kulland\u0131\u011f\u0131n\u0131z\u0131 daha iyi anlamam\u0131za yard\u0131mc\u0131 olmas\u0131 i\u00e7in bu platformlardaki faaliyetlerinizi i\u015fliyoruz. Bu da sundu\u011fumuz \u00fcr\u00fcnleri ve hizmetleri iyile\u015ftirmemize ve bunlarla ilgili bilgi sa\u011flamam\u0131za yard\u0131mc\u0131 oluyor. Bunlar\u0131n tamam\u0131 da i\u015f bulman\u0131za yard\u0131mc\u0131 olmam\u0131z\u0131 sa\u011fl\u0131yor.&nbsp;<\/p>\n\n\n\n<p>Belirli veri toplama ve payla\u015f\u0131m i\u015flemleri olmadan, Platformlar\u0131m\u0131z\u0131n ama\u00e7lar\u0131na uygun olarak \u00e7al\u0131\u015fmayabilece\u011fini hat\u0131rlatmak isteriz. Bu i\u015flemlere ki\u015fisel verilerin Platformlar genelinde veya ger\u00e7ek zamanl\u0131 olarak da \u00fc\u00e7\u00fcnc\u00fc taraf hizmet sa\u011flay\u0131c\u0131larla i\u015flenmesi, toplanmas\u0131, analiz edilmesi, depolanmas\u0131 ve payla\u015f\u0131lmas\u0131 dahildir.&nbsp;<\/p>\n\n\n\n<p>Toplanan veriler, Platformlar\u0131m\u0131zdaki her t\u00fcrl\u00fc etkile\u015fiminizi ve ileti\u015fiminizi i\u00e7erebilir. Ayn\u0131 zamanda Platformlar\u0131m\u0131zda ziyaret etti\u011finiz ve t\u0131klama, kayd\u0131rma, bekleme, imleci \u00fczerine getirme gibi i\u015flemlerde bulundu\u011funuz alanlar\u0131 veya Platformlar\u0131m\u0131zla di\u011fer etkile\u015fim kurma \u015fekillerinizi s\u0131n\u0131rlama olmadan i\u00e7erebilir. Ayr\u0131ca bu faaliyetlerden her birinin ne zaman oldu\u011funu ve ne kadar uzun s\u00fcrd\u00fc\u011f\u00fcn\u00fc de i\u00e7erebilir.&nbsp;<\/p>\n\n\n\n<p>Daha fazla bilgi edinmek i\u00e7in l\u00fctfen ilgili Platformun Gizlilik ve \u00c7erez politikalar\u0131na g\u00f6z at\u0131n.&nbsp;<\/p>\n\n\n\n<p>Platformlar\u0131m\u0131z\u0131n \u00e7al\u0131\u015fma \u015fekli bak\u0131m\u0131ndan bu i\u015flemenin kritik \u00f6neme sahip oldu\u011funu d\u00fc\u015f\u00fcn\u00fcyoruz ve \u015fu anda belirli verileri Indeed&#8217;in ba\u011fl\u0131 \u015firketlerine aktarmadan size temel \u00fcr\u00fcn ve hizmetlerimizi sa\u011flayam\u0131yoruz. Bu payla\u015fmay\u0131 nas\u0131l durdurabilece\u011finiz hakk\u0131nda bilgi edinmek i\u00e7in l\u00fctfen SSS b\u00f6l\u00fcm\u00fcm\u00fcze g\u00f6z at\u0131n.&nbsp;<\/p>\n","protected":false},"excerpt":{"rendered":"<p>UYGULAMA KULLANICILARI: Uygulamam\u0131z\u0131n kullan\u0131m\u0131, ilgili uygulama ve web sitesinin \u015eartlar\u0131na ve Gizlilik Politikas\u0131na tabidir.&nbsp; Kulland\u0131\u011f\u0131n\u0131z uygulama ile ilgili gizlilik bilgilerine eri\u015fmek i\u00e7in l\u00fctfen uygulamaya ait web sitesinin Gizlilik Politikas\u0131n\u0131 inceleyin. \u00d6rne\u011fin Indeed uygulamas\u0131n\u0131n kullan\u0131m\u0131, Indeed&#8217;in \u015eartlar\u0131na ve Gizlilik Politikas\u0131na tabidir.&nbsp; Giri\u015f Ki\u015fisel verilerinizi \u00e7ok ciddiye al\u0131yoruz&nbsp; HR Tech Gizlilik Merkezi&#8217;ne ho\u015f geldiniz. Buras\u0131, birden \u00e7ok [&hellip;]<\/p>\n","protected":false},"author":23,"featured_media":0,"parent":0,"menu_order":0,"comment_status":"closed","ping_status":"closed","template":"","meta":{"_acf_changed":false,"inline_featured_image":false,"footnotes":""},"class_list":["post-1465","page","type-page","status-publish","hentry"],"acf":[],"_links":{"self":[{"href":"https:\/\/hrtechprivacy.com\/tr\/wp-json\/wp\/v2\/pages\/1465","targetHints":{"allow":["GET"]}}],"collection":[{"href":"https:\/\/hrtechprivacy.com\/tr\/wp-json\/wp\/v2\/pages"}],"about":[{"href":"https:\/\/hrtechprivacy.com\/tr\/wp-json\/wp\/v2\/types\/page"}],"author":[{"embeddable":true,"href":"https:\/\/hrtechprivacy.com\/tr\/wp-json\/wp\/v2\/users\/23"}],"replies":[{"embeddable":true,"href":"https:\/\/hrtechprivacy.com\/tr\/wp-json\/wp\/v2\/comments?post=1465"}],"version-history":[{"count":0,"href":"https:\/\/hrtechprivacy.com\/tr\/wp-json\/wp\/v2\/pages\/1465\/revisions"}],"wp:attachment":[{"href":"https:\/\/hrtechprivacy.com\/tr\/wp-json\/wp\/v2\/media?parent=1465"}],"curies":[{"name":"wp","href":"https:\/\/api.w.org\/{rel}","templated":true}]}}