{"id":337,"date":"2019-10-16T20:30:07","date_gmt":"2019-10-16T20:30:07","guid":{"rendered":"https:\/\/hrtechprivacy.com\/?page_id=337"},"modified":"2021-11-15T15:15:46","modified_gmt":"2021-11-15T15:15:46","slug":"welcome-to-the-hr-tech-privacy-center","status":"publish","type":"page","link":"https:\/\/hrtechprivacy.com\/sv","title":{"rendered":"V\u00e4lkommen till HR Tech Sekretesscenter!"},"content":{"rendered":"\n<h2 class=\"wp-block-heading\" id=\"introduktion\">Introduktion<\/h2>\n\n\n\n<h3 class=\"wp-block-heading\">Vi tar dina personuppgifter p\u00e5 st\u00f6rsta allvar&nbsp;<\/h3>\n\n\n\n<p>V\u00e4lkommen till HR Tech Sekretesscenter \u2013 en plattform som beskriver hur olika <a href=\"https:\/\/hrtechprivacy.com\/sv\/brands\">webbplatser och varum\u00e4rken<\/a> f\u00f6r jobbs\u00f6kning och rekrytering delar data och skyddar personuppgifter. Dessa varum\u00e4rken inkluderar Indeed och Glassdoor, som tillh\u00f6r <a href=\"https:\/\/recruit-holdings.com\/\">Recruit Holdings<\/a>.<\/p>\n\n\n\n<p>Vi har utvecklat den h\u00e4r webbplatsen f\u00f6r att l\u00e5ta dig veta mer om v\u00e5ra <a href=\"https:\/\/hrtechprivacy.com\/sv\/#integritetsprinciper\" data-type=\"URL\" data-id=\"https:\/\/hrtechprivacy.com\/sv\/#integritetsprinciper\">integritetsprinciper<\/a>, hur dina data delas mellan anknutna f\u00f6retag och varf\u00f6r det \u00e4r viktigt f\u00f6r oss att tillhandah\u00e5lla denna information.&nbsp;<\/p>\n\n\n\n<p>Genom att dela data mellan webbplatser kan vi s\u00e4kerst\u00e4lla att:<\/p>\n\n\n\n<ul class=\"wp-block-list\"><li>jobbs\u00f6kare ser fler platsannonser och f\u00e5r kontakt med fler arbetsgivare<\/li><li>anv\u00e4ndartj\u00e4nsterna f\u00f6rb\u00e4ttras och personanpassas<\/li><li>s\u00e4kerheten f\u00f6r anv\u00e4ndarna f\u00f6rst\u00e4rks.<\/li><\/ul>\n\n\n\n<p>Datadelning medf\u00f6r f\u00f6rdelar f\u00f6r b\u00e5de jobbs\u00f6kare och arbetsgivare. Mer information finns <a href=\"https:\/\/hrtechprivacy.com\/sv\/#fordelarna\" data-type=\"URL\" data-id=\"https:\/\/hrtechprivacy.com\/sv\/#fordelarna\">nedan<\/a>. Du \u00e4ven l\u00e4sa svaren p\u00e5 n\u00e5gra <a href=\"https:\/\/hrtechprivacy.com\/sv\/faq\">vanliga fr\u00e5gor<\/a>.<\/p>\n\n\n\n<p>Informationen som tillhandah\u00e5lls h\u00e4r \u00e4ndrar inte hur respektive webbplats samlar in eller delar dina personuppgifter. Den processen styrs av individuella <a href=\"https:\/\/hrtechprivacy.com\/sv\/brands\">sekretess- och cookiepolicyer<\/a> f\u00f6r respektive webbplats. Om du har specifika fr\u00e5gor om en viss webbplats rekommenderar vi att du bes\u00f6ker hj\u00e4lpcentret f\u00f6r webbplatsen i fr\u00e5ga f\u00f6r mer information.<\/p>\n\n\n\n<h2 class=\"wp-block-heading\" id=\"integritetsprinciper\">V\u00e5ra integritetsprinciper<\/h2>\n\n\n\n<h3 class=\"wp-block-heading\">Ditt f\u00f6rtroende \u00e4r v\u00e5r prioritet<\/h3>\n\n\n\n<p>Oavsett om vi hj\u00e4lper dig att hitta ett jobb eller bra kandidater v\u00e4rdes\u00e4tter vi ditt f\u00f6rtroende f\u00f6r oss. F\u00f6r att bibeh\u00e5lla detta f\u00f6rtroende har vi gjort betydande investeringar f\u00f6r att skydda dina personuppgifter. Dessa \u00e5tg\u00e4rder baseras p\u00e5 v\u00e5ra integritetsprinciper:<\/p>\n\n\n\n<ul class=\"wp-block-list\"><li>Vi behandlar alla anv\u00e4ndare lika genom att erbjuda ett brett spektrum av globala sekretessr\u00e4ttigheter. Samtliga anv\u00e4ndare kan beg\u00e4ra att:<ul><li>f\u00e5 tillg\u00e5ng till sina personuppgifter<\/li><li>f\u00e5 sina personuppgifter borttagna<\/li><li>f\u00e5 sina personuppgifter i ett \u00f6verf\u00f6rbart format<\/li><li>begr\u00e4nsa eller mots\u00e4ga sig viss behandling av sina personuppgifter.<\/li><\/ul><\/li><li>Vi f\u00f6ljer en policy f\u00f6r inbyggt integritetsskydd och denna policy utg\u00f6r grunden f\u00f6r hur vi bygger och driver v\u00e5ra tj\u00e4nster.<\/li><li>Vi \u00e4r transparenta avseende vilka personuppgifter vi samlar in och hur dessa behandlas.<\/li><li>Vi s\u00e4kerst\u00e4ller att personuppgifterna vi samlar in huvudsakligen anv\u00e4nds f\u00f6r att hj\u00e4lpa v\u00e5ra jobbs\u00f6kare att hitta jobb, v\u00e5ra arbetsgivare att hitta bra kandidater och f\u00f6r att f\u00f6rb\u00e4ttra tj\u00e4nsterna vi&nbsp;tillhandah\u00e5ller dig.&nbsp;<\/li><li>Vi begr\u00e4nsar v\u00e5r insamling och lagring av personuppgifter till vad som \u00e4r tillb\u00f6rligt, relevant och n\u00f6dv\u00e4ndigt.<\/li><li>Vi ser till att dina personuppgifter \u00e4r korrekta och uppdaterade vid behov.<\/li><li>Vi behandlar dina personuppgifter genom att implementera l\u00e4mpliga s\u00e4kerhets- och sekretess\u00e5tg\u00e4rder.<\/li><li>Vi tar ansvar och demonstrerar ansvarsskyldighet i enlighet med till\u00e4mplig integritetslagstiftning.<\/li><\/ul>\n\n\n\n<h2 class=\"wp-block-heading\" id=\"fordelarna\">F\u00f6rdelarna med datadelning<\/h2>\n\n\n\n<h3 class=\"wp-block-heading\">Varf\u00f6r beh\u00f6ver ni mina data?<\/h3>\n\n\n\n<p>Datadelning erbjuder inte bara en rad f\u00f6rdelar f\u00f6r b\u00e5de jobbs\u00f6kare och arbetsgivare utan det g\u00f6r det \u00e4ven m\u00f6jligt f\u00f6r oss att f\u00f6rb\u00e4ttra tj\u00e4nsterna vi tillhandah\u00e5ller.&nbsp;<\/p>\n\n\n\n<p><strong>Datadelning inneb\u00e4r fler arbetsgivare, fler platsannonser och fler jobbs\u00f6kare<\/strong><\/p>\n\n\n\n<p>Datadelning mellan <a href=\"https:\/\/hrtechprivacy.com\/sv\/brands\">samarbetspartnernas webbplatser<\/a> medf\u00f6r att jobbs\u00f6kare f\u00e5r tillg\u00e5ng till en st\u00f6rre databas med fler platsannonser och arbetsgivare. Arbetsgivare f\u00e5r dessutom \u00e5tkomst till fler jobbs\u00f6kare. En&nbsp;webbplats kan till exempel rekommendera jobb eller arbetsgivare p\u00e5 en samarbetspartners webbplats. Datadelning underl\u00e4ttar \u00e4ven hanteringen av ans\u00f6kningar, CVs och platsannonser \u00f6ver samtliga samarbetspartners webbplatser.<\/p>\n\n\n\n<p>Webbplatserna kan ocks\u00e5 dela arbetsgivaruppgifter, s\u00e5som kontoinformation och beteendedata, f\u00f6r att skapa en b\u00e4ttre upplevelse f\u00f6r ber\u00f6rda arbetsgivare.<\/p>\n\n\n\n<p><strong>Datadelning f\u00f6rb\u00e4ttrar tj\u00e4nsterna vi erbjuder dig<\/strong><\/p>\n\n\n\n<p>Datadelning g\u00f6r det m\u00f6jligt f\u00f6r v\u00e5ra webbplatser att tillhandah\u00e5lla ett personanpassat och f\u00f6rb\u00e4ttrat inneh\u00e5ll avseende prestanda, funktioner och tj\u00e4nster.&nbsp;<\/p>\n\n\n\n<p><a href=\"https:\/\/hrtechprivacy.com\/sv\/brands\">V\u00e5ra webbplatser<\/a> kan till exempel anv\u00e4nda och dela din tidigare s\u00f6k- och webbl\u00e4sarhistorik (t.ex. jobben du klickar p\u00e5) samt ditt CV eller din profilinformation f\u00f6r att fastst\u00e4lla vilka s\u00f6kresultat som \u00e4r relevanta f\u00f6r just dig. Datadelning kan ocks\u00e5 erbjuda karri\u00e4rinblickar s\u00e5som f\u00f6retagsrecensioner, l\u00f6neuppgifter om platsannonser, intervjutips och mycket mer.&nbsp;<\/p>\n\n\n\n<p>Delning inneb\u00e4r \u00e4ven att dataanalyser, testning, unders\u00f6kningar och service f\u00f6rb\u00e4ttras \u00f6ver samtliga webbplatser.<\/p>\n\n\n\n<p><strong>Datadelning \u00f6kar anv\u00e4ndarnas s\u00e4kerhet<\/strong><\/p>\n\n\n\n<p>Genom att dela data kan v\u00e5ra webbplatser erbjuda anv\u00e4ndarna ett b\u00e4ttre skydd. Detta g\u00e4ller i synnerhet f\u00f6r v\u00e5ra samarbetspartners webbplatser och deras m\u00f6jlighet att f\u00f6rb\u00e4ttra anv\u00e4ndars\u00e4kerheten och de interna processerna. D\u00e4rtill underl\u00e4ttas fels\u00f6kning samt uppt\u00e4ckt och f\u00f6rhindrande av bedr\u00e4gerier och skr\u00e4ppost.<\/p>\n\n\n\n<h2 class=\"wp-block-heading\" id=\"registrering\">Registrering av webbplatsaktivitet<\/h2>\n\n\n\n<h3 class=\"wp-block-heading\">Hur vi hanterar dina data<\/h3>\n\n\n\n<p>Vi registrerar din aktivitet p\u00e5 v\u00e5ra <a href=\"https:\/\/hrtechprivacy.com\/sv\/brands\">samarbetspartners webbplatser<\/a> f\u00f6r att b\u00e4ttre f\u00f6rst\u00e5 hur du anv\u00e4nder dem, vilket medf\u00f6r att vi l\u00e4ttare kan f\u00f6rb\u00e4ttra och informera om v\u00e5ra produkter och tj\u00e4nster. Sammantaget inneb\u00e4r detta att det blir l\u00e4ttare f\u00f6r oss att hj\u00e4lpa dig att hitta ett jobb.&nbsp;<\/p>\n\n\n\n<p>Observera att v\u00e5ra webbplatser inte kan anv\u00e4ndas som avsett utan att samla in och dela data. Detta inbegriper behandling, insamling, analys, lagring och delning av dina data mellan ber\u00f6rda parter. Insamlade data kan inbegripa alla interaktioner och all kommunikation som du har deltagit i eller varit upphov till p\u00e5 v\u00e5ra webbplatser. Inklusive, men inte begr\u00e4nsat till, de delar p\u00e5 v\u00e5ra samarbetspartners webbplatser d\u00e4r du klickar, bl\u00e4ddrar, hovrar, muspekar eller p\u00e5 n\u00e5got annat vis interagerar med webbplatsen. Informationen kan \u00e4ven inkludera n\u00e4r och hur l\u00e4nge respektive aktivitet p\u00e5gick.&nbsp;<\/p>\n\n\n\n<p>Dessa data \u00e4r n\u00f6dv\u00e4ndiga f\u00f6r att kunna driva webbplatserna, vilket inneb\u00e4r att du m\u00e5ste sluta anv\u00e4nda v\u00e5ra webbplatser om du inte vill att din aktivitet ska samlas in, behandlas, analyseras eller delas p\u00e5 detta s\u00e4tt.<\/p>\n","protected":false},"excerpt":{"rendered":"<p>Introduktion Vi tar dina personuppgifter p\u00e5 st\u00f6rsta allvar&nbsp; V\u00e4lkommen till HR Tech Sekretesscenter \u2013 en plattform som beskriver hur olika webbplatser och varum\u00e4rken f\u00f6r jobbs\u00f6kning och rekrytering delar data och skyddar personuppgifter. Dessa varum\u00e4rken inkluderar Indeed och Glassdoor, som tillh\u00f6r Recruit Holdings. Vi har utvecklat den h\u00e4r webbplatsen f\u00f6r att l\u00e5ta dig veta mer om [&hellip;]<\/p>\n","protected":false},"author":13,"featured_media":0,"parent":0,"menu_order":0,"comment_status":"closed","ping_status":"closed","template":"","meta":{"_acf_changed":false,"inline_featured_image":false,"footnotes":""},"class_list":["post-337","page","type-page","status-publish","hentry"],"acf":[],"_links":{"self":[{"href":"https:\/\/hrtechprivacy.com\/sv\/wp-json\/wp\/v2\/pages\/337","targetHints":{"allow":["GET"]}}],"collection":[{"href":"https:\/\/hrtechprivacy.com\/sv\/wp-json\/wp\/v2\/pages"}],"about":[{"href":"https:\/\/hrtechprivacy.com\/sv\/wp-json\/wp\/v2\/types\/page"}],"author":[{"embeddable":true,"href":"https:\/\/hrtechprivacy.com\/sv\/wp-json\/wp\/v2\/users\/13"}],"replies":[{"embeddable":true,"href":"https:\/\/hrtechprivacy.com\/sv\/wp-json\/wp\/v2\/comments?post=337"}],"version-history":[{"count":0,"href":"https:\/\/hrtechprivacy.com\/sv\/wp-json\/wp\/v2\/pages\/337\/revisions"}],"wp:attachment":[{"href":"https:\/\/hrtechprivacy.com\/sv\/wp-json\/wp\/v2\/media?parent=337"}],"curies":[{"name":"wp","href":"https:\/\/api.w.org\/{rel}","templated":true}]}}