{"id":458,"date":"2019-10-25T13:59:18","date_gmt":"2019-10-25T13:59:18","guid":{"rendered":"https:\/\/hrtechprivacy.com\/?page_id=458"},"modified":"2021-10-29T19:54:00","modified_gmt":"2021-10-29T19:54:00","slug":"frequently-asked-questions","status":"publish","type":"page","link":"https:\/\/hrtechprivacy.com\/ro\/frequently-asked-questions","title":{"rendered":"\u00centreb\u0103ri frecvente"},"content":{"rendered":"\n<h2 class=\"wp-block-heading\" id=\"partajarea\">Partajarea datelor cu caracter personal<\/h2>\n\n\n\n<h3 class=\"wp-block-heading\"><strong>Ce date cu caracter personal sunt partajate \u00eentre site-uri?<\/strong><\/h3>\n\n\n\n<p>Datele cu caracter personal partajate sunt determinate de <a href=\"https:\/\/hrtechprivacy.com\/ro\/brands\">Politicile de confiden\u021bialitate \u0219i cookie-uri<\/a> ale site-urilor pe care le utiliza\u021bi.&nbsp;<\/p>\n\n\n\n<p>Datele cu caracter personal partajate depind de interac\u021biunile dvs. cu site-urile \u00een timpul activit\u0103\u021bilor de c\u0103utare a unui loc de munc\u0103 \u0219i de depunere a candidaturii. Acestea pot include numele \u0219i prenumele, numele de utilizator, adresa de e-mail, num\u0103rul de telefon, informa\u021bii despre CV\/profil, adresa IP, ID-ul agentului publicitar, r\u0103spunsuri la eventualele \u00eentreb\u0103ri de screening ale angajatorului, post\u0103ri de locuri de munc\u0103, notific\u0103ri legate de locuri de munc\u0103, progresul candidaturii, precum \u0219i activit\u0103\u021bile de c\u0103utare, clicuri \u0219i sesiuni ale utilizatorilor pe site-uri.<\/p>\n\n\n\n<h3 class=\"wp-block-heading\"><strong>De ce sunt partajate datele mele cu caracter personal \u00een acest fel?<\/strong><\/h3>\n\n\n\n<p>Datele cu caracter personal sunt partajate din mai multe motive, \u0219i anume:&nbsp;<\/p>\n\n\n\n<ul class=\"wp-block-list\"><li>pentru a pune \u00een leg\u0103tur\u0103 mai mul\u021bi solicitan\u021bi cu mai multe post\u0103ri de locuri de munc\u0103 \u0219i mai mul\u021bi angajatori<\/li><li>pentru a \u00eembun\u0103t\u0103\u021bi serviciile pe care vi le oferim&nbsp;<\/li><li>pentru a le asigura utilizatorilor un nivel de securitate mai ridicat<\/li><\/ul>\n\n\n\n<p>Ave\u021bi la dispozi\u021bie mai multe detalii cu privire la <a href=\"https:\/\/hrtechprivacy.com\/ro\/#beneficiile\" data-type=\"URL\" data-id=\"https:\/\/hrtechprivacy.com\/ro\/#beneficiile\">beneficiile partaj\u0103rii de date<\/a>.<\/p>\n\n\n\n<h3 class=\"wp-block-heading\"><strong>C\u00e2nd sunt partajate datele mele \u0219i cum se realizeaz\u0103 partajarea?<\/strong><\/h3>\n\n\n\n<p>Momentul \u0219i modul \u00een care sunt partajate datele dvs. cu caracter personal depind de site, de tipul de date partajate \u0219i de ac\u021biunile pe care le \u00eentreprinde\u021bi pe <a href=\"https:\/\/hrtechprivacy.com\/ro\/brands\">site-urile afiliate<\/a>. Majoritatea opera\u021biunilor de partajare de date au loc atunci c\u00e2nd exist\u0103 un interes comercial \u00een acest sens sau pentru a ne \u00eembun\u0103t\u0103\u021bi serviciile, a\u0219a cum se arat\u0103 \u00een sec\u021biunea privind <a href=\"https:\/\/hrtechprivacy.com\/ro\/#beneficiile\" data-type=\"URL\" data-id=\"https:\/\/hrtechprivacy.com\/ro\/#beneficiile\">beneficiile partaj\u0103rii de date<\/a>.&nbsp;<\/p>\n\n\n\n<p>De exemplu, site-urile noastre pot utiliza \u0219i partaja istoricul dvs. de c\u0103utare \u0219i navigare anterior (de ex., locurile de munc\u0103 pe care face\u021bi clic) \u0219i informa\u021biile din CV-ul sau profilul dvs., pentru a v\u0103 oferi rezultate relevante pentru c\u0103ut\u0103ri \u0219i alerte de locuri de munc\u0103. Anumite ac\u021biuni pot conduce automat la partajarea de date, cum ar fi deschiderea unui cont pe unul dintre site-urile noastre afiliate.<\/p>\n\n\n\n<h3 class=\"wp-block-heading\"><strong>Cum pot evita ca datele mele cu caracter personal s\u0103 fie partajate \u00een acest mod?<\/strong><\/h3>\n\n\n\n<p>\u00cencerc\u0103m s\u0103 \u021binem cont de preferin\u021bele dvs. \u00eentr-o m\u0103sur\u0103 c\u00e2t mai mare. Dac\u0103 nu dori\u021bi ca informa\u021biile dvs. s\u0103 fie partajate \u00een acest mod, \u00een func\u021bie de site, pute\u021bi solicita \u0219tergerea contului sau a datelor cu caracter personal sau pute\u021bi solicita ca datele dvs. s\u0103 nu fie partajate \u00een acest mod, p\u0103str\u00e2ndu-v\u0103 contul. Aceste op\u021biuni pot fi solicitate urm\u00e2nd instruc\u021biunile din <a href=\"https:\/\/hrtechprivacy.com\/ro\/brands\">Politica de confiden\u021bialitate<\/a> a site-urilor pe care le-a\u021bi utilizat.<\/p>\n\n\n\n<h2 class=\"wp-block-heading\" id=\"centrul-de-confidentialitate\">Centrul de confiden\u021bialitate HR Tech \u0219i site-urile afiliate<\/h2>\n\n\n\n<h3 class=\"wp-block-heading\"><strong>Lansarea Centrului de confiden\u021bialitate HR Tech presupune vreo schimbare a modului \u00een care sunt utilizate datele mele cu caracter personal?<\/strong><\/h3>\n\n\n\n<p>Nu, aceast\u0103 lansare nu duce la nicio modificare a modului \u00een care vor fi utilizate datele dvs. cu caracter personal. Scopul Centrului este s\u0103 v\u0103 ofere mai mult\u0103 transparen\u021b\u0103 cu privire la partajarea datelor care are loc \u00eentre <a href=\"https:\/\/hrtechprivacy.com\/ro\/brands\">site-urile afiliate<\/a>.<\/p>\n\n\n\n<h3 class=\"wp-block-heading\"><strong>Aceasta \u00eenseamn\u0103 c\u0103 toate datele mele vor fi acum partajate cu toate site-urile afiliate, f\u0103r\u0103 nicio restric\u021bie?<\/strong><\/h3>\n\n\n\n<p>Nu, partajarea datelor dvs. cu caracter personal intr\u0103 sub inciden\u021ba prevederilor <a href=\"https:\/\/hrtechprivacy.com\/ro\/brands\">Politicilor de confiden\u021bialitate \u0219i cookie-uri<\/a> ale site-urilor pe care le-a\u021bi folosit. V\u0103 recomand\u0103m s\u0103 consulta\u021bi aceste prevederi, pentru a le \u00een\u021belege c\u00e2t mai bine. A\u0219a cum s-a men\u021bionat mai sus, lansarea Centrului este axat\u0103 \u00een principal pe asigurarea unei transparen\u021be sporite cu privire la partajarea de date prezentat\u0103 \u00een detaliu \u00een <a href=\"https:\/\/hrtechprivacy.com\/ro\/brands\">Politicile de confiden\u021bialitate \u0219i de cookie-uri<\/a> ale site-urilor pe care le-a\u021bi utilizat.<\/p>\n\n\n\n<h3 class=\"wp-block-heading\"><strong>Cum gestioneaz\u0103 site-urile partajarea datelor mele cu caracter personal cu site-urile afiliate?<\/strong><\/h3>\n\n\n\n<p>Folosim diferite metode legale pentru a ne asigura c\u0103 sunt aplicate m\u0103suri de protec\u021bie adecvate pentru aceast\u0103 partajare. Aceasta poate include una sau o combina\u021bie de m\u0103suri. Exemplele de m\u0103suri utilizate pot include <a href=\"https:\/\/ec.europa.eu\/info\/law\/law-topic\/data-protection\/international-dimension-data-protection\/standard-contractual-clauses-scc_en\">clauze contractuale standard<\/a>, <a href=\"https:\/\/www.privacyshield.gov\/welcome\">Scutul de protec\u021bie a confiden\u021bialit\u0103\u021bii UE-SUA<\/a>, <a href=\"https:\/\/www.privacyshield.gov\/article?id=10-Obligatory-Contracts-for-Onward-Transfers\">acorduri de transferuri ulterioare<\/a> sau alte mecanisme, dup\u0103 cum consider\u0103m adecvat pentru a proteja \u00een mod adecvat transferurile de date cu caracter personal.&nbsp;<\/p>\n\n\n\n<h3 class=\"wp-block-heading\"><strong>Cine este operatorul datelor mele cu caracter personal?<\/strong><\/h3>\n\n\n\n<p>Operatorul datelor dvs. cu caracter personal este specificat \u00een <a href=\"https:\/\/hrtechprivacy.com\/ro\/brands\">Politica de confiden\u021bialitate<\/a> a site-ului pe care l-a\u021bi utilizat.&nbsp;<\/p>\n\n\n\n<h3 class=\"wp-block-heading\"><strong>Care este punctul de vedere al site-urilor \u00een ceea ce prive\u0219te confiden\u021bialitatea?<\/strong><\/h3>\n\n\n\n<p>Site-urile HR Tech trateaz\u0103 datele cu caracter personal ale utilizatorilor cu toat\u0103 seriozitatea. Investim resurse semnificative \u00een eforturile noastre de a v\u0103 proteja datele cu caracter personal \u0219i ne str\u0103duim s\u0103 respect\u0103m regulile de confiden\u021bialitate aplicabile. Apreciem enorm faptul c\u0103 solicitan\u021bii au \u00eencredere c\u0103 \u00eei vom ajuta s\u0103 g\u0103seasc\u0103 un loc de munc\u0103, iar angajatorii, c\u0103 \u00eei vom ajuta s\u0103 g\u0103seasc\u0103 cei mai buni candida\u021bi. V\u0103 rug\u0103m s\u0103 consulta\u021bi <a href=\"https:\/\/hrtechprivacy.com\/ro\/#valorile\" data-type=\"URL\" data-id=\"https:\/\/hrtechprivacy.com\/ro\/#valorile\">Valorile noastre privind confiden\u021bialitatea<\/a>.&nbsp;<\/p>\n\n\n\n<h3 class=\"wp-block-heading\"><strong>\u00cen ce limb\u0103 este disponibil\u0103 politica de confiden\u021bialitate sau de cookie-uri a fiec\u0103rui site?<\/strong><\/h3>\n\n\n\n<p><a href=\"https:\/\/hrtechprivacy.com\/ro\/brands\">Politica de confiden\u021bialitate \u0219i de cookie-uri<\/a> a site-ului este disponibil\u0103 \u00een limbile locale ale pie\u021belor vizate de site-ul respectiv. Dac\u0103 politica de confiden\u021bialitate sau de cookie-uri a unui site nu este disponibil\u0103 \u00eentr-o anumit\u0103 limb\u0103, \u00eenseamn\u0103 c\u0103 site-ul respectiv nu se adreseaz\u0103 \u00eenc\u0103 utilizatorilor de pe pie\u021bele \u00een care se vorbe\u0219te limba respectiv\u0103.<\/p>\n\n\n\n<h2 class=\"wp-block-heading\" id=\"drepturile-dvs\">Drepturile dvs. privind confiden\u021bialitatea<\/h2>\n\n\n\n<h3 class=\"wp-block-heading\"><strong>Ce drepturi de confiden\u021bialitate am pe site-urile afiliate?<\/strong><\/h3>\n\n\n\n<p>Ne str\u0103duim s\u0103 ne trat\u0103m to\u021bi utilizatorii \u00een mod egal, oferind o gam\u0103 larg\u0103 de drepturi de confiden\u021bialitate tuturor utilizatorilor, din toat\u0103 lumea. Aceasta \u00eenseamn\u0103 c\u0103 orice utilizator al site-ului, indiferent de loca\u021bia sa, poate contacta un site pentru a ob\u021bine:<\/p>\n\n\n\n<ul class=\"wp-block-list\"><li>accesul la datele sale cu caracter personal<\/li><li>\u0219tergerea datelor cu caracter personal<\/li><li>o versiune portabil\u0103 a datelor sale cu caracter personal<\/li><li>restric\u021bionarea anumitor prelucr\u0103ri ale datelor sale cu caracter personal \u0219i formularea de obiec\u021bii cu privire la aceste prelucr\u0103ri<\/li><\/ul>\n\n\n\n<h3 class=\"wp-block-heading\"><strong>Cum \u00eemi pot exercita drepturile de confiden\u021bialitate?<\/strong><\/h3>\n\n\n\n<p>V\u0103 pute\u021bi exercita drepturile de confiden\u021bialitate consult\u00e2nd <a href=\"https:\/\/hrtechprivacy.com\/ro\/brands\">Politica de confiden\u021bialitate<\/a> a site-ului pe care l-a\u021bi utilizat \u0219i urm\u00e2nd instruc\u021biunile specificate \u00een aceasta.<\/p>\n\n\n\n<h3 class=\"wp-block-heading\"><strong>Ce m\u0103suri de securitate sunt adoptate de site-uri?<\/strong><\/h3>\n\n\n\n<p>Trat\u0103m cu toat\u0103 seriozitatea securitatea datelor dvs. cu caracter personal \u0219i am dedicat resurse semnificative pentru aceasta. Utiliz\u0103m diverse practici cu scopul de a preveni accesul neautorizat, dezv\u0103luirea, distrugerea sau pierderea accidental\u0103. Aceste practici vor varia \u00een func\u021bie de natura datelor, de contextul prelucr\u0103rii, de riscurile implicate \u0219i de tehnologia disponibil\u0103.&nbsp;<\/p>\n\n\n\n<p>Utiliz\u0103m o serie de m\u0103suri de securitate pentru a v\u0103 proteja datele cu caracter personal, adopt\u00e2nd o abordare bazat\u0103 pe riscuri, inclusiv acolo unde este cazul:<\/p>\n\n\n\n<ul class=\"wp-block-list\"><li>pseudonimizarea selectiv\u0103 \u0219i criptarea datelor cu caracter personal<\/li><li>proiectarea sistemelor interne pentru a proteja confiden\u021bialitatea, integritatea, disponibilitatea \u0219i rezisten\u021ba sistemelor \u0219i serviciilor noastre de prelucrare<\/li><li>utilizarea sistemelor \u0219i proceselor concepute pentru a ne oferi capacitatea de a restabili disponibilitatea \u0219i accesul la datele cu caracter personal p\u0103strate de noi \u00een timp util, \u00een cazul unui incident fizic sau tehnic<\/li><li>testarea periodic\u0103, estimarea \u0219i evaluarea eficacit\u0103\u021bii m\u0103surilor de securitate ale site-urilor<\/li><\/ul>\n\n\n\n<h3 class=\"wp-block-heading\"><strong>Ce m\u0103suri pot lua, \u00een calitate de angajator, pentru a asigura securitatea contului meu?<\/strong><\/h3>\n\n\n\n<p>Pentru sugestii cu privire la modalit\u0103\u021bile optime de a asigura securitatea contului dvs. de angajator, consulta\u021bi <a href=\"https:\/\/ro.indeed.com\/security\">pagina noastr\u0103 cu privire la securitate<\/a>.<\/p>\n","protected":false},"excerpt":{"rendered":"<p>Partajarea datelor cu caracter personal Ce date cu caracter personal sunt partajate \u00eentre site-uri? Datele cu caracter personal partajate sunt determinate de Politicile de confiden\u021bialitate \u0219i cookie-uri ale site-urilor pe care le utiliza\u021bi.&nbsp; Datele cu caracter personal partajate depind de interac\u021biunile dvs. cu site-urile \u00een timpul activit\u0103\u021bilor de c\u0103utare a unui loc de munc\u0103 \u0219i [&hellip;]<\/p>\n","protected":false},"author":13,"featured_media":0,"parent":0,"menu_order":0,"comment_status":"closed","ping_status":"closed","template":"","meta":{"_acf_changed":false,"inline_featured_image":false,"footnotes":""},"class_list":["post-458","page","type-page","status-publish","hentry"],"acf":[],"_links":{"self":[{"href":"https:\/\/hrtechprivacy.com\/ro\/wp-json\/wp\/v2\/pages\/458","targetHints":{"allow":["GET"]}}],"collection":[{"href":"https:\/\/hrtechprivacy.com\/ro\/wp-json\/wp\/v2\/pages"}],"about":[{"href":"https:\/\/hrtechprivacy.com\/ro\/wp-json\/wp\/v2\/types\/page"}],"author":[{"embeddable":true,"href":"https:\/\/hrtechprivacy.com\/ro\/wp-json\/wp\/v2\/users\/13"}],"replies":[{"embeddable":true,"href":"https:\/\/hrtechprivacy.com\/ro\/wp-json\/wp\/v2\/comments?post=458"}],"version-history":[{"count":0,"href":"https:\/\/hrtechprivacy.com\/ro\/wp-json\/wp\/v2\/pages\/458\/revisions"}],"wp:attachment":[{"href":"https:\/\/hrtechprivacy.com\/ro\/wp-json\/wp\/v2\/media?parent=458"}],"curies":[{"name":"wp","href":"https:\/\/api.w.org\/{rel}","templated":true}]}}