{"id":335,"date":"2019-10-16T20:29:41","date_gmt":"2019-10-16T20:29:41","guid":{"rendered":"https:\/\/hrtechprivacy.com\/?page_id=335"},"modified":"2021-11-15T15:25:58","modified_gmt":"2021-11-15T15:25:58","slug":"welcome-to-the-hr-tech-privacy-center","status":"publish","type":"page","link":"https:\/\/hrtechprivacy.com\/ro","title":{"rendered":"Bine a\u021bi venit la Centrul de confiden\u021bialitate HR Tech!"},"content":{"rendered":"\n<h2 class=\"wp-block-heading\" id=\"introducere\">Introducere<\/h2>\n\n\n\n<h3 class=\"wp-block-heading\">Trat\u0103m datele dvs. cu caracter personal cu toat\u0103 seriozitatea&nbsp;<\/h3>\n\n\n\n<p>Bine a\u021bi venit la centrul de confiden\u021bialitate HR Tech \u2013 o platform\u0103 pe care v\u0103 prezent\u0103m \u00een detaliu modul \u00een care mai multe site-uri <a href=\"https:\/\/hrtechprivacy.com\/ro\/brands\">\u0219i m\u0103rci<\/a> de c\u0103utare de locuri de munc\u0103 \u0219i de recrutare partajeaz\u0103 date \u0219i asigur\u0103 confiden\u021bialitatea. Aceste m\u0103rci includ nume precum Indeed \u0219i Glassdoor \u0219i toate fac parte din <a href=\"https:\/\/recruit-holdings.com\/\">Recruit Holdings<\/a>.<\/p>\n\n\n\n<p>Am creat acest site pentru ca dvs. s\u0103 afla\u021bi mai multe despre <a href=\"https:\/\/hrtechprivacy.com\/ro\/#valorile\" data-type=\"URL\" data-id=\"https:\/\/hrtechprivacy.com\/ro\/#valorile\">valorile noastre legate de confiden\u021bialitate<\/a>, despre modul \u00een care sunt partajate datele dvs. \u00eentre aceste companii afiliate \u0219i despre motivul pentru care partajarea acestora de c\u0103tre noi este important\u0103.&nbsp;<\/p>\n\n\n\n<p>Partajarea datelor \u00eentre site-uri ne permite:<\/p>\n\n\n\n<ul class=\"wp-block-list\"><li>s\u0103 punem \u00een leg\u0103tur\u0103 solicitan\u021bii cu mai multe post\u0103ri de locuri de munc\u0103 \u0219i mai mul\u021bi angajatori<\/li><li>s\u0103 ne \u00eembun\u0103t\u0103\u021bim \u0219i s\u0103 personaliz\u0103m serviciile oferite utilizatorilor<\/li><li>s\u0103 le oferim utilizatorilor un nivel mai ridicat de securitate<\/li><\/ul>\n\n\n\n<p>Partajarea datelor este benefic\u0103 at\u00e2t pentru solicitan\u021bii de locuri de munc\u0103, c\u00e2t \u0219i pentru angajatori. Pute\u021bi afla mai multe detalii <a href=\"https:\/\/hrtechprivacy.com\/ro\/#beneficiile\" data-type=\"URL\" data-id=\"https:\/\/hrtechprivacy.com\/ro\/#beneficiile\">mai jos<\/a> sau consulta r\u0103spunsurile la unele dintre <a href=\"https:\/\/hrtechprivacy.com\/ro\/faq\">\u00eentreb\u0103rile frecvente<\/a>.<\/p>\n\n\n\n<p>Informa\u021biile furnizate \u00een aceast\u0103 sec\u021biune nu influen\u021beaz\u0103 modul \u00een care fiecare dintre site-uri colecteaz\u0103 sau partajeaz\u0103 datele dvs. cu caracter personal. Aceste ac\u021biuni intr\u0103 sub inciden\u021ba prevederilor din <a href=\"https:\/\/hrtechprivacy.com\/ro\/brands\">politica individual\u0103 privind confiden\u021bialitatea \u0219i cookie-urile<\/a> a fiec\u0103rui site. Dac\u0103 ave\u021bi \u00eentreb\u0103ri specifice cu privire la un anumit site, v\u0103 recomand\u0103m s\u0103 accesa\u021bi Centrul de ajutor al site-ului respectiv pentru informa\u021bii suplimentare.<\/p>\n\n\n\n<h2 class=\"wp-block-heading\" id=\"valorile\">Valorile noastre privind confiden\u021bialitatea<\/h2>\n\n\n\n<h3 class=\"wp-block-heading\">\u00cencrederea dvs. are prioritate pentru noi<\/h3>\n\n\n\n<p>Indiferent dac\u0103 v\u0103 ajut\u0103m s\u0103 g\u0103si\u021bi locuri de munc\u0103 sau candida\u021bi excelen\u021bi, apreciem \u00eencrederea pe care ne-o acorda\u021bi. Pentru ca s\u0103 continua\u021bi s\u0103 ave\u021bi \u00eencredere \u00een noi, facem investi\u021bii semnificative pentru a v\u0103 proteja datele cu caracter personal. Valorile noastre privind confiden\u021bialitatea sunt elementele care ghideaz\u0103 aceste eforturi.<\/p>\n\n\n\n<ul class=\"wp-block-list\"><li>\u00cei trat\u0103m pe utilizatori \u00een mod egal, oferind o gam\u0103 larg\u0103 de drepturi generale de confiden\u021bialitate. Orice utilizator ne poate solicita:<ul><li>accesul la datele sale cu caracter personal<\/li><li>\u0219tergerea datelor sale cu caracter personal<\/li><li>o versiune portabil\u0103 a datelor sale cu caracter personal<\/li><li>restric\u021bionarea anumitor prelucr\u0103ri ale datelor sale cu caracter personal \u0219i formularea de obiec\u021bii cu privire la aceste prelucr\u0103ri<\/li><\/ul><\/li><li>Ader\u0103m la o politic\u0103 de confiden\u021bialitate implicit\u0103, care influen\u021beaz\u0103 felul \u00een care furniz\u0103m serviciile noastre.<\/li><li>D\u0103m dovad\u0103 de transparen\u021b\u0103 \u00een ceea ce prive\u0219te datele cu caracter personal colectate \u0219i modul \u00een care sunt prelucrate.<\/li><li>Ne asigur\u0103m c\u0103 datele cu caracter personal colectate vor fi utilizate, \u00een principal, cu scopul de a ajuta solicitan\u021bii s\u0103 g\u0103seasc\u0103 un loc de munc\u0103 \u0219i angajatorii s\u0103 g\u0103seasc\u0103 cei mai buni candida\u021bi, precum \u0219i pentru a \u00eembun\u0103t\u0103\u021bi serviciile pe care vi le oferim.&nbsp;<\/li><li>Limit\u0103m colectarea \u0219i stocarea datelor dvs. cu caracter personal la ceea ce este adecvat, relevant \u0219i necesar,<\/li><li>Men\u021binem datele dvs. cu caracter personal corecte \u0219i actualizate, dac\u0103 este cazul.<\/li><li>Prelucr\u0103m datele dvs. cu caracter personal aplic\u00e2nd m\u0103suri adecvate de securitate \u0219i confiden\u021bialitate.<\/li><li>D\u0103m dovad\u0103 de sim\u021b de r\u0103spundere \u00een conformitate cu legisla\u021bia \u00een vigoare privind confiden\u021bialitatea.<\/li><\/ul>\n\n\n\n<h2 class=\"wp-block-heading\" id=\"beneficiile\">Beneficiile partaj\u0103rii de date<\/h2>\n\n\n\n<h3 class=\"wp-block-heading\">De ce ave\u021bi nevoie de datele mele?<\/h3>\n\n\n\n<p>Partajarea de date ofer\u0103 o serie de beneficii at\u00e2t solicitan\u021bilor de locuri de munc\u0103, c\u00e2t \u0219i angajatorilor \u0219i ne permite s\u0103 ne \u00eembun\u0103t\u0103\u021bim serviciile pe care vi le oferim.&nbsp;<\/p>\n\n\n\n<p><strong>Partajarea de date \u00eenseamn\u0103 mai mul\u021bi angajatori, mai multe post\u0103ri de locuri de munc\u0103 \u0219i mai mul\u021bi solicitan\u021bi de locuri de munc\u0103<\/strong><\/p>\n\n\n\n<p>Partajarea de date \u00eentre <a href=\"https:\/\/hrtechprivacy.com\/ro\/brands\">site-urile afiliate<\/a> le permite solicitan\u021bilor de locuri de munc\u0103 s\u0103 aib\u0103 acces la o baz\u0103 de date mai mare de post\u0103ri de locuri de munc\u0103 \u0219i de angajatori. De asemenea, aceasta este util\u0103 \u0219i pentru angajatori, care vor avea acces la mai mul\u021bi solicitan\u021bi de locuri de munc\u0103. De exemplu, unul dintre site-uri poate recomanda locuri de munc\u0103 sau angajatori unui alt site afiliat. De asemenea, aceasta poate fi util\u0103 pentru candidaturi, CV-uri \u0219i post\u0103ri de locuri de munc\u0103, care sunt vizibile astfel pe toate site-urile afiliate.<\/p>\n\n\n\n<p>Site-urile pot partaja \u0219i datele angajatorilor, cum ar fi informa\u021bii cu privire la cont \u0219i date legate de comportament, pentru a le oferi respectivilor angajatori o experien\u021b\u0103 mai bun\u0103.<\/p>\n\n\n\n<p><strong>Partajarea datelor \u00eembun\u0103t\u0103\u021be\u0219te calitatea serviciilor pe care vi le oferim<\/strong><\/p>\n\n\n\n<p>Cu ajutorul partaj\u0103rii de date, site-urile noastre ofer\u0103 con\u021binuturi, performan\u021b\u0103, caracteristici \u0219i servicii personalizate \u0219i \u00eembun\u0103t\u0103\u021bite.&nbsp;<\/p>\n\n\n\n<p>De exemplu, <a href=\"https:\/\/hrtechprivacy.com\/ro\/brands\">site-urile noastre<\/a> pot utiliza \u0219i partaja istoricul dvs. de c\u0103utare \u0219i navigare anterior (de ex., locurile de munc\u0103 pe care face\u021bi clic) \u0219i informa\u021biile din CV-ul sau profilul dvs., pentru a v\u0103 oferi rezultate relevante pentru c\u0103ut\u0103ri \u0219i alerte de locuri de munc\u0103. Partajarea de date poate furniza informa\u021bii privind cariera, cum ar fi evalu\u0103ri de companii, date privind salariile pentru post\u0103rile de locuri de munc\u0103, sfaturi pentru interviu \u0219i multe altele.&nbsp;<\/p>\n\n\n\n<p>Partajarea ajut\u0103 \u0219i la \u00eembun\u0103t\u0103\u021birea analizei datelor, la testarea, cercetarea \u0219i \u00eembun\u0103t\u0103\u021birea serviciilor furnizate prin intermediul site-urilor noastre.<\/p>\n\n\n\n<p><strong>Partajarea datelor garanteaz\u0103 un nivel mai ridicat de securitate<\/strong><\/p>\n\n\n\n<p>Partajarea datelor permite site-urilor noastre s\u0103-\u0219i protejeze mai bine utilizatorii. Aceasta permite \u00een special site-urilor afiliate s\u0103-\u0219i \u00eembun\u0103t\u0103\u021beasc\u0103 nivelul de securitate oferit utilizatorilor \u0219i opera\u021biunile interne. De asemenea, aceasta faciliteaz\u0103 opera\u021biunile de depanare, precum \u0219i detectarea \u0219i prevenirea fraudei \u0219i a spamului.<\/p>\n\n\n\n<h2 class=\"wp-block-heading\" id=\"inregistrarea\">\u00cenregistrarea activit\u0103\u021bii pe site<\/h2>\n\n\n\n<h3 class=\"wp-block-heading\">Ce facem cu datele dvs.<\/h3>\n\n\n\n<p>Prelucr\u0103m date legate de activitatea dvs. pe <a href=\"https:\/\/hrtechprivacy.com\/ro\/brands\">site-urile afiliate<\/a> pentru a \u00een\u021belege mai bine modul \u00een care le utiliza\u021bi. Aceasta ne ajut\u0103 s\u0103 fim mai buni \u0219i s\u0103 v\u0103 oferim produse \u0219i servicii adaptate nevoilor dvs. Toate aceste aspecte v\u0103 ajut\u0103 s\u0103 g\u0103si\u021bi locuri de munc\u0103.&nbsp;<\/p>\n\n\n\n<p>Este important s\u0103 re\u021bine\u021bi c\u0103 site-urile noastre nu pot func\u021biona corespunz\u0103tor f\u0103r\u0103 colectarea \u0219i partajarea de date indicate mai sus. Acestea includ prelucrarea, colectarea, analiza, stocarea \u0219i partajarea datelor dvs. \u00eentre site-uri. Datele colectate pot include toate interac\u021biunile \u0219i comunic\u0103rile dvs. realizate prin intermediul site-urilor noastre. De asemenea, acestea pot include, f\u0103r\u0103 limitare, sec\u021biunile site-urilor afiliate pe care le vizita\u021bi \u0219i \u00een care face\u021bi clic, pe care le derula\u021bi, peste care trece\u021bi cu mouse-ul sau cu care interac\u021biona\u021bi \u00een alt mod pe site-urile noastre. Datele pot include \u0219i momentul \u00een care are loc fiecare activitate \u0219i durata acesteia.&nbsp;<\/p>\n\n\n\n<p>Deoarece acest aspect este esen\u021bial pentru modul \u00een care func\u021bioneaz\u0103 site-urile noastre, dac\u0103 nu dori\u021bi ca informa\u021biile cu privire la ac\u021biunile dvs. s\u0103 fie colectate, prelucrate, analizate sau partajate \u00een acest mod, va trebui s\u0103 \u00eenceta\u021bi s\u0103 utiliza\u021bi site-urile noastre.<\/p>\n","protected":false},"excerpt":{"rendered":"<p>Introducere Trat\u0103m datele dvs. cu caracter personal cu toat\u0103 seriozitatea&nbsp; Bine a\u021bi venit la centrul de confiden\u021bialitate HR Tech \u2013 o platform\u0103 pe care v\u0103 prezent\u0103m \u00een detaliu modul \u00een care mai multe site-uri \u0219i m\u0103rci de c\u0103utare de locuri de munc\u0103 \u0219i de recrutare partajeaz\u0103 date \u0219i asigur\u0103 confiden\u021bialitatea. Aceste m\u0103rci includ nume precum [&hellip;]<\/p>\n","protected":false},"author":13,"featured_media":0,"parent":0,"menu_order":0,"comment_status":"closed","ping_status":"closed","template":"","meta":{"_acf_changed":false,"inline_featured_image":false,"footnotes":""},"class_list":["post-335","page","type-page","status-publish","hentry"],"acf":[],"_links":{"self":[{"href":"https:\/\/hrtechprivacy.com\/ro\/wp-json\/wp\/v2\/pages\/335","targetHints":{"allow":["GET"]}}],"collection":[{"href":"https:\/\/hrtechprivacy.com\/ro\/wp-json\/wp\/v2\/pages"}],"about":[{"href":"https:\/\/hrtechprivacy.com\/ro\/wp-json\/wp\/v2\/types\/page"}],"author":[{"embeddable":true,"href":"https:\/\/hrtechprivacy.com\/ro\/wp-json\/wp\/v2\/users\/13"}],"replies":[{"embeddable":true,"href":"https:\/\/hrtechprivacy.com\/ro\/wp-json\/wp\/v2\/comments?post=335"}],"version-history":[{"count":0,"href":"https:\/\/hrtechprivacy.com\/ro\/wp-json\/wp\/v2\/pages\/335\/revisions"}],"wp:attachment":[{"href":"https:\/\/hrtechprivacy.com\/ro\/wp-json\/wp\/v2\/media?parent=335"}],"curies":[{"name":"wp","href":"https:\/\/api.w.org\/{rel}","templated":true}]}}