{"id":611,"date":"2019-10-28T20:34:54","date_gmt":"2019-10-28T20:34:54","guid":{"rendered":"https:\/\/hrtechprivacy.com\/?page_id=611"},"modified":"2023-06-14T15:01:40","modified_gmt":"2023-06-14T15:01:40","slug":"centro-de-privacidade-hr-tech","status":"publish","type":"page","link":"https:\/\/hrtechprivacy.com\/pt","title":{"rendered":"Bem-vindo ao Centro de Privacidade da HR Tech"},"content":{"rendered":"\n<p>USU\u00c1RIOS DO APLICATIVO: o uso do nosso aplicativo est\u00e1 sujeito aos Termos e \u00e0 Pol\u00edtica de Privacidade do aplicativo e site.\u00a0<\/p>\n\n\n\n<p>Para obter informa\u00e7\u00f5es de privacidade relacionadas ao aplicativo que voc\u00ea est\u00e1 usando, consulte a Pol\u00edtica de Privacidade do respectivo site. Por exemplo, o uso do aplicativo Indeed est\u00e1 sujeito aos Termos e \u00e0 Pol\u00edtica de Privacidade do Indeed.&nbsp;<\/p>\n\n\n\n<h2 class=\"wp-block-heading\">Introdu\u00e7\u00e3o<\/h2>\n\n\n\n<h3 class=\"wp-block-heading\"><strong>Levamos seus dados pessoais a s\u00e9rio&nbsp;<\/strong><\/h3>\n\n\n\n<p>Bem-vindo ao Centro de Privacidade da HR Tech \u2013 um site que detalha como diversas <a href=\"https:\/\/hrtechprivacy.com\/pt\/brands\">plataformas<\/a> de busca de emprego e recrutamento on-line compartilham dados e protegem a privacidade. A Plataforma do Indeed inclui os <a href=\"https:\/\/hrtechprivacy.com\/pt\/indeed-sites\">sites do Indeed<\/a>, e a Plataforma do Glassdoor inclui os <a href=\"https:\/\/hrtechprivacy.com\/pt\/glassdoor-sites\">sites do Glassdoor<\/a> (coletivamente, as \u201cPlataformas\u201d). Para obter mais informa\u00e7\u00f5es sobre o controlador de dados correto para cada plataforma, consulte a <a href=\"https:\/\/hrtechprivacy.com\/pt\/brands\/indeed\">Pol\u00edtica de Privacidade do Indeed<\/a> e a <a href=\"https:\/\/hrtechprivacy.com\/pt\/brands\/glassdoor\">Pol\u00edtica de Privacidade do Glassdoor<\/a>.&nbsp;<\/p>\n\n\n\n<p>Nossa miss\u00e3o principal \u00e9 ajudar a empregar pessoas e ajudar empresas a encontrar \u00f3timos candidatos. Desenvolvemos esse site para ajudar voc\u00ea a saber mais sobre nossos <a href=\"https:\/\/hrtechprivacy.com\/pt\/#our-privacy-values\">valores de privacidade<\/a>, como seus dados s\u00e3o compartilhados entre as plataformas e por que \u00e9 importante que os compartilhemos.&nbsp;<\/p>\n\n\n\n<p>O compartilhamento de dados entre as Plataformas nos permite:<\/p>\n\n\n\n<ul class=\"wp-block-list\">\n<li>ajudar a conectar mais candidatos a mais an\u00fancios de vaga e a mais empresas;<\/li>\n\n\n\n<li>melhorar e personalizar os servi\u00e7os para nossos usu\u00e1rios;<\/li>\n\n\n\n<li>aprimorar a seguran\u00e7a para nossos usu\u00e1rios.<\/li>\n<\/ul>\n\n\n\n<p>Leia <a href=\"https:\/\/hrtechprivacy.com\/pt\/#benefits-of-data-sharing\">abaixo<\/a> e descubra como compartilhamos dados entre as Plataformas ou encontre respostas para algumas <a href=\"https:\/\/hrtechprivacy.com\/pt\/faq\">perguntas frequentes<\/a>.<\/p>\n\n\n\n<p>As informa\u00e7\u00f5es fornecidas aqui n\u00e3o mudam a forma como cada site do Indeed e do Glassdoor coleta, usa ou compartilha dados pessoais. As Pol\u00edticas de Privacidade e de Cookies de cada site explicam claramente como coletamos e usamos dados pessoais e n\u00e3o pessoais.&nbsp;<\/p>\n\n\n\n<p>Se voc\u00ea tiver d\u00favidas sobre uma plataforma espec\u00edfica, sugerimos acessar a Pol\u00edtica de Privacidade da Plataforma em quest\u00e3o ou a respectiva p\u00e1gina \u201cEntre em contato\u201d para obter mais informa\u00e7\u00f5es.<\/p>\n\n\n\n<h2 class=\"wp-block-heading\">Nossos valores de privacidade<\/h2>\n\n\n\n<h3 class=\"wp-block-heading\">Priorizando sua confian\u00e7a<\/h3>\n\n\n\n<p>Valorizamos a confian\u00e7a que nos deposita, independentemente de ajudarmos voc\u00ea a encontrar vagas ou a achar \u00f3timos candidatos. Para manter essa confian\u00e7a, fazemos investimentos significativos para proteger seus dados pessoais. Esses esfor\u00e7os s\u00e3o guiados por nossos valores de privacidade:<\/p>\n\n\n\n<ul class=\"wp-block-list\">\n<li>Tratamos todos os usu\u00e1rios igualmente, fornecendo um amplo conjunto de direitos de privacidade globais. Qualquer usu\u00e1rio pode solicitar o seguinte:\n<ul class=\"wp-block-list\">\n<li>o acesso e a portabilidade dos respectivos dados pessoais;<\/li>\n\n\n\n<li>a retifica\u00e7\u00e3o ou a exclus\u00e3o dos respectivos dados pessoais;<\/li>\n\n\n\n<li>a restri\u00e7\u00e3o ou a obje\u00e7\u00e3o a determinados processamentos dos respectivos dados pessoais.<\/li>\n<\/ul>\n<\/li>\n\n\n\n<li>Aderimos a princ\u00edpios de privacidade desde a concep\u00e7\u00e3o, os quais definem como desenvolvemos e operamos nossos servi\u00e7os.<\/li>\n\n\n\n<li>Somos transparentes sobre quais dados pessoais coletamos e como eles s\u00e3o processados.<\/li>\n\n\n\n<li>Queremos garantir que os dados pessoais que coletamos sejam utilizados para o prop\u00f3sito de ajudar os candidatos a encontrar vagas e as empresas a encontrar \u00f3timos candidatos, bem como melhorar os servi\u00e7os que prestamos a voc\u00ea.&nbsp;<\/li>\n\n\n\n<li>Limitamos a coleta e o armazenamento de dados pessoais ao que \u00e9 adequado, relevante e necess\u00e1rio.<\/li>\n\n\n\n<li>Envidamos esfor\u00e7os para manter seus dados pessoais precisos e atualizados, quando apropriado.<\/li>\n\n\n\n<li>Queremos processar seus dados pessoais utilizando medidas de seguran\u00e7a apropriadas para proteger esses dados.<\/li>\n\n\n\n<li>Demonstramos responsabilidade e conformidade com as leis de privacidade aplic\u00e1veis.<\/li>\n<\/ul>\n\n\n\n<h2 class=\"wp-block-heading\">Os benef\u00edcios do compartilhamento de dados<\/h2>\n\n\n\n<h3 class=\"wp-block-heading\"><strong>Por que voc\u00eas precisam dos meus dados?<\/strong><\/h3>\n\n\n\n<p>O compartilhamento de dados n\u00e3o s\u00f3 oferece uma s\u00e9rie de benef\u00edcios para candidatos e empresas, como tamb\u00e9m nos permite melhorar nossos servi\u00e7os.<\/p>\n\n\n\n<p><strong>O compartilhamento de dados significa mais empresas, mais an\u00fancios de vaga e mais candidatos.<\/strong><\/p>\n\n\n\n<p>O compartilhamento de dados entre as Plataformas permite que os candidatos acessem um banco de dados ainda maior de an\u00fancios de vaga e empresas. Ele tamb\u00e9m ajuda as empresas a ter acesso a mais candidatos. Por exemplo, uma plataforma pode recomendar vagas ou empresas em outra plataforma. O compartilhamento tamb\u00e9m pode ajudar candidaturas, curr\u00edculos e an\u00fancios de vaga a funcionar entre as Plataformas. Os dados pessoais a serem compartilhados dependem da sua intera\u00e7\u00e3o com as Plataformas durante suas atividades de busca de emprego e de candidatura.&nbsp;<\/p>\n\n\n\n<p>As Plataformas tamb\u00e9m podem compartilhar dados de empresas, como informa\u00e7\u00f5es de conta e de comportamento, para fornecer uma experi\u00eancia melhor a essas empresas.<\/p>\n\n\n\n<p><strong>O compartilhamento de dados melhora nossos servi\u00e7os<\/strong><\/p>\n\n\n\n<p>O compartilhamento de dados permite que nossas Plataformas forne\u00e7am conte\u00fado, desempenho, recursos e servi\u00e7os personalizados e aprimorados.&nbsp;<\/p>\n\n\n\n<p>Por exemplo, nossas Plataformas podem utilizar e compartilhar seu hist\u00f3rico de busca ou navega\u00e7\u00e3o (por exemplo, as vagas em que voc\u00ea clicou) e as informa\u00e7\u00f5es do seu perfil ou curr\u00edculo para determinar resultados de busca e alertas de vagas relevantes. O compartilhamento de dados tamb\u00e9m pode fornecer informa\u00e7\u00f5es sobre carreira, como avalia\u00e7\u00f5es de empresas, dados sobre sal\u00e1rios em an\u00fancios de vaga, dicas de entrevista e muito mais.&nbsp;<\/p>\n\n\n\n<p>O compartilhamento tamb\u00e9m ajuda na melhoria da an\u00e1lise, do teste e da pesquisa de dados, assim como dos servi\u00e7os nas nossas Plataformas.<\/p>\n\n\n\n<p><strong>O compartilhamento de dados oferece mais seguran\u00e7a aos usu\u00e1rios<\/strong><\/p>\n\n\n\n<p>Compartilhar dados permite que nossas Plataformas protejam melhor nossos usu\u00e1rios. Em particular, permite que as Plataformas afiliadas melhorem a seguran\u00e7a do usu\u00e1rio e as opera\u00e7\u00f5es internas. Al\u00e9m disso, facilita a detec\u00e7\u00e3o e a resolu\u00e7\u00e3o de problemas, bem como a preven\u00e7\u00e3o de fraudes e spam.<\/p>\n\n\n\n<h2 class=\"wp-block-heading\">Registro de atividades na plataforma<\/h2>\n\n\n\n<h3 class=\"wp-block-heading\"><strong>O que fazemos com os dados<\/strong><\/h3>\n\n\n\n<p>Processamos sua atividade nas Plataformas para nos ajudar a entender melhor como voc\u00ea as usa. Isso nos ajuda a melhorar e a informar os produtos e os servi\u00e7os que oferecemos. Tudo isso nos permite ajudar voc\u00ea a encontrar vagas.&nbsp;<\/p>\n\n\n\n<p>\u00c9 importante observar que nossas Plataformas podem n\u00e3o funcionar conforme o previsto sem determinada coleta e compartilhamento de dados. Isso inclui processar, coletar, analisar, armazenar e compartilhar dados pessoais nas Plataformas ou com prestadores de servi\u00e7o externos, incluindo em tempo real.&nbsp;<\/p>\n\n\n\n<p>Os dados coletados podem incluir quaisquer e todas as intera\u00e7\u00f5es e comunica\u00e7\u00f5es que voc\u00ea realizou nas nossas Plataformas. Tamb\u00e9m podem incluir, sem limita\u00e7\u00e3o, as \u00e1reas das Plataformas que voc\u00ea visitou e onde voc\u00ea clicou, rolou a tela, passou o cursor do mouse ou interagiu de outra forma com nossas Plataformas. Tamb\u00e9m podem incluir quando e por quanto tempo cada atividade ocorreu.&nbsp;<\/p>\n\n\n\n<p>Para obter mais informa\u00e7\u00f5es, consulte as Pol\u00edticas de Privacidade e de Cookies de cada Plataforma.&nbsp;<\/p>\n\n\n\n<p>Consideramos que esse processamento \u00e9 fundamental para a opera\u00e7\u00e3o das nossas Plataformas, e, neste momento, sem a transfer\u00eancia de certos dados para as afiliadas do Indeed, n\u00e3o \u00e9 poss\u00edvel fornecer nossos principais produtos e servi\u00e7os a voc\u00ea. Consulte nossas Perguntas frequentes para entender como voc\u00ea pode interromper esse compartilhamento.&nbsp;<\/p>\n","protected":false},"excerpt":{"rendered":"<p>USU\u00c1RIOS DO APLICATIVO: o uso do nosso aplicativo est\u00e1 sujeito aos Termos e \u00e0 Pol\u00edtica de Privacidade do aplicativo e site.\u00a0 Para obter informa\u00e7\u00f5es de privacidade relacionadas ao aplicativo que voc\u00ea est\u00e1 usando, consulte a Pol\u00edtica de Privacidade do respectivo site. Por exemplo, o uso do aplicativo Indeed est\u00e1 sujeito aos Termos e \u00e0 Pol\u00edtica [&hellip;]<\/p>\n","protected":false},"author":13,"featured_media":0,"parent":0,"menu_order":0,"comment_status":"closed","ping_status":"closed","template":"","meta":{"_acf_changed":false,"inline_featured_image":false,"footnotes":""},"class_list":["post-611","page","type-page","status-publish","hentry"],"acf":[],"_links":{"self":[{"href":"https:\/\/hrtechprivacy.com\/pt\/wp-json\/wp\/v2\/pages\/611","targetHints":{"allow":["GET"]}}],"collection":[{"href":"https:\/\/hrtechprivacy.com\/pt\/wp-json\/wp\/v2\/pages"}],"about":[{"href":"https:\/\/hrtechprivacy.com\/pt\/wp-json\/wp\/v2\/types\/page"}],"author":[{"embeddable":true,"href":"https:\/\/hrtechprivacy.com\/pt\/wp-json\/wp\/v2\/users\/13"}],"replies":[{"embeddable":true,"href":"https:\/\/hrtechprivacy.com\/pt\/wp-json\/wp\/v2\/comments?post=611"}],"version-history":[{"count":0,"href":"https:\/\/hrtechprivacy.com\/pt\/wp-json\/wp\/v2\/pages\/611\/revisions"}],"wp:attachment":[{"href":"https:\/\/hrtechprivacy.com\/pt\/wp-json\/wp\/v2\/media?parent=611"}],"curies":[{"name":"wp","href":"https:\/\/api.w.org\/{rel}","templated":true}]}}