{"id":2244,"date":"2020-07-02T19:58:11","date_gmt":"2020-07-02T19:58:11","guid":{"rendered":"https:\/\/hrtechprivacy.com\/?page_id=2244"},"modified":"2021-10-29T19:52:00","modified_gmt":"2021-10-29T19:52:00","slug":"glassdoor-nodata-request-info-pt","status":"publish","type":"page","link":"https:\/\/hrtechprivacy.com\/pt\/glassdoor-nodata-request-info-pt","title":{"rendered":"Atualize sua solicita\u00e7\u00e3o de dados pessoais do Glassdoor"},"content":{"rendered":"\n<p>Temos uma atualiza\u00e7\u00e3o sobre sua solicita\u00e7\u00e3o relacionada a seus dados pessoais no Glassdoor.<\/p>\n\n\n\n<p>N\u00e3o conseguimos encontrar dados pessoais associados a seu endere\u00e7o de e\u2011mail no Glassdoor.<\/p>\n\n\n\n<p>Entre os motivos poss\u00edveis podem estar:<\/p>\n\n\n\n<ul class=\"wp-block-list\"><li>Voc\u00ea n\u00e3o usou o Glassdoor com as informa\u00e7\u00f5es de contato fornecidas<\/li><li>Voc\u00ea especificou incorretamente suas informa\u00e7\u00f5es de contato<\/li><li>Voc\u00ea se cadastrou com informa\u00e7\u00f5es de contato diferentes<\/li><\/ul>\n\n\n\n<p>Se voc\u00ea acha que isso foi um erro, recomendamos que voc\u00ea&nbsp;reenvie sua solicita\u00e7\u00e3o.<\/p>\n","protected":false},"excerpt":{"rendered":"<p>Temos uma atualiza\u00e7\u00e3o sobre sua solicita\u00e7\u00e3o relacionada a seus dados pessoais no Glassdoor. N\u00e3o conseguimos encontrar dados pessoais associados a seu endere\u00e7o de e\u2011mail no Glassdoor. Entre os motivos poss\u00edveis podem estar: Voc\u00ea n\u00e3o usou o Glassdoor com as informa\u00e7\u00f5es de contato fornecidas Voc\u00ea especificou incorretamente suas informa\u00e7\u00f5es de contato Voc\u00ea se cadastrou com informa\u00e7\u00f5es [&hellip;]<\/p>\n","protected":false},"author":20,"featured_media":0,"parent":0,"menu_order":0,"comment_status":"closed","ping_status":"closed","template":"","meta":{"_acf_changed":false,"inline_featured_image":false,"footnotes":""},"class_list":["post-2244","page","type-page","status-publish","hentry"],"acf":[],"_links":{"self":[{"href":"https:\/\/hrtechprivacy.com\/pt\/wp-json\/wp\/v2\/pages\/2244","targetHints":{"allow":["GET"]}}],"collection":[{"href":"https:\/\/hrtechprivacy.com\/pt\/wp-json\/wp\/v2\/pages"}],"about":[{"href":"https:\/\/hrtechprivacy.com\/pt\/wp-json\/wp\/v2\/types\/page"}],"author":[{"embeddable":true,"href":"https:\/\/hrtechprivacy.com\/pt\/wp-json\/wp\/v2\/users\/20"}],"replies":[{"embeddable":true,"href":"https:\/\/hrtechprivacy.com\/pt\/wp-json\/wp\/v2\/comments?post=2244"}],"version-history":[{"count":0,"href":"https:\/\/hrtechprivacy.com\/pt\/wp-json\/wp\/v2\/pages\/2244\/revisions"}],"wp:attachment":[{"href":"https:\/\/hrtechprivacy.com\/pt\/wp-json\/wp\/v2\/media?parent=2244"}],"curies":[{"name":"wp","href":"https:\/\/api.w.org\/{rel}","templated":true}]}}