{"id":2101,"date":"2020-06-18T22:47:19","date_gmt":"2020-06-18T22:47:19","guid":{"rendered":"https:\/\/hrtechprivacy.com\/?page_id=2101"},"modified":"2021-10-29T19:52:40","modified_gmt":"2021-10-29T19:52:40","slug":"glassdoor-deletion-request-info-pt","status":"publish","type":"page","link":"https:\/\/hrtechprivacy.com\/pt\/glassdoor-deletion-request-info-pt","title":{"rendered":"Sua solicita\u00e7\u00e3o de dados pessoais do Glassdoor foi conclu\u00edda"},"content":{"rendered":"\n<p><strong>De acordo com sua solicita\u00e7\u00e3o, o Glassdoor excluiu seus dados pessoais da nossa plataforma.<\/strong>&nbsp;Al\u00e9m disso, recomendamos que voc\u00ea exclua seus cookies de qualquer navegador ou dispositivo de onde voc\u00ea tenha acessado o Glassdoor anteriormente, inclusive removendo o aplicativo m\u00f3vel de todos os dispositivos em que esteja instalado.<\/p>\n\n\n\n<p>Contudo, observe que apesar de sua solicita\u00e7\u00e3o para excluir dados, nos reservamos o direito de manter em nossos arquivos todas as informa\u00e7\u00f5es que consideramos necess\u00e1rias para cumprir com nossas obriga\u00e7\u00f5es legais, resolver disputas, garantir nossos contratos e exercer o direito de liberdade de express\u00e3o. Tamb\u00e9m mantemos um registro da sua solicita\u00e7\u00e3o para fins legais e de conformidade.<\/p>\n\n\n\n<p>Continuando, se suas informa\u00e7\u00f5es pessoais forem fornecidas a n\u00f3s por voc\u00ea ou um terceiro, voc\u00ea ser\u00e1 tratado como um novo usu\u00e1rio (e n\u00f3s n\u00e3o poderemos identificar que voc\u00ea usou o Glassdoor anteriormente).<\/p>\n\n\n\n<p>Adicionalmente, tamb\u00e9m pode solicitar que qualquer um dos nossos afiliados elimine os seus dados. Tal pode ser feito seguindo os passos descritos nas respectivas se\u00e7\u00f5es do&nbsp;<a href=\"https:\/\/hrtechprivacy.com\/pt\" target=\"_blank\" rel=\"noreferrer noopener\">Centro de Privacidade<\/a>.<\/p>\n","protected":false},"excerpt":{"rendered":"<p>De acordo com sua solicita\u00e7\u00e3o, o Glassdoor excluiu seus dados pessoais da nossa plataforma.&nbsp;Al\u00e9m disso, recomendamos que voc\u00ea exclua seus cookies de qualquer navegador ou dispositivo de onde voc\u00ea tenha acessado o Glassdoor anteriormente, inclusive removendo o aplicativo m\u00f3vel de todos os dispositivos em que esteja instalado. Contudo, observe que apesar de sua solicita\u00e7\u00e3o para [&hellip;]<\/p>\n","protected":false},"author":20,"featured_media":0,"parent":0,"menu_order":0,"comment_status":"closed","ping_status":"closed","template":"","meta":{"_acf_changed":false,"inline_featured_image":false,"footnotes":""},"class_list":["post-2101","page","type-page","status-publish","hentry"],"acf":[],"_links":{"self":[{"href":"https:\/\/hrtechprivacy.com\/pt\/wp-json\/wp\/v2\/pages\/2101","targetHints":{"allow":["GET"]}}],"collection":[{"href":"https:\/\/hrtechprivacy.com\/pt\/wp-json\/wp\/v2\/pages"}],"about":[{"href":"https:\/\/hrtechprivacy.com\/pt\/wp-json\/wp\/v2\/types\/page"}],"author":[{"embeddable":true,"href":"https:\/\/hrtechprivacy.com\/pt\/wp-json\/wp\/v2\/users\/20"}],"replies":[{"embeddable":true,"href":"https:\/\/hrtechprivacy.com\/pt\/wp-json\/wp\/v2\/comments?post=2101"}],"version-history":[{"count":0,"href":"https:\/\/hrtechprivacy.com\/pt\/wp-json\/wp\/v2\/pages\/2101\/revisions"}],"wp:attachment":[{"href":"https:\/\/hrtechprivacy.com\/pt\/wp-json\/wp\/v2\/media?parent=2101"}],"curies":[{"name":"wp","href":"https:\/\/api.w.org\/{rel}","templated":true}]}}