{"id":2081,"date":"2020-06-18T20:53:14","date_gmt":"2020-06-18T20:53:14","guid":{"rendered":"https:\/\/hrtechprivacy.com\/?page_id=2081"},"modified":"2022-12-06T20:53:59","modified_gmt":"2022-12-06T20:53:59","slug":"glassdoor-data-request-info-pt","status":"publish","type":"page","link":"https:\/\/hrtechprivacy.com\/pt\/glassdoor-data-request-info-pt","title":{"rendered":"Baixe seu arquivo de dados pessoais do Glassdoor"},"content":{"rendered":"\n<p>O Glassdoor processa as seguintes categorias de dados pessoais sobre voc\u00ea associados ao endere\u00e7o de e\u2011mail fornecido:<\/p>\n\n\n\n<figure class=\"wp-block-table has-normal-font-size\"><table role=\"presentation\" class=\"has-fixed-layout\"><tbody><tr><td><br><strong>Categoria de dados pessoais<\/strong><\/td><td><br><strong>Exemplos de dados pessoais da categoria<\/strong><\/td><td><strong>Categorias de dados aplic\u00e1veis conforme o GDPR ou outra legisla\u00e7\u00e3o aplic\u00e1vel<\/strong><\/td><\/tr><tr><td><br><strong>Atividade de comunica\u00e7\u00f5es<\/strong><\/td><td>As comunica\u00e7\u00f5es que voc\u00ea optou por receber ou recebeu, suas intera\u00e7\u00f5es com comunica\u00e7\u00f5es (como leitura, abertura, clique em links), informa\u00e7\u00f5es de servi\u00e7os baixadas, informa\u00e7\u00f5es de contatos, etc.<\/td><td>Informa\u00e7\u00f5es comerciais, identificadores pessoais, dedu\u00e7\u00f5es, atividade da internet.&nbsp;<\/td><\/tr><tr><td><br><br><br><strong>Perfil demogr\u00e1fico<\/strong><\/td><td>Ra\u00e7a\/Etnia, orienta\u00e7\u00e3o sexual, defici\u00eancia, caracter\u00edstica de personalidade de destaque (como introvertido\/extrovertido), religi\u00e3o, estado civil, filhos, alistamento militar.<\/td><td>Dados de categoria especial\/Informa\u00e7\u00f5es pessoais confidenciais.<br>Caracter\u00edsticas de classifica\u00e7\u00f5es protegidas segundo a legisla\u00e7\u00e3o estadual ou federal.<\/td><\/tr><tr><td><br><strong>Mensagens diretas<\/strong><\/td><td>Mensagens diretas e conte\u00fado associado.<\/td><td>Identificadores&nbsp;<\/td><\/tr><tr><td><br><strong>Candidaturas a vagas<\/strong><br><\/td><td>Vagas \u00e0s quais voc\u00ea se candidatou e intera\u00e7\u00f5es relacionadas, incluindo curr\u00edculos e outros dados fornecidos durante o processo de candidatura.<\/td><td>Dados de categoria especial\/Informa\u00e7\u00f5es pessoais confidenciais.<br>Informa\u00e7\u00f5es profissionais ou relacionadas a emprego.<\/td><\/tr><tr><td><br><strong>Interesses em vagas e atividade<\/strong><\/td><td>Prefer\u00eancias de vagas e sua atividade de intera\u00e7\u00e3o com vagas (como busca de vagas ou vagas salvas).<\/td><td>Dedu\u00e7\u00f5es, informa\u00e7\u00f5es profissionais ou relacionadas a emprego.&nbsp;<\/td><\/tr><tr><td><br><strong>Vagas publicadas<\/strong><\/td><td>Suas vagas publicadas nos servi\u00e7os.<\/td><td>Informa\u00e7\u00f5es profissionais ou relacionadas a emprego.<\/td><\/tr><tr><td><br><br><strong>Informa\u00e7\u00f5es do perfil<\/strong><br><\/td><td>Nome, e-mail, curr\u00edculo, cargo atual\/pr\u00e9vio, foto, telefone, nome de usu\u00e1rio, idade, g\u00eanero, experi\u00eancia profissional\/de instru\u00e7\u00e3o, redes sociais, idioma, configura\u00e7\u00f5es da conta, prefer\u00eancias de comunica\u00e7\u00f5es, etc.<\/td><td>Dados de categoria especial\/Informa\u00e7\u00f5es pessoais confidenciais.<br>Informa\u00e7\u00f5es comerciais, informa\u00e7\u00f5es educacionais, identificadores.&nbsp;<\/td><\/tr><tr><td><br><br><strong>Hist\u00f3rico de suporte e vendas<\/strong><\/td><td>Hist\u00f3rico de compras, detalhes de pagamento e outras intera\u00e7\u00f5es de suporte a vendas<\/td><td>Informa\u00e7\u00f5es pessoais confidenciais.<br>Informa\u00e7\u00f5es comerciais, identificadores pessoais, atividade da internet.<\/td><\/tr><tr><td><br><br><strong>Informa\u00e7\u00f5es de acesso e seguran\u00e7a<\/strong><\/td><td>Seus eventos de login, altera\u00e7\u00f5es de senha, altera\u00e7\u00f5es de eventos e informa\u00e7\u00f5es de aparelhos (incluindo endere\u00e7o IP e localiza\u00e7\u00e3o aproximada deduzida).<\/td><td>Informa\u00e7\u00f5es pessoais confidenciais.<br>Geolocaliza\u00e7\u00e3o, identificadores, atividade da internet, dedu\u00e7\u00f5es.<\/td><\/tr><tr><td><br><br><strong>Atividade de servi\u00e7os<\/strong><\/td><td>P\u00e1gina visualizada, conte\u00fado ou an\u00fancios com os quais voc\u00ea interagiu, buscas, grupos visitados, informa\u00e7\u00f5es de registro, grava\u00e7\u00f5es de tela, texto inserido, etc.<\/td><td>Atividade da internet, dedu\u00e7\u00f5es.<\/td><\/tr><tr><td><br><br><strong>Conte\u00fado enviado<\/strong><br><\/td><td>Avalia\u00e7\u00f5es de empresas, relat\u00f3rios de sal\u00e1rios, avalia\u00e7\u00f5es de benef\u00edcios, avalia\u00e7\u00f5es de entrevistas, fotos, publica\u00e7\u00f5es, coment\u00e1rios, documentos, \u00e1udios, v\u00eddeos, etc. enviados para o servi\u00e7o.<\/td><td>Informa\u00e7\u00f5es de \u00e1udio, eletr\u00f4nicas, visuais, de temperatura, olfativas ou semelhantes; informa\u00e7\u00f5es profissionais ou relacionadas a emprego.<\/td><\/tr><tr><td><strong>Suporte a usu\u00e1rios e feedback de usu\u00e1rios<\/strong><\/td><td>Suas solicita\u00e7\u00f5es de suporte e feedback que voc\u00ea nos fornece.<\/td><td>Informa\u00e7\u00f5es comerciais, identificadores.&nbsp;<\/td><\/tr><\/tbody><\/table><\/figure>\n\n\n\n<p>Observa\u00e7\u00f5es sobre os dados apresentados:<\/p>\n\n\n\n<ul class=\"wp-block-list\">\n<li>Os dados exibidos no arquivo s\u00e3o baseados em sua atividade no Glassdoor. Algumas categorias podem n\u00e3o estar presentes no seu arquivo (por exemplo, se voc\u00ea n\u00e3o publicou uma vaga no Glassdoor, esses dados ficar\u00e3o em branco). Cada elemento de dados em seu arquivo ser\u00e1 mapeado de acordo com a lista de categorias acima. Essas categorias s\u00e3o divididas em subcategorias de terceiros para os quais o Glassdoor transfere seus dados, conforme especificado na nossa Pol\u00edtica de Privacidade (consulte a se\u00e7\u00e3o &#8220;Como compartilhamos informa\u00e7\u00f5es\/destinat\u00e1rios&#8221;).<\/li>\n\n\n\n<li>Seu arquivo de dados pessoais poder\u00e1 excluir alguns dados, como os que identificariam outros indiv\u00edduos.<\/li>\n\n\n\n<li>Caso esteja solicitando informa\u00e7\u00f5es que possamos ter sobre voc\u00ea em nossos conte\u00fados gerados por usu\u00e1rios quanto ao seu cargo de executivo s\u00eanior de uma empresa listada no Glassdoor, precisaremos de mais informa\u00e7\u00f5es suas para confirmar sua identidade antes de informar esses dados (se houver). Entre em contato conosco no e\u2011mail&nbsp;<a href=\"mailto:privacyinquiries@glassdoor.com\">privacyinquiries@glassdoor.com<\/a> para obter instru\u00e7\u00f5es.<\/li>\n<\/ul>\n\n\n\n<p>Consulte nossa&nbsp;<a href=\"https:\/\/hrtechprivacy.com\/pt\/brands\/glassdoor\" target=\"_blank\" rel=\"noreferrer noopener\">Pol\u00edtica de Privacidade<\/a>&nbsp;para saber mais sobre como coletamos e usamos suas informa\u00e7\u00f5es, como s\u00e3o compartilhadas, por quanto tempo s\u00e3o retidas e como podem ser transferidas para fora do seu pa\u00eds em conformidade com as salvaguardas adequadas. Tamb\u00e9m explicamos quais s\u00e3o os seus direitos e como voc\u00ea pode exerc\u00ea-los.<\/p>\n\n\n\n<p>Caso tenha d\u00favidas sobre o Glassdoor e a sua privacidade,&nbsp;<a href=\"https:\/\/www.glassdoor.com.br\/gdpr\/index.htm\" target=\"_blank\" rel=\"noreferrer noopener\">acesse a nossa p\u00e1gina de compromisso com a privacidade.<\/a><\/p>\n\n\n\n<p>Adicionalmente, tamb\u00e9m pode solicitar que qualquer um dos nossos afiliados forne\u00e7a acesso aos seus dados. Tal pode ser feito seguindo os passos descritos nas respectivas se\u00e7\u00f5es do&nbsp;<a href=\"https:\/\/hrtechprivacy.com\/pt\" target=\"_blank\" rel=\"noreferrer noopener\">Centro de Privacidade<\/a>.<\/p>\n","protected":false},"excerpt":{"rendered":"<p>O Glassdoor processa as seguintes categorias de dados pessoais sobre voc\u00ea associados ao endere\u00e7o de e\u2011mail fornecido: Categoria de dados pessoais Exemplos de dados pessoais da categoria Categorias de dados aplic\u00e1veis conforme o GDPR ou outra legisla\u00e7\u00e3o aplic\u00e1vel Atividade de comunica\u00e7\u00f5es As comunica\u00e7\u00f5es que voc\u00ea optou por receber ou recebeu, suas intera\u00e7\u00f5es com comunica\u00e7\u00f5es (como [&hellip;]<\/p>\n","protected":false},"author":20,"featured_media":0,"parent":0,"menu_order":0,"comment_status":"closed","ping_status":"closed","template":"","meta":{"_acf_changed":false,"inline_featured_image":false,"footnotes":""},"class_list":["post-2081","page","type-page","status-publish","hentry"],"acf":[],"_links":{"self":[{"href":"https:\/\/hrtechprivacy.com\/pt\/wp-json\/wp\/v2\/pages\/2081","targetHints":{"allow":["GET"]}}],"collection":[{"href":"https:\/\/hrtechprivacy.com\/pt\/wp-json\/wp\/v2\/pages"}],"about":[{"href":"https:\/\/hrtechprivacy.com\/pt\/wp-json\/wp\/v2\/types\/page"}],"author":[{"embeddable":true,"href":"https:\/\/hrtechprivacy.com\/pt\/wp-json\/wp\/v2\/users\/20"}],"replies":[{"embeddable":true,"href":"https:\/\/hrtechprivacy.com\/pt\/wp-json\/wp\/v2\/comments?post=2081"}],"version-history":[{"count":0,"href":"https:\/\/hrtechprivacy.com\/pt\/wp-json\/wp\/v2\/pages\/2081\/revisions"}],"wp:attachment":[{"href":"https:\/\/hrtechprivacy.com\/pt\/wp-json\/wp\/v2\/media?parent=2081"}],"curies":[{"name":"wp","href":"https:\/\/api.w.org\/{rel}","templated":true}]}}