{"id":13,"date":"2019-09-26T16:20:18","date_gmt":"2019-09-26T16:20:18","guid":{"rendered":"https:\/\/hrtechprivacy.com\/?page_id=13"},"modified":"2023-06-14T15:12:27","modified_gmt":"2023-06-14T15:12:27","slug":"faq","status":"publish","type":"page","link":"https:\/\/hrtechprivacy.com\/pt\/faq","title":{"rendered":"Perguntas frequentes"},"content":{"rendered":"\n<h2 class=\"wp-block-heading\">Compartilhamento de dados pessoais<\/h2>\n\n\n\n<h3 class=\"wp-block-heading\"><strong>Quais dados pessoais s\u00e3o compartilhados entre as Plataformas?<\/strong><\/h3>\n\n\n\n<p>Os dados pessoais a serem compartilhados s\u00e3o determinados pelas Pol\u00edticas de Privacidade e de Cookies das Plataformas que voc\u00ea utiliza.&nbsp;<\/p>\n\n\n\n<p>Os dados pessoais a serem compartilhados dependem da sua intera\u00e7\u00e3o com as Plataformas durante suas atividades de busca de emprego e de candidatura. Eles podem incluir seu nome e sobrenome, nome de usu\u00e1rio, endere\u00e7o de e-mail, n\u00famero de telefone, informa\u00e7\u00f5es do perfil\/curr\u00edculo, endere\u00e7o IP, ID de anunciante, respostas a eventuais perguntas de sele\u00e7\u00e3o da empresa, an\u00fancios de vaga, notifica\u00e7\u00f5es de vaga, andamento da candidatura, bem como atividades de busca, clique e sess\u00e3o do usu\u00e1rio nas Plataformas.<\/p>\n\n\n\n<h3 class=\"wp-block-heading\"><strong>Por que meus dados pessoais s\u00e3o compartilhados dessa forma?<\/strong><\/h3>\n\n\n\n<p>Seus dados pessoais s\u00e3o compartilhados para diversas finalidades, incluindo:&nbsp;<\/p>\n\n\n\n<ul class=\"wp-block-list\">\n<li>conectar mais candidatos a mais an\u00fancios de vaga e empresas;<\/li>\n\n\n\n<li>melhorar nossos servi\u00e7os;&nbsp;&nbsp;<\/li>\n\n\n\n<li>oferecer mais seguran\u00e7a aos usu\u00e1rios.<\/li>\n<\/ul>\n\n\n\n<p>Mais detalhes sobre os <a href=\"https:\/\/hrtechprivacy.com\/pt\/#benefits-of-data-sharing\">benef\u00edcios de compartilhamento de dados<\/a> est\u00e3o dispon\u00edveis para voc\u00ea.<\/p>\n\n\n\n<h3 class=\"wp-block-heading\"><strong>Como e quando os dados s\u00e3o compartilhados?<\/strong><\/h3>\n\n\n\n<p>Como e quando seus dados pessoais s\u00e3o compartilhados depende da Plataforma em quest\u00e3o, do tipo de dado que ser\u00e1 compartilhado e das a\u00e7\u00f5es que voc\u00ea realiza nas Plataformas.&nbsp;<\/p>\n\n\n\n<p>Por exemplo, nossas Plataformas podem utilizar e compartilhar seu hist\u00f3rico de busca ou navega\u00e7\u00e3o (por exemplo, as vagas em que voc\u00ea clicou) e as informa\u00e7\u00f5es do seu perfil ou curr\u00edculo para determinar resultados de busca e alertas de vagas relevantes. A\u00e7\u00f5es espec\u00edficas tamb\u00e9m podem iniciar o compartilhamento automaticamente, como abrir uma conta em uma das nossas Plataformas.<\/p>\n\n\n\n<h3 class=\"wp-block-heading\"><\/h3>\n\n\n\n<h3 class=\"wp-block-heading\">Como fa\u00e7o para impedir que meus dados pessoais sejam compartilhados dessa forma?<\/h3>\n\n\n\n<p>O Indeed valoriza sua privacidade e tenta facilitar suas prefer\u00eancias. Caso n\u00e3o queira que suas informa\u00e7\u00f5es sejam compartilhadas dessa maneira, dependendo da Plataforma, voc\u00ea poder\u00e1 solicitar a exclus\u00e3o da sua conta ou dos seus dados pessoais ou solicitar que seus dados n\u00e3o sejam compartilhados dessa maneira enquanto voc\u00ea tiver uma conta. Essas op\u00e7\u00f5es podem ser solicitadas seguindo as instru\u00e7\u00f5es presentes na Pol\u00edtica de Privacidade das Plataformas utilizadas.<\/p>\n\n\n\n<h2 class=\"wp-block-heading\">Centro de Privacidade da HR Tech e as Plataformas<\/h2>\n\n\n\n<p><strong>As informa\u00e7\u00f5es no Centro de Privacidade da HR Tech alteram a maneira como meus dados pessoais ser\u00e3o usados?<\/strong><\/p>\n\n\n\n<p>N\u00e3o, as informa\u00e7\u00f5es presentes em nossas Perguntas frequentes e nosso Centro de privacidade t\u00eam o objetivo de oferecer mais transpar\u00eancia sobre como usamos os dados.<\/p>\n\n\n\n<h3 class=\"wp-block-heading\"><strong>Isso significa que todos os meus dados s\u00e3o compartilhados pelas Plataformas sem restri\u00e7\u00e3o?<\/strong><\/h3>\n\n\n\n<p>N\u00e3o, o compartilhamento dos seus dados pessoais \u00e9 regido pelas disposi\u00e7\u00f5es das Pol\u00edticas de Privacidade e de Cookies das Plataformas que voc\u00ea utilizou. Recomendamos que voc\u00ea consulte essas disposi\u00e7\u00f5es para ter um entendimento claro.&nbsp;<\/p>\n\n\n\n<p><strong>Como as Plataformas gerenciam a transfer\u00eancia dos meus dados pessoais entre as Plataformas afiliadas?<\/strong><\/p>\n\n\n\n<p>N\u00f3s usamos diversos m\u00e9todos legais para assegurar que sejam aplicadas prote\u00e7\u00f5es adequadas \u00e0 transfer\u00eancia de dados. Isso pode consistir em uma ou v\u00e1rias medidas. Elas podem incluir <a href=\"https:\/\/ec.europa.eu\/info\/law\/law-topic\/data-protection\/international-dimension-data-protection\/standard-contractual-clauses-scc_en\">cl\u00e1usulas contratuais padr\u00e3o<\/a> ou outros mecanismos que determinarmos serem apropriados para proteger adequadamente as transfer\u00eancias dos seus dados pessoais.&nbsp;<\/p>\n\n\n\n<p><strong>Quem \u00e9 o controlador de dados dos meus dados pessoais?<\/strong><\/p>\n\n\n\n<p>O controlador de dados dos seus dados pessoais dever\u00e1 estar especificado na Pol\u00edtica de Privacidade da Plataforma que voc\u00ea utilizou.&nbsp;<\/p>\n\n\n\n<h3 class=\"wp-block-heading\"><strong>Qual \u00e9 a vis\u00e3o das Plataformas sobre a privacidade?<\/strong><\/h3>\n\n\n\n<p>As Plataformas da HR Tech levam a privacidade dos usu\u00e1rios muito a s\u00e9rio. N\u00f3s investimos recursos significativos como parte dos nossos esfor\u00e7os para proteger seus dados pessoais e nos empenhamos em cumprir as regras de privacidade aplic\u00e1veis. Valorizamos tanto a confian\u00e7a que os candidatos depositam em n\u00f3s para ajud\u00e1-los a encontrar um emprego quanto a que as empresas t\u00eam em nosso trabalho de auxili\u00e1-las na busca de excelentes candidatos. Consulte nossos <a href=\"https:\/\/hrtechprivacy.com\/pt\/#our-privacy-values\">valores de privacidade<\/a> para saber mais.<\/p>\n\n\n\n<p><strong>Em qual idioma cada Plataforma disponibiliza as respectivas Pol\u00edticas de Privacidade ou de Cookies?<\/strong><\/p>\n\n\n\n<p>As Pol\u00edticas de Privacidade e de Cookies de uma Plataforma est\u00e3o dispon\u00edveis nos idiomas locais dos mercados atendidos pela Plataforma em quest\u00e3o. Caso uma Plataforma espec\u00edfica n\u00e3o tenha as respectivas Pol\u00edticas de Privacidade ou de Cookies em um determinado idioma, \u00e9 porque ela ainda n\u00e3o atende aos usu\u00e1rios nos mercados em que esse idioma \u00e9 utilizado.<\/p>\n\n\n\n<h2 class=\"wp-block-heading\">Seus direitos de privacidade<\/h2>\n\n\n\n<h3 class=\"wp-block-heading\"><strong>Quais direitos de privacidade eu tenho nas Plataformas?<\/strong><\/h3>\n\n\n\n<p>Tratamos todos os nossos usu\u00e1rios de forma igual, oferecendo uma s\u00e9rie de direitos de privacidade a todos eles no mundo inteiro. Isso significa que todo usu\u00e1rio da Plataforma, independentemente de onde estiver localizado, pode entrar em contato com ela para obter:<\/p>\n\n\n\n<ul class=\"wp-block-list\">\n<li>o acesso aos respectivos dados pessoais;<\/li>\n\n\n\n<li>a exclus\u00e3o dos respectivos dados pessoais;<\/li>\n\n\n\n<li>a retifica\u00e7\u00e3o dos respectivos dados pessoais;&nbsp;<\/li>\n\n\n\n<li>uma vers\u00e3o port\u00e1til dos respectivos dados pessoais;<\/li>\n\n\n\n<li>a restri\u00e7\u00e3o ou a obje\u00e7\u00e3o a determinados processamentos dos respectivos dados pessoais.<\/li>\n<\/ul>\n\n\n\n<h3 class=\"wp-block-heading\"><strong>Como fa\u00e7o para exercer meus direitos de privacidade?<\/strong><\/h3>\n\n\n\n<p>Voc\u00ea pode exercer seus direitos de privacidade consultando a Pol\u00edtica de Privacidade da Plataforma que utilizou e seguindo as instru\u00e7\u00f5es especificadas nela.<\/p>\n\n\n\n<h3 class=\"wp-block-heading\"><strong>Quais s\u00e3o as medidas de seguran\u00e7a adotadas pelas Plataformas?<\/strong><\/h3>\n\n\n\n<p>N\u00f3s levamos muito a s\u00e9rio a seguran\u00e7a dos seus dados pessoais e dedicamos a esse fim recursos significativos. N\u00f3s adotamos v\u00e1rias pr\u00e1ticas com o objetivo de impedir o acesso, a divulga\u00e7\u00e3o e a destrui\u00e7\u00e3o n\u00e3o autorizados ou a perda acidental dos dados. Essas pr\u00e1ticas variam conforme a natureza dos dados, o contexto do processamento, os riscos envolvidos e a tecnologia dispon\u00edvel.&nbsp;<\/p>\n\n\n\n<p>N\u00f3s usamos uma s\u00e9rie de medidas de seguran\u00e7a para proteger seus dados pessoais, adotando uma abordagem baseada em riscos, incluindo, quando pertinente:<\/p>\n\n\n\n<ul class=\"wp-block-list\">\n<li>pseudonimiza\u00e7\u00e3o seletiva e criptografia dos dados pessoais;<\/li>\n\n\n\n<li>concep\u00e7\u00e3o de sistemas internos para proteger a confidencialidade, a integridade, a disponibilidade e a resili\u00eancia dos nossos servi\u00e7os e sistemas de processamento;<\/li>\n\n\n\n<li>uso de sistemas e processos concebidos para termos a capacidade de restaurar a disponibilidade e o acesso aos dados pessoais mantidos por n\u00f3s em tempo h\u00e1bil, no caso de um incidente f\u00edsico ou t\u00e9cnico;<\/li>\n\n\n\n<li>realiza\u00e7\u00e3o regular de testes e avalia\u00e7\u00f5es da efic\u00e1cia das medidas de seguran\u00e7a das Plataformas.<\/li>\n<\/ul>\n\n\n\n<h3 class=\"wp-block-heading\"><strong>O que posso fazer enquanto empresa para manter minha conta segura?<\/strong><\/h3>\n\n\n\n<p>Para saber mais sobre como manter sua conta de empresa protegida, consulte a p\u00e1gina de seguran\u00e7a da Plataforma que voc\u00ea est\u00e1 usando.&nbsp;<\/p>\n","protected":false},"excerpt":{"rendered":"<p>Compartilhamento de dados pessoais Quais dados pessoais s\u00e3o compartilhados entre as Plataformas? Os dados pessoais a serem compartilhados s\u00e3o determinados pelas Pol\u00edticas de Privacidade e de Cookies das Plataformas que voc\u00ea utiliza.&nbsp; Os dados pessoais a serem compartilhados dependem da sua intera\u00e7\u00e3o com as Plataformas durante suas atividades de busca de emprego e de candidatura. [&hellip;]<\/p>\n","protected":false},"author":5,"featured_media":0,"parent":0,"menu_order":0,"comment_status":"closed","ping_status":"closed","template":"","meta":{"_acf_changed":false,"inline_featured_image":false,"footnotes":""},"class_list":["post-13","page","type-page","status-publish","hentry"],"acf":[],"_links":{"self":[{"href":"https:\/\/hrtechprivacy.com\/pt\/wp-json\/wp\/v2\/pages\/13","targetHints":{"allow":["GET"]}}],"collection":[{"href":"https:\/\/hrtechprivacy.com\/pt\/wp-json\/wp\/v2\/pages"}],"about":[{"href":"https:\/\/hrtechprivacy.com\/pt\/wp-json\/wp\/v2\/types\/page"}],"author":[{"embeddable":true,"href":"https:\/\/hrtechprivacy.com\/pt\/wp-json\/wp\/v2\/users\/5"}],"replies":[{"embeddable":true,"href":"https:\/\/hrtechprivacy.com\/pt\/wp-json\/wp\/v2\/comments?post=13"}],"version-history":[{"count":0,"href":"https:\/\/hrtechprivacy.com\/pt\/wp-json\/wp\/v2\/pages\/13\/revisions"}],"wp:attachment":[{"href":"https:\/\/hrtechprivacy.com\/pt\/wp-json\/wp\/v2\/media?parent=13"}],"curies":[{"name":"wp","href":"https:\/\/api.w.org\/{rel}","templated":true}]}}