{"id":457,"date":"2019-10-25T13:59:04","date_gmt":"2019-10-25T13:59:04","guid":{"rendered":"https:\/\/hrtechprivacy.com\/?page_id=457"},"modified":"2021-10-29T19:53:29","modified_gmt":"2021-10-29T19:53:29","slug":"frequently-asked-questions","status":"publish","type":"page","link":"https:\/\/hrtechprivacy.com\/pt-br\/frequently-asked-questions","title":{"rendered":"Perguntas frequentes"},"content":{"rendered":"\n<h2 class=\"wp-block-heading\" id=\"compartilhamento\">Compartilhamento de dados pessoais<\/h2>\n\n\n\n<h3 class=\"wp-block-heading\"><strong>Quais dados pessoais s\u00e3o compartilhados entre os sites?<\/strong><\/h3>\n\n\n\n<p>Os dados pessoais a serem compartilhados s\u00e3o determinados pelas <a href=\"https:\/\/hrtechprivacy.com\/pt-br\/brands\" data-type=\"URL\" data-id=\"https:\/\/hrtechprivacy.com\/pt-br\/brands\">pol\u00edticas de privacidade e de cookies<\/a> dos sites que voc\u00ea utilizar.&nbsp;<\/p>\n\n\n\n<p>Os dados pessoais compartilhados dependem da sua intera\u00e7\u00e3o com os sites durante as suas atividades de busca de emprego e de inscri\u00e7\u00e3o. Eles podem incluir nome e sobrenome, nome de usu\u00e1rio, endere\u00e7o de e-mail, n\u00famero de telefone, curr\u00edculo\/informa\u00e7\u00f5es do perfil, endere\u00e7o IP, ID de anunciante, respostas a eventuais perguntas de sele\u00e7\u00e3o da empresa, an\u00fancios de vaga, notifica\u00e7\u00f5es de vaga, andamento da inscri\u00e7\u00e3o, bem como atividades de busca, cliques e sess\u00e3o do usu\u00e1rio nos sites.<\/p>\n\n\n\n<h3 class=\"wp-block-heading\"><strong>Por que os meus dados pessoais s\u00e3o compartilhados dessa forma?<\/strong><\/h3>\n\n\n\n<p>Os seus dados pessoais s\u00e3o compartilhados para diversas finalidades, como as descritas abaixo:&nbsp;<\/p>\n\n\n\n<ul class=\"wp-block-list\"><li>Conectar mais candidatos a mais an\u00fancios de vaga e a mais empresas<\/li><li>Melhorar os servi\u00e7os que oferecemos a voc\u00ea&nbsp;<\/li><li>Oferecer mais seguran\u00e7a aos usu\u00e1rios<\/li><\/ul>\n\n\n\n<p>Mais detalhes sobre os <a href=\"https:\/\/hrtechprivacy.com\/pt-br\/#beneficios\" data-type=\"URL\" data-id=\"https:\/\/hrtechprivacy.com\/pt-br\/#beneficios\">benef\u00edcios de compartilhamento de dados<\/a> est\u00e3o dispon\u00edveis para voc\u00ea.<\/p>\n\n\n\n<h3 class=\"wp-block-heading\"><strong>Quando os dados s\u00e3o compartilhados e como o compartilhamento acontece?<\/strong><\/h3>\n\n\n\n<p>Quando e como seus dados pessoais s\u00e3o compartilhados depende do site em quest\u00e3o, o tipo de dado que ser\u00e1 compartilhado e as a\u00e7\u00f5es que voc\u00ea toma nos <a href=\"https:\/\/hrtechprivacy.com\/pt-br\/brands\" data-type=\"URL\" data-id=\"https:\/\/hrtechprivacy.com\/pt-br\/brands\">sites afiliados<\/a>. A maioria do compartilhamento de dados acontece quando identificamos um interesse particular ou para melhorar nossos servi\u00e7os como disposto na <a href=\"https:\/\/hrtechprivacy.com\/pt-br\/#beneficios\" data-type=\"URL\" data-id=\"https:\/\/hrtechprivacy.com\/pt-br\/#beneficios\">se\u00e7\u00e3o de benef\u00edcios do compartilhamento de dados<\/a>.&nbsp;<\/p>\n\n\n\n<p>Por exemplo, nossos sites podem usar e compartilhar seu hist\u00f3rico de pesquisa ou navega\u00e7\u00e3o (como as vagas que voc\u00ea clica) e suas informa\u00e7\u00f5es de curr\u00edculo ou perfil para determinar resultados de busca e alerta de vagas relevantes. A\u00e7\u00f5es espec\u00edficas tamb\u00e9m podem iniciar o compartilhamento automaticamente, como abrir uma conta em um de nossos sites afiliados.<\/p>\n\n\n\n<h3 class=\"wp-block-heading\"><strong>Como fa\u00e7o para impedir que os meus dados pessoais sejam compartilhados dessa forma?<\/strong><\/h3>\n\n\n\n<p>N\u00f3s tentamos atender \u00e0s suas prefer\u00eancias. Caso n\u00e3o deseje que suas informa\u00e7\u00f5es sejam compartilhadas dessa maneira, dependendo do site, voc\u00ea pode solicitar a exclus\u00e3o de sua conta ou de seus dados pessoais ou solicitar que seus dados n\u00e3o sejam compartilhados dessa maneira enquanto possuir uma conta. Essas op\u00e7\u00f5es podem ser solicitadas seguindo as instru\u00e7\u00f5es presentes na <a href=\"https:\/\/hrtechprivacy.com\/pt-br\/brands\" data-type=\"URL\" data-id=\"https:\/\/hrtechprivacy.com\/pt-br\/brands\">pol\u00edtica de privacidade<\/a> do site utilizado.<\/p>\n\n\n\n<h2 class=\"wp-block-heading\" id=\"centro-de-privacidade\">Centro de Privacidade da HR Tech e sites afiliados<\/h2>\n\n\n\n<h3 class=\"wp-block-heading\"><strong>O lan\u00e7amento do Centro de Privacidade da HR Tech alterar\u00e1 a maneira como meus dados pessoais ser\u00e3o usados?<\/strong><\/h3>\n\n\n\n<p>N\u00e3o, esse lan\u00e7amento n\u00e3o causar\u00e1 mudan\u00e7as na maneira como seus dados pessoais ser\u00e3o usados. O objetivo do Centro \u00e9 oferecer a voc\u00ea mais transpar\u00eancia sobre o compartilhamento de dados que ocorre entre os <a href=\"https:\/\/hrtechprivacy.com\/pt-br\/brands\" data-type=\"URL\" data-id=\"https:\/\/hrtechprivacy.com\/pt-br\/brands\">sites afiliados<\/a>.<\/p>\n\n\n\n<h3 class=\"wp-block-heading\"><strong>Isso significa que os meus dados ser\u00e3o compartilhados com todos os sites afiliados, sem restri\u00e7\u00f5es?<\/strong><\/h3>\n\n\n\n<p>N\u00e3o, o compartilhamento dos seus dados pessoais \u00e9 regido pelas disposi\u00e7\u00f5es das <a href=\"https:\/\/hrtechprivacy.com\/pt-br\/brands\" data-type=\"URL\" data-id=\"https:\/\/hrtechprivacy.com\/pt-br\/brands\">pol\u00edticas de privacidade e de cookies<\/a> dos sites que voc\u00ea utilizou. Recomendamos que voc\u00ea consulte essas disposi\u00e7\u00f5es para ter uma compreens\u00e3o clara. Como mencionado acima, o lan\u00e7amento do Centro tem como objetivo principal oferecer maior transpar\u00eancia sobre o compartilhamento de dados descrito em detalhes nas <a href=\"https:\/\/hrtechprivacy.com\/pt-br\/brands\" data-type=\"URL\" data-id=\"https:\/\/hrtechprivacy.com\/pt-br\/brands\">pol\u00edticas de privacidade e de cookies<\/a> dos sites que voc\u00ea utilizou.<\/p>\n\n\n\n<h3 class=\"wp-block-heading\"><strong>Como os sites administram o compartilhamento dos meus dados pessoais entre os sites afiliados?<\/strong><\/h3>\n\n\n\n<p>N\u00f3s usamos diversos m\u00e9todos legais para assegurar que sejam aplicadas prote\u00e7\u00f5es adequadas ao compartilhamento. Isso pode consistir em uma ou v\u00e1rias medidas. Exemplos de medidas utilizadas podem incluir <a href=\"https:\/\/ec.europa.eu\/info\/law\/law-topic\/data-protection\/international-dimension-data-protection\/standard-contractual-clauses-scc_en\">cl\u00e1usulas contratuais padr\u00e3o<\/a>, o <a href=\"https:\/\/www.privacyshield.gov\/welcome\">Privacy Shield Framework UE-EUA<\/a>, <a href=\"https:\/\/www.privacyshield.gov\/article?id=10-Obligatory-Contracts-for-Onward-Transfers\">acordos de transfer\u00eancia subsequente<\/a> ou outros mecanismos que determinarmos serem apropriados para proteger adequadamente as transfer\u00eancias dos seus dados pessoais.&nbsp;<\/p>\n\n\n\n<h3 class=\"wp-block-heading\"><strong>Quem \u00e9 o controlador de dados dos meus dados pessoais?<\/strong><\/h3>\n\n\n\n<p>O controlador de dados dos seus dados pessoais dever\u00e1 estar especificado na <a href=\"https:\/\/hrtechprivacy.com\/pt\/brands\">pol\u00edtica de privacidade<\/a> do site que voc\u00ea utilizou.&nbsp;<\/p>\n\n\n\n<h3 class=\"wp-block-heading\"><strong>Como os sites lidam com a privacidade?<\/strong><\/h3>\n\n\n\n<p>Os sites da HR Tech levam a privacidade de seus usu\u00e1rios muito a s\u00e9rio. N\u00f3s investimos recursos significativos como parte dos nossos esfor\u00e7os para proteger os seus dados pessoais, e nos empenhamos em cumprir as regras de privacidade aplic\u00e1veis. Valorizamos tanto a confian\u00e7a que os candidatos depositam em n\u00f3s para ajud\u00e1-los a encontrar empregos quanto a que as empresas t\u00eam em nosso trabalho de auxili\u00e1-las na busca de excelentes candidatos. Consulte os nossos <a href=\"https:\/\/hrtechprivacy.com\/pt-br#valores\" data-type=\"URL\" data-id=\"https:\/\/hrtechprivacy.com\/pt-br#valores\">Valores de Privacidade<\/a>.&nbsp;<\/p>\n\n\n\n<h3 class=\"wp-block-heading\"><strong>Em qual idioma cada site disponibiliza a respectiva pol\u00edtica de privacidade ou de cookies?<\/strong><\/h3>\n\n\n\n<p>A <a href=\"https:\/\/hrtechprivacy.com\/pt-br\/brands\" data-type=\"URL\" data-id=\"https:\/\/hrtechprivacy.com\/pt-br\/brands\">pol\u00edtica de privacidade e de cookies<\/a> de um site est\u00e1 dispon\u00edvel nos idiomas locais dos mercados visados pelo site em quest\u00e3o. Caso um site espec\u00edfico n\u00e3o tenha uma pol\u00edtica de privacidade e de cookies em um determinado idioma, \u00e9 porque o site ainda n\u00e3o visa usu\u00e1rios nos mercados em que o idioma em quest\u00e3o \u00e9 utilizado.<\/p>\n\n\n\n<h2 class=\"wp-block-heading\" id=\"seus-direitos\">Seus direitos de privacidade<\/h2>\n\n\n\n<h3 class=\"wp-block-heading\"><strong>Quais direitos de privacidade eu tenho nos sites afiliados?<\/strong><\/h3>\n\n\n\n<p>Tratamos todos os nossos usu\u00e1rios com igualdade, oferecendo um pacote amplo de direitos de privacidade a todos eles no mundo inteiro. Isso significa que qualquer usu\u00e1rio do site, independentemente de onde estiver localizado, pode entrar em contato com o site para obter:<\/p>\n\n\n\n<ul class=\"wp-block-list\"><li>o acesso aos seus dados pessoais<\/li><li>a remo\u00e7\u00e3o dos dados pessoais<\/li><li>uma vers\u00e3o port\u00e1til dos seus dados pessoais<\/li><li>a restri\u00e7\u00e3o ou a obje\u00e7\u00e3o a determinados processamentos dos seus dados pessoais;<\/li><\/ul>\n\n\n\n<h3 class=\"wp-block-heading\"><strong>Como fa\u00e7o para exercer os meus direitos de privacidade?<\/strong><\/h3>\n\n\n\n<p>Voc\u00ea pode se valer dos seus direitos de privacidade consultando a <a href=\"https:\/\/hrtechprivacy.com\/pt-br\/brands\" data-type=\"URL\" data-id=\"https:\/\/hrtechprivacy.com\/pt-br\/brands\">pol\u00edtica de privacidade<\/a> do site que utilizou e seguindo as instru\u00e7\u00f5es ali especificadas.<\/p>\n\n\n\n<h3 class=\"wp-block-heading\"><strong>Quais s\u00e3o as medidas de seguran\u00e7a adotadas pelos sites?<\/strong><\/h3>\n\n\n\n<p>N\u00f3s levamos muito a s\u00e9rio a seguran\u00e7a dos seus dados pessoais, e dedicamos a esse fim recursos significativos. N\u00f3s utilizamos v\u00e1rias pr\u00e1ticas com o objetivo de impedir o acesso, a divulga\u00e7\u00e3o e a destrui\u00e7\u00e3o n\u00e3o autorizados ou a perda acidental dos dados. Essas pr\u00e1ticas variam conforme a natureza dos dados, o&nbsp;contexto do processamento, os riscos envolvidos e a tecnologia dispon\u00edvel.&nbsp;<\/p>\n\n\n\n<p>N\u00f3s usamos uma s\u00e9rie de medidas de seguran\u00e7a para proteger os seus dados pessoais, adotando uma abordagem baseada em riscos, incluindo, quando pertinente:<\/p>\n\n\n\n<ul class=\"wp-block-list\"><li>Pseudonimiza\u00e7\u00e3o seletiva e criptografia dos dados pessoais;<\/li><li>Concep\u00e7\u00e3o de sistemas internos para proteger a confidencialidade, a integridade, a disponibilidade e&nbsp;a resili\u00eancia dos nossos servi\u00e7os e sistemas de processamento;<\/li><li>Uso de sistemas e processos concebidos para termos a capacidade de restaurar a disponibilidade e o acesso aos dados pessoais mantidos por n\u00f3s em tempo \u00fatil, no caso de um incidente f\u00edsico ou t\u00e9cnico;<\/li><li>Realiza\u00e7\u00e3o regular de testes e avalia\u00e7\u00f5es da efic\u00e1cia das medidas de seguran\u00e7a dos sites.<\/li><\/ul>\n\n\n\n<h3 class=\"wp-block-heading\"><strong>O que posso fazer enquanto empresa para manter minha conta segura?<\/strong><\/h3>\n\n\n\n<p>Para sugest\u00f5es sobre as melhores maneiras para manter a sua conta de empresa segura, consulte nossa <a href=\"https:\/\/pt.indeed.com\/security\">p\u00e1gina de seguran\u00e7a<\/a>.<\/p>\n","protected":false},"excerpt":{"rendered":"<p>Compartilhamento de dados pessoais Quais dados pessoais s\u00e3o compartilhados entre os sites? Os dados pessoais a serem compartilhados s\u00e3o determinados pelas pol\u00edticas de privacidade e de cookies dos sites que voc\u00ea utilizar.&nbsp; Os dados pessoais compartilhados dependem da sua intera\u00e7\u00e3o com os sites durante as suas atividades de busca de emprego e de inscri\u00e7\u00e3o. Eles [&hellip;]<\/p>\n","protected":false},"author":13,"featured_media":0,"parent":0,"menu_order":0,"comment_status":"closed","ping_status":"closed","template":"","meta":{"_acf_changed":false,"inline_featured_image":false,"footnotes":""},"class_list":["post-457","page","type-page","status-publish","hentry"],"acf":[],"_links":{"self":[{"href":"https:\/\/hrtechprivacy.com\/pt-br\/wp-json\/wp\/v2\/pages\/457","targetHints":{"allow":["GET"]}}],"collection":[{"href":"https:\/\/hrtechprivacy.com\/pt-br\/wp-json\/wp\/v2\/pages"}],"about":[{"href":"https:\/\/hrtechprivacy.com\/pt-br\/wp-json\/wp\/v2\/types\/page"}],"author":[{"embeddable":true,"href":"https:\/\/hrtechprivacy.com\/pt-br\/wp-json\/wp\/v2\/users\/13"}],"replies":[{"embeddable":true,"href":"https:\/\/hrtechprivacy.com\/pt-br\/wp-json\/wp\/v2\/comments?post=457"}],"version-history":[{"count":0,"href":"https:\/\/hrtechprivacy.com\/pt-br\/wp-json\/wp\/v2\/pages\/457\/revisions"}],"wp:attachment":[{"href":"https:\/\/hrtechprivacy.com\/pt-br\/wp-json\/wp\/v2\/media?parent=457"}],"curies":[{"name":"wp","href":"https:\/\/api.w.org\/{rel}","templated":true}]}}