{"id":334,"date":"2019-10-16T20:29:28","date_gmt":"2019-10-16T20:29:28","guid":{"rendered":"https:\/\/hrtechprivacy.com\/?page_id=334"},"modified":"2021-11-15T15:17:50","modified_gmt":"2021-11-15T15:17:50","slug":"welcome-to-the-hr-tech-privacy-center","status":"publish","type":"page","link":"https:\/\/hrtechprivacy.com\/pt-br\/welcome-to-the-hr-tech-privacy-center","title":{"rendered":"Bem-vindo ao Centro de Privacidade da HR Tech"},"content":{"rendered":"\n<h2 class=\"wp-block-heading\" id=\"introducao\"><strong>Introdu\u00e7\u00e3o<\/strong><\/h2>\n\n\n\n<h3 class=\"wp-block-heading\">Levamos seus dados pessoais muito a s\u00e9rio&nbsp;<\/h3>\n\n\n\n<p>Bem-vindo ao Centro de Privacidade da HR Tech \u2013 uma plataforma que detalha como diversos <a href=\"https:\/\/hrtechprivacy.com\/pt\/brands\">sites de busca de emprego e recrutamento, al\u00e9m de marcas<\/a>, compartilham dados e protegem a privacidade. Essas marcas incluem o Indeed e o Glassdoor, e fazem parte da <a href=\"https:\/\/recruit-holdings.com\/\">Recruit Holdings<\/a>.<\/p>\n\n\n\n<p>Desenvolvemos esse site para ajudar voc\u00ea a saber mais sobre nossos <a href=\"https:\/\/hrtechprivacy.com\/pt\/#valores\" data-type=\"URL\" data-id=\"https:\/\/hrtechprivacy.com\/pt\/#valores\">valores de privacidade<\/a>, como seus dados s\u00e3o compartilhados entre as empresas afiliadas e por que \u00e9 importante que compartilhemos eles.&nbsp;<\/p>\n\n\n\n<p>O compartilhamento de dados entre sites nos permite:<\/p>\n\n\n\n<ul class=\"wp-block-list\"><li>Ajudar a conectar mais candidatos a mais an\u00fancios de vaga e a mais empresas.<\/li><li>Melhorar e personalizar os servi\u00e7os para nossos usu\u00e1rios<\/li><li>Aprimorar a seguran\u00e7a para nossos usu\u00e1rios<\/li><\/ul>\n\n\n\n<p>O compartilhamento de dados beneficia tanto os candidatos quanto as empresas. Saiba mais nos links <a href=\"https:\/\/hrtechprivacy.com\/pt\/#beneficios\" data-type=\"URL\" data-id=\"https:\/\/hrtechprivacy.com\/pt\/#beneficios\">abaixo<\/a> ou encontre respostas para <a href=\"https:\/\/hrtechprivacy.com\/pt\/faq\">perguntas frequentes<\/a>.<\/p>\n\n\n\n<p>As informa\u00e7\u00f5es fornecidas aqui n\u00e3o mudam como cada site coleta ou compartilha seus dados pessoais. Isso \u00e9 regido pelas <a href=\"https:\/\/hrtechprivacy.com\/pt\/brands\">pol\u00edticas de privacidade e de cookies<\/a> individuais de cada site. Se voc\u00ea tiver d\u00favidas sobre um site espec\u00edfico, sugerimos acessar a central de ajuda do respectivo site para obter mais informa\u00e7\u00f5es.<\/p>\n\n\n\n<h2 class=\"wp-block-heading\" id=\"valores\">Nossos valores de privacidade<\/h2>\n\n\n\n<h3 class=\"wp-block-heading\">Priorizando sua confian\u00e7a<\/h3>\n\n\n\n<p>Valorizamos a confian\u00e7a que nos deposita, independentemente de ajudarmos voc\u00ea a encontrar vagas ou a achar \u00f3timos candidatos. Para manter essa confian\u00e7a, fazemos investimentos significativos para proteger seus dados pessoais. Esses esfor\u00e7os s\u00e3o guiados por nossos valores de privacidade:<\/p>\n\n\n\n<ul class=\"wp-block-list\"><li>Tratamos todos os usu\u00e1rios igualmente, fornecendo um amplo conjunto de direitos de privacidade globais. Qualquer usu\u00e1rio pode solicitar:<ul><li>o acesso aos dados pessoais<\/li><li>a remo\u00e7\u00e3o de dados pessoais<\/li><li>uma vers\u00e3o port\u00e1til dos dados pessoais<\/li><li>a restri\u00e7\u00e3o ou a obje\u00e7\u00e3o a determinados processamentos dos dados pessoais<\/li><\/ul><\/li><li>Aderimos \u00e0 uma pol\u00edtica de privacidade desde a concep\u00e7\u00e3o, que informa como desenvolvemos e operamos nossos servi\u00e7os.<\/li><li>Somos transparentes sobre quais dados pessoais coletamos e como eles s\u00e3o processados.<\/li><li>Garantimos que os dados pessoais que coletamos s\u00e3o utilizados, principalmente, para o prop\u00f3sito de ajudar nossos candidatos a encontrar vagas, nossas empresas a encontrar \u00f3timos candidatos e o de melhorar os servi\u00e7os que prestamos a voc\u00ea.&nbsp;<\/li><li>Limitamos a coleta e a armazenamento de dados pessoais para o que \u00e9 adequado, relevante e necess\u00e1rio.<\/li><li>Mantemos seus dados pessoais precisos e atualizados, quando apropriado.<\/li><li>Processamos seus dados pessoais utilizando a seguran\u00e7a e a confidencialidade adequadas.<\/li><li>Demonstramos responsabilidade e conformidade com as leis de privacidade aplic\u00e1veis.<\/li><\/ul>\n\n\n\n<h2 class=\"wp-block-heading\" id=\"beneficios\">Os benef\u00edcios do compartilhamento de dados<\/h2>\n\n\n\n<h3 class=\"wp-block-heading\">Por que voc\u00eas precisam dos meus dados?<\/h3>\n\n\n\n<p>O compartilhamento de dados n\u00e3o s\u00f3 oferece uma s\u00e9rie de benef\u00edcios para os candidatos e as empresas, como tamb\u00e9m nos permite melhorar os servi\u00e7os que oferecemos a voc\u00ea.&nbsp;<\/p>\n\n\n\n<p><strong>O compartilhamento de dados significa mais empresas, mais an\u00fancios de vaga e mais candidatos<\/strong><\/p>\n\n\n\n<p>O compartilhamento de dados entre <a href=\"https:\/\/hrtechprivacy.com\/pt\/brands\">sites afiliados<\/a> permite que os candidatos acessem um banco de dados ainda maior de an\u00fancios de vaga e empresas. Ele tamb\u00e9m ajuda as empresas a ter acesso a mais candidatos. Por exemplo, um site pode recomendar vagas ou empresas em outro site afiliado. O&nbsp;compartilhamento tamb\u00e9m pode fazer com que candidaturas, curr\u00edculos e an\u00fancios de vagas funcionem entre os sites afiliados<\/p>\n\n\n\n<p>Os sites tamb\u00e9m podem compartilhar dados de empresas, como informa\u00e7\u00e3o da conta e de comportamento para fornecer uma experiencia melhor a essas empresas.<\/p>\n\n\n\n<p><strong>O compartilhamento de dados melhora os servi\u00e7os que oferecemos a voc\u00ea<\/strong><\/p>\n\n\n\n<p>O compartilhamento de dados permite que nossos sites forne\u00e7am conte\u00fado, desempenho, recursos e servi\u00e7os personalizados e aprimorados.&nbsp;<\/p>\n\n\n\n<p>Por exemplo, <a href=\"https:\/\/hrtechprivacy.com\/pt\/brands\">nossos sites<\/a> poder\u00e3o utilizar e compartilhar o seu hist\u00f3rico de pesquisa ou navega\u00e7\u00e3o (por exemplo, as vagas em que voc\u00ea clicou) e as suas informa\u00e7\u00f5es de perfil ou o seu curr\u00edculo para determinar resultados de busca e alerta de vagas pertinentes. O compartilhamento de dados tamb\u00e9m pode fornecer informa\u00e7\u00f5es sobre carreira como avalia\u00e7\u00f5es de empresas, dados de sal\u00e1rio de an\u00fancios de vagas, dicas de entrevista e muito mais.&nbsp;<\/p>\n\n\n\n<p>O compartilhamento tamb\u00e9m ajuda na melhoria da an\u00e1lise, do teste e da pesquisa de dados, assim como dos servi\u00e7os em nossos sites.<\/p>\n\n\n\n<p><strong>O compartilhamento de dados oferece mais seguran\u00e7a aos usu\u00e1rios<\/strong><\/p>\n\n\n\n<p>Compartilhar dados permite que os nossos sites protejam melhor nossos usu\u00e1rios. Em particular, permite que os sites afiliados melhorem a seguran\u00e7a do usu\u00e1rio e as opera\u00e7\u00f5es internas. Tamb\u00e9m facilita a resolu\u00e7\u00e3o de problemas, bem como a detec\u00e7\u00e3o e preven\u00e7\u00e3o de fraudes e spam.<\/p>\n\n\n\n<h2 class=\"wp-block-heading\" id=\"historico\">Hist\u00f3rico da atividade no site<\/h2>\n\n\n\n<h3 class=\"wp-block-heading\">O que fazemos com os dados<\/h3>\n\n\n\n<p>Processamos sua atividade nos <a href=\"https:\/\/hrtechprivacy.com\/pt\/brands\">sites afiliados<\/a> para nos ajudar a entender melhor como voc\u00ea os usa. Isso nos ajuda a melhorar e a informar os produtos e os servi\u00e7os que oferecemos. Tudo isso nos permite ajudar voc\u00ea a encontrar vagas.&nbsp;<\/p>\n\n\n\n<p>\u00c9 importante observar que nossos sites n\u00e3o funcionam, conforme o previsto, sem a coleta e compartilhamento de dados. Isso inclui o processamento, coleta, an\u00e1lise, armazenamento e compartilhamento dos seus dados entre eles. Os dados coletados podem incluir quaisquer e todas as intera\u00e7\u00f5es e comunica\u00e7\u00f5es que voc\u00ea realizou em nossos sites. Tamb\u00e9m podem incluir, sem limita\u00e7\u00e3o, as \u00e1reas dos sites afiliados que voc\u00ea visitou e onde voc\u00ea clicou, rolou, passou o mouse ou interagiu de outra forma com nossos sites. Tamb\u00e9m podem incluir quando e por quanto tempo cada atividade ocorreu.&nbsp;<\/p>\n\n\n\n<p>Por ser algo essencial para o funcionamento de nossos sites, se voc\u00ea n\u00e3o deseja que suas a\u00e7\u00f5es sejam coletadas, processadas, analisadas ou compartilhadas desta forma, ter\u00e1 que parar de utilizar nossos sites.<\/p>\n","protected":false},"excerpt":{"rendered":"<p>Introdu\u00e7\u00e3o Levamos seus dados pessoais muito a s\u00e9rio&nbsp; Bem-vindo ao Centro de Privacidade da HR Tech \u2013 uma plataforma que detalha como diversos sites de busca de emprego e recrutamento, al\u00e9m de marcas, compartilham dados e protegem a privacidade. Essas marcas incluem o Indeed e o Glassdoor, e fazem parte da Recruit Holdings. Desenvolvemos esse [&hellip;]<\/p>\n","protected":false},"author":13,"featured_media":0,"parent":0,"menu_order":0,"comment_status":"closed","ping_status":"closed","template":"","meta":{"_acf_changed":false,"inline_featured_image":false,"footnotes":""},"class_list":["post-334","page","type-page","status-publish","hentry"],"acf":[],"_links":{"self":[{"href":"https:\/\/hrtechprivacy.com\/pt-br\/wp-json\/wp\/v2\/pages\/334","targetHints":{"allow":["GET"]}}],"collection":[{"href":"https:\/\/hrtechprivacy.com\/pt-br\/wp-json\/wp\/v2\/pages"}],"about":[{"href":"https:\/\/hrtechprivacy.com\/pt-br\/wp-json\/wp\/v2\/types\/page"}],"author":[{"embeddable":true,"href":"https:\/\/hrtechprivacy.com\/pt-br\/wp-json\/wp\/v2\/users\/13"}],"replies":[{"embeddable":true,"href":"https:\/\/hrtechprivacy.com\/pt-br\/wp-json\/wp\/v2\/comments?post=334"}],"version-history":[{"count":0,"href":"https:\/\/hrtechprivacy.com\/pt-br\/wp-json\/wp\/v2\/pages\/334\/revisions"}],"wp:attachment":[{"href":"https:\/\/hrtechprivacy.com\/pt-br\/wp-json\/wp\/v2\/media?parent=334"}],"curies":[{"name":"wp","href":"https:\/\/api.w.org\/{rel}","templated":true}]}}