{"id":2234,"date":"2020-07-02T19:09:30","date_gmt":"2020-07-02T19:09:30","guid":{"rendered":"https:\/\/hrtechprivacy.com\/?page_id=2234"},"modified":"2021-10-29T19:29:08","modified_gmt":"2021-10-29T19:29:08","slug":"glassdoor-nodata-request-info-nl","status":"publish","type":"page","link":"https:\/\/hrtechprivacy.com\/nl\/glassdoor-nodata-request-info-nl","title":{"rendered":"Informationen zu Ihrer Anforderung personenbezogener Daten auf Glassdoor"},"content":{"rendered":"\n<p>Wir m\u00f6chten Sie bez\u00fcglich der von Ihnen gestellten Anforderung Ihrer personenbezogenen Daten bei Glassdoor informieren.<\/p>\n\n\n\n<p>Wir konnten keine personenbezogenen Daten bei Glassdoor finden, die mit Ihrer E-Mail-Adresse verkn\u00fcpft sind.<\/p>\n\n\n\n<p>Hierf\u00fcr gibt es folgende m\u00f6gliche Ursachen:<\/p>\n\n\n\n<ul class=\"wp-block-list\"><li>Sie haben Glassdoor nicht mit den angegebenen Kontaktdaten verwendet.<\/li><li>Sie haben Ihre Kontaktdaten fehlerhaft eingegeben.<\/li><li>Sie haben sich mit anderen Kontaktdaten registriert.<\/li><\/ul>\n\n\n\n<p>Wenn Sie meinen, dass ein Fehler vorliegt, empfehlen wir&nbsp;Ihre Anfrage erneut einzureichen.<\/p>\n","protected":false},"excerpt":{"rendered":"<p>Wir m\u00f6chten Sie bez\u00fcglich der von Ihnen gestellten Anforderung Ihrer personenbezogenen Daten bei Glassdoor informieren. Wir konnten keine personenbezogenen Daten bei Glassdoor finden, die mit Ihrer E-Mail-Adresse verkn\u00fcpft sind. Hierf\u00fcr gibt es folgende m\u00f6gliche Ursachen: Sie haben Glassdoor nicht mit den angegebenen Kontaktdaten verwendet. Sie haben Ihre Kontaktdaten fehlerhaft eingegeben. Sie haben sich mit anderen [&hellip;]<\/p>\n","protected":false},"author":20,"featured_media":0,"parent":0,"menu_order":0,"comment_status":"closed","ping_status":"closed","template":"","meta":{"_acf_changed":false,"inline_featured_image":false,"footnotes":""},"class_list":["post-2234","page","type-page","status-publish","hentry"],"acf":[],"_links":{"self":[{"href":"https:\/\/hrtechprivacy.com\/nl\/wp-json\/wp\/v2\/pages\/2234","targetHints":{"allow":["GET"]}}],"collection":[{"href":"https:\/\/hrtechprivacy.com\/nl\/wp-json\/wp\/v2\/pages"}],"about":[{"href":"https:\/\/hrtechprivacy.com\/nl\/wp-json\/wp\/v2\/types\/page"}],"author":[{"embeddable":true,"href":"https:\/\/hrtechprivacy.com\/nl\/wp-json\/wp\/v2\/users\/20"}],"replies":[{"embeddable":true,"href":"https:\/\/hrtechprivacy.com\/nl\/wp-json\/wp\/v2\/comments?post=2234"}],"version-history":[{"count":0,"href":"https:\/\/hrtechprivacy.com\/nl\/wp-json\/wp\/v2\/pages\/2234\/revisions"}],"wp:attachment":[{"href":"https:\/\/hrtechprivacy.com\/nl\/wp-json\/wp\/v2\/media?parent=2234"}],"curies":[{"name":"wp","href":"https:\/\/api.w.org\/{rel}","templated":true}]}}