{"id":454,"date":"2019-10-25T13:58:11","date_gmt":"2019-10-25T13:58:11","guid":{"rendered":"https:\/\/hrtechprivacy.com\/?page_id=454"},"modified":"2021-10-29T19:47:35","modified_gmt":"2021-10-29T19:47:35","slug":"frequently-asked-questions","status":"publish","type":"page","link":"https:\/\/hrtechprivacy.com\/it\/frequently-asked-questions","title":{"rendered":"Domande frequenti"},"content":{"rendered":"\n<h2 class=\"wp-block-heading\" id=\"condivisione\">Condivisione dei dati personali<\/h2>\n\n\n\n<h3 class=\"wp-block-heading\"><strong>Quali dati personali sono condivisi tra i siti?<\/strong><\/h3>\n\n\n\n<p>Il tipo di dati personali condivisi dipende dalle <a href=\"https:\/\/hrtechprivacy.com\/it\/brands\">Norme sulla Privacy e sui Cookie<\/a> dei siti utilizzati.&nbsp;<\/p>\n\n\n\n<p>I dati personali condivisi dipendono dall&#8217;interazione dell&#8217;utente con i siti nel corso della ricerca di lavoro e&nbsp;delle attivit\u00e0 per la candidatura. Possono includere nome e cognome, nome utente, indirizzo email, numero di telefono, informazioni sul CV\/profilo, indirizzo IP, ID inserzionista, risposte a eventuali domande di&nbsp;selezione del datore di lavoro, offerte di lavoro, notifiche sulle offerte, stato di avanzamento della candidatura e le attivit\u00e0 di ricerca, click e sessioni dell&#8217;utente sui siti.<\/p>\n\n\n\n<h3 class=\"wp-block-heading\"><strong>Perch\u00e9 i dati personali sono condivisi in questo modo?<\/strong><\/h3>\n\n\n\n<p>I dati personali degli utenti vengono condivisi per diversi motivi, in particolare per:&nbsp;<\/p>\n\n\n\n<ul class=\"wp-block-list\"><li>connettere pi\u00f9 persone in cerca di lavoro a un maggior numero di offerte e datori di lavoro<\/li><li>migliorare i servizi offerti&nbsp;<\/li><li>garantire una maggiore sicurezza agli utenti<\/li><\/ul>\n\n\n\n<p>Sono disponibili ulteriori informazioni sui <a href=\"https:\/\/hrtechprivacy.com\/it\/#vantaggi\" data-type=\"URL\" data-id=\"https:\/\/hrtechprivacy.com\/it\/#vantaggi\">vantaggi della condivisione dei dati<\/a>.<\/p>\n\n\n\n<h3 class=\"wp-block-heading\"><strong>Quando e in che modo avviene la condivisione dei dati?<\/strong><\/h3>\n\n\n\n<p>I tempi e le modalit\u00e0 di condivisione dei dati personali dipendono dal sito in questione, dal tipo di dati personali condivisi e dalle azioni intraprese sui <a href=\"https:\/\/hrtechprivacy.com\/it\/brands\">siti affiliati<\/a>. Nella maggior parte dei casi, la condivisione dei dati avviene quando viene identificato un particolare interesse aziendale per il miglioramento dei servizi, come espresso nella <a href=\"https:\/\/hrtechprivacy.com\/it\/#vantaggi\" data-type=\"URL\" data-id=\"https:\/\/hrtechprivacy.com\/it\/#vantaggi\">sezione sui vantaggi della condivisione dei dati<\/a>.&nbsp;<\/p>\n\n\n\n<p>I siti possono utilizzare e condividere le ricerche precedenti e la cronologia di navigazione (ad esempio, le&nbsp;offerte di lavoro cliccate), nonch\u00e9 le informazioni sul CV o sul profilo dell&#8217;utente per determinare i risultati di ricerca pertinenti e inviare avvisi Job Alert. Alcune azioni specifiche, come l&#8217;apertura di un account su uno dei siti affiliati, possono dare luogo alla condivisione automatica.<\/p>\n\n\n\n<h3 class=\"wp-block-heading\"><strong>\u00c8 possibile impedire che i dati personali vengano condivisi in questo modo?<\/strong><\/h3>\n\n\n\n<p>Cerchiamo di consentire all&#8217;utente di applicare con facilit\u00e0 le proprie preferenze. Se l&#8217;utente non desidera che le proprie informazioni vengano condivise in questo modo pu\u00f2 richiedere, a seconda del sito, l&#8217;eliminazione dell&#8217;account, dei propri dati personali o richiedere che i dati non vengano condivisi con tali modalit\u00e0 pur mantenendo un account. Queste azioni possono essere intraprese seguendo le istruzioni nelle <a href=\"https:\/\/hrtechprivacy.com\/it\/brands\">Norme sulla Privacy<\/a> dei siti utilizzati.<\/p>\n\n\n\n<h2 class=\"wp-block-heading\" id=\"centro-privacy\">Centro privacy HR Tech e siti affiliati<\/h2>\n\n\n\n<h3 class=\"wp-block-heading\"><strong>Il lancio del Centro privacy HR Tech comporta modifiche alle modalit\u00e0 di utilizzo dei dati personali dell&#8217;utente?<\/strong><\/h3>\n\n\n\n<p>No, questo lancio non comporta alcuna modifica alle modalit\u00e0 di utilizzo dei dati personali dell&#8217;utente. Il&nbsp;Centro privacy \u00e8 progettato per offrire maggiore trasparenza nella condivisione dei dati tra i <a href=\"https:\/\/hrtechprivacy.com\/it\/brands\">siti affiliati<\/a>.<\/p>\n\n\n\n<h3 class=\"wp-block-heading\"><strong>Questo significa che tutti i dati dell&#8217;utente saranno condivisi da tutti i siti affiliati senza limitazioni?<\/strong><\/h3>\n\n\n\n<p>No, la condivisione dei dati personali \u00e8 regolata dalle disposizioni delle <a href=\"https:\/\/hrtechprivacy.com\/it\/brands\">Norme sulla Privacy e sui Cookie<\/a> dei siti utilizzati. Gli utenti sono invitati a fare riferimento a tali disposizioni in modo da comprenderle chiaramente. Come accennato in precedenza, l&#8217;obiettivo del lancio del Centro privacy \u00e8 principalmente quello di fornire una maggiore trasparenza sulle informazioni inerenti la condivisione dei dati nelle <a href=\"https:\/\/hrtechprivacy.com\/it\/brands\">Norme sulla Privacy e sui Cookie<\/a> dei siti utilizzati.<\/p>\n\n\n\n<h3 class=\"wp-block-heading\"><strong>In che modo viene gestita la condivisione dei dati personali dell&#8217;utente tra i siti affiliati?<\/strong><\/h3>\n\n\n\n<p>Vengono utilizzati vari metodi legali obbligatori per garantire l&#8217;applicazione di un&#8217;adeguata protezione a tale condivisione. Ci\u00f2 pu\u00f2 consistere in una singola misura o in un insieme di misure. Alcuni esempi di misure utilizzate sono: <a href=\"https:\/\/ec.europa.eu\/info\/law\/law-topic\/data-protection\/international-dimension-data-protection\/standard-contractual-clauses-scc_en\">clausole contrattuali standard<\/a>, il <a href=\"https:\/\/www.privacyshield.gov\/welcome\">quadro Privacy Shield tra Unione europea e Stati Uniti<\/a>, <a href=\"https:\/\/www.privacyshield.gov\/article?id=10-Obligatory-Contracts-for-Onward-Transfers\">accordi per i trasferimenti successivi<\/a> o altri meccanismi ritenuti appropriati per proteggere adeguatamente i&nbsp;trasferimenti dei dati personali.&nbsp;<\/p>\n\n\n\n<h3 class=\"wp-block-heading\"><strong>Chi \u00e8 il responsabile del trattamento dei dati personali?<\/strong><\/h3>\n\n\n\n<p>Il responsabile del trattamento dei dati personali deve essere specificato nelle <a href=\"https:\/\/hrtechprivacy.com\/it\/brands\">Norme sulla Privacy<\/a> del sito&nbsp;utilizzato.&nbsp;<\/p>\n\n\n\n<h3 class=\"wp-block-heading\"><strong>In che modo i siti considerano la privacy?<\/strong><\/h3>\n\n\n\n<p>I siti HR Tech attribuiscono la massima importanza alla privacy degli utenti investendo risorse significative nella protezione dei dati personali e impegnandosi a rispettare i regolamenti sulla privacy applicabili. La fiducia riposta nei siti dalle persone in cerca di lavoro per ottenere aiuto nella ricerca di un impiego e dai datori di lavoro per trovare ottimi candidati \u00e8 molto apprezzata. Consultare le informazioni sui <a href=\"https:\/\/hrtechprivacy.com\/it\/#valori\" data-type=\"URL\" data-id=\"https:\/\/hrtechprivacy.com\/it\/#valori\">valori relativi alla privacy<\/a>.&nbsp;<\/p>\n\n\n\n<h3 class=\"wp-block-heading\"><strong>In quali lingue ciascun sito fornisce le proprie Norme sulla Privacy o sui Cookie?<\/strong><\/h3>\n\n\n\n<p>Le <a href=\"https:\/\/hrtechprivacy.com\/it\/brands\">Norme sulla Privacy e sui Cookie<\/a> di un sito sono disponibili nelle lingue locali dei mercati a cui tale sito \u00e8&nbsp;destinato. Qualora un particolare sito non renda disponibili le Norme sulla Privacy o sui Cookie in una determinata lingua, ci\u00f2 \u00e8 dovuto al fatto che il sito non \u00e8 ancora destinato agli utenti nei mercati in cui \u00e8&nbsp;applicabile tale lingua.<\/p>\n\n\n\n<h2 class=\"wp-block-heading\" id=\"diritti\">Diritti di privacy dell&#8217;utente<\/h2>\n\n\n\n<h3 class=\"wp-block-heading\"><strong>Quali diritti di privacy sono disponibili per l&#8217;utente sui siti affiliati?<\/strong><\/h3>\n\n\n\n<p>I siti si impegnano a trattare in modo equo tutti gli utenti, fornendo loro un&#8217;ampia variet\u00e0 di diritti di privacy a&nbsp;livello globale. Ci\u00f2 significa che qualsiasi utente di un sito, indipendentemente dalla propria posizione, pu\u00f2 contattarlo per ottenere:<\/p>\n\n\n\n<ul class=\"wp-block-list\"><li>l&#8217;accesso ai propri dati personali<\/li><li>l&#8217;eliminazione dei dati personali<\/li><li>una versione portatile dei dati personali<\/li><li>la possibilit\u00e0 di limitare o opporsi a determinati trattamenti dei dati personali<\/li><\/ul>\n\n\n\n<h3 class=\"wp-block-heading\"><strong>Come pu\u00f2 l&#8217;utente esercitare i propri diritti di privacy?<\/strong><\/h3>\n\n\n\n<p>L&#8217;utente pu\u00f2 esercitarli consultando le <a href=\"https:\/\/hrtechprivacy.com\/it\/brands\">Norme sulla Privacy<\/a> del sito utilizzato e seguendo le istruzioni ivi&nbsp;specificate.<\/p>\n\n\n\n<h3 class=\"wp-block-heading\"><strong>Quali misure di sicurezza sono adottate dai siti?<\/strong><\/h3>\n\n\n\n<p>La sicurezza dei dati personali degli utenti ha la massima importanza e sono state dedicate risorse significative a tale scopo. Vengono utilizzate varie procedure con l&#8217;obiettivo di prevenire accessi non autorizzati, divulgazione, distruzione o perdita accidentale. Queste procedure variano a seconda della natura dei dati, del contesto dell&#8217;elaborazione, dei rischi connessi e della tecnologia disponibile.&nbsp;<\/p>\n\n\n\n<p>Vengono impiegate una serie di misure di sicurezza per proteggere i dati personali, adottando un approccio basato sui rischi, inclusi ove applicabile:<\/p>\n\n\n\n<ul class=\"wp-block-list\"><li>pseudonimizzazione selettiva e crittografia dei dati personali<\/li><li>progettazione di sistemi interni per proteggere la riservatezza, l&#8217;integrit\u00e0, la disponibilit\u00e0 e la resilienza di sistemi e servizi di elaborazione<\/li><li>utilizzo di sistemi e processi progettati per offrire la possibilit\u00e0 di ripristinare in modo tempestivo la&nbsp;disponibilit\u00e0 e l&#8217;accesso ai dati personali conservati in caso di incidente fisico o tecnico<\/li><li>test, analisi e valutazione periodica dell&#8217;efficacia delle misure di sicurezza dei siti<\/li><\/ul>\n\n\n\n<h3 class=\"wp-block-heading\"><strong>Cosa possono fare i datori di lavoro per mantenere i propri account al sicuro?<\/strong><\/h3>\n\n\n\n<p>Per suggerimenti su come mantenere al sicuro gli account datore di lavoro, fare riferimento alla <a href=\"https:\/\/it.indeed.com\/security\">pagina sulla&nbsp;sicurezza<\/a>.<\/p>\n","protected":false},"excerpt":{"rendered":"<p>Condivisione dei dati personali Quali dati personali sono condivisi tra i siti? Il tipo di dati personali condivisi dipende dalle Norme sulla Privacy e sui Cookie dei siti utilizzati.&nbsp; I dati personali condivisi dipendono dall&#8217;interazione dell&#8217;utente con i siti nel corso della ricerca di lavoro e&nbsp;delle attivit\u00e0 per la candidatura. Possono includere nome e cognome, [&hellip;]<\/p>\n","protected":false},"author":13,"featured_media":0,"parent":0,"menu_order":0,"comment_status":"closed","ping_status":"closed","template":"","meta":{"_acf_changed":false,"inline_featured_image":false,"footnotes":""},"class_list":["post-454","page","type-page","status-publish","hentry"],"acf":[],"_links":{"self":[{"href":"https:\/\/hrtechprivacy.com\/it\/wp-json\/wp\/v2\/pages\/454","targetHints":{"allow":["GET"]}}],"collection":[{"href":"https:\/\/hrtechprivacy.com\/it\/wp-json\/wp\/v2\/pages"}],"about":[{"href":"https:\/\/hrtechprivacy.com\/it\/wp-json\/wp\/v2\/types\/page"}],"author":[{"embeddable":true,"href":"https:\/\/hrtechprivacy.com\/it\/wp-json\/wp\/v2\/users\/13"}],"replies":[{"embeddable":true,"href":"https:\/\/hrtechprivacy.com\/it\/wp-json\/wp\/v2\/comments?post=454"}],"version-history":[{"count":0,"href":"https:\/\/hrtechprivacy.com\/it\/wp-json\/wp\/v2\/pages\/454\/revisions"}],"wp:attachment":[{"href":"https:\/\/hrtechprivacy.com\/it\/wp-json\/wp\/v2\/media?parent=454"}],"curies":[{"name":"wp","href":"https:\/\/api.w.org\/{rel}","templated":true}]}}