{"id":453,"date":"2019-10-25T13:56:56","date_gmt":"2019-10-25T13:56:56","guid":{"rendered":"https:\/\/hrtechprivacy.com\/?page_id=453"},"modified":"2021-10-29T19:43:25","modified_gmt":"2021-10-29T19:43:25","slug":"frequently-asked-questions","status":"publish","type":"page","link":"https:\/\/hrtechprivacy.com\/hu\/frequently-asked-questions","title":{"rendered":"Gyakori k\u00e9rd\u00e9sek (GYIK)"},"content":{"rendered":"\n<h2 class=\"wp-block-heading\" id=\"personal-information\">A szem\u00e9lyes adatok megoszt\u00e1sa<\/h2>\n\n\n\n<h3 class=\"wp-block-heading\"><strong>Milyen szem\u00e9lyes adatokat osztanak meg egym\u00e1s k\u00f6z\u00f6tt a webhelyek?<\/strong><\/h3>\n\n\n\n<p>A megosztott szem\u00e9lyes adatok k\u00f6r\u00e9t az \u00d6n \u00e1ltal haszn\u00e1lt webhely <a href=\"https:\/\/hrtechprivacy.com\/hu\/brands\">adatv\u00e9delmi \u00e9s cookie-szab\u00e1lyzata<\/a> hat\u00e1rozza meg.&nbsp;<\/p>\n\n\n\n<p>A megosztott szem\u00e9lyes adatok k\u00f6re att\u00f3l is f\u00fcgg, hogy \u00d6n milyen interakci\u00f3ra l\u00e9pett a webhelyekkel az&nbsp;\u00e1ll\u00e1skeres\u00e9si \u00e9s jelentkez\u00e9si tev\u00e9kenys\u00e9ge sor\u00e1n. Szerepelhet k\u00f6zt\u00fck a vezet\u00e9kneve \u00e9s az ut\u00f3neve, a&nbsp;felhaszn\u00e1l\u00f3neve, az e-mail-c\u00edme, a telefonsz\u00e1ma, az \u00f6n\u00e9letrajz\u00e1ban\/profilj\u00e1ban szerepl\u0151 adatok, az IP-c\u00edme, a hirdet\u0151azonos\u00edt\u00f3ja, a munk\u00e1ltat\u00f3k sz\u0171r\u0151k\u00e9rd\u00e9seire adott v\u00e1laszai, az \u00e1ll\u00e1shirdet\u00e9sei, az \u00e1ll\u00e1s\u00e9rtes\u00edt\u0151i, a&nbsp;jelentkez\u00e9si folyamatainak az \u00e1llapota, illetve a webhelyeken v\u00e9gzett keres\u00e9si, kattint\u00e1si \u00e9s&nbsp;munkamenetbeli felhaszn\u00e1l\u00f3i tev\u00e9kenys\u00e9gei.<\/p>\n\n\n\n<h3 class=\"wp-block-heading\"><strong>Mi\u00e9rt osztj\u00e1k meg \u00edgy a szem\u00e9lyes adataimat?<\/strong><\/h3>\n\n\n\n<p>A szem\u00e9lyes adatait t\u00f6bbf\u00e9le okb\u00f3l osztjuk meg:&nbsp;<\/p>\n\n\n\n<ul class=\"wp-block-list\"><li>az\u00e9rt, hogy t\u00f6bb \u00e1ll\u00e1skeres\u0151t kapcsoljunk \u00f6ssze t\u00f6bb \u00e1ll\u00e1shirdet\u00e9ssel \u00e9s t\u00f6bb munk\u00e1ltat\u00f3val;<\/li><li>az\u00e9rt, hogy jobb szolg\u00e1ltat\u00e1st tudjunk ny\u00fajtani \u00d6nnek;&nbsp;<\/li><li>az\u00e9rt, hogy felhaszn\u00e1l\u00f3ink nagyobb biztons\u00e1gban tudhass\u00e1k magukat.<\/li><\/ul>\n\n\n\n<p>Tov\u00e1bbi inform\u00e1ci\u00f3k is rendelkez\u00e9sre \u00e1llnak az <a href=\"https:\/\/hrtechprivacy.com\/hu\/#benefits\" data-type=\"URL\" data-id=\"https:\/\/hrtechprivacy.com\/hu\/#benefits\">adatmegoszt\u00e1s el\u0151nyeir\u0151l<\/a>.<\/p>\n\n\n\n<h3 class=\"wp-block-heading\"><strong>Mikor osztj\u00e1k meg az adatokat, \u00e9s hogyan zajlik az adatmegoszt\u00e1s?<\/strong><\/h3>\n\n\n\n<p>A szem\u00e9lyes adatok megoszt\u00e1s\u00e1nak ideje \u00e9s m\u00f3dja az adott webhelyt\u0151l, a megosztott adatok t\u00edpus\u00e1t\u00f3l \u00e9s az&nbsp;\u00d6n <a href=\"https:\/\/hrtechprivacy.com\/hu\/brands\">t\u00e1rsult webhelyeken<\/a> v\u00e9gzett tev\u00e9kenys\u00e9g\u00e9t\u0151l f\u00fcgg. Adatmegoszt\u00e1sra jellemz\u0151en akkor ker\u00fcl sor, amikor \u2013 <a href=\"https:\/\/hrtechprivacy.com\/hu\/#benefits\" data-type=\"URL\" data-id=\"https:\/\/hrtechprivacy.com\/hu\/#benefits\">az adatmegoszt\u00e1s el\u0151nyeit ismertet\u0151 szakaszban<\/a> le\u00edrtak szerint \u2013 bizonyos \u00fczleti \u00e9rdekeket \u00e9szlel\u00fcnk, vagy amikor szolg\u00e1ltat\u00e1sainkat fejlesztj\u00fck.&nbsp;<\/p>\n\n\n\n<p>Webhelyeink p\u00e9ld\u00e1ul felhaszn\u00e1lhatj\u00e1k \u00e9s megoszthatj\u00e1k az \u00d6n keres\u00e9si \u00e9s b\u00f6ng\u00e9sz\u00e9si el\u0151zm\u00e9nyeit (p\u00e9ld\u00e1ul azt, hogy milyen \u00e1ll\u00e1sokra kattintott r\u00e1), illetve \u00f6n\u00e9letrajz\u00e1nak \u00e9s profilj\u00e1nak adatait annak \u00e9rdek\u00e9ben, hogy meghat\u00e1rozz\u00e1k az \u00d6n sz\u00e1m\u00e1ra megjelen\u00edtend\u0151 keres\u00e9si eredm\u00e9nyeket \u00e9s \u00e1ll\u00e1s\u00e9rtes\u00edt\u0151ket. L\u00e9teznek olyan m\u0171veletek is, amelyek automatikusan megoszt\u00e1st ind\u00edtanak be \u2013 ilyen p\u00e9ld\u00e1ul egy fi\u00f3k l\u00e9trehoz\u00e1sa a t\u00e1rsult webhelyeink egyik\u00e9n.<\/p>\n\n\n\n<h3 class=\"wp-block-heading\"><strong>Hogyan \u00e1ll\u00edthatom le a szem\u00e9lyes adataimnak az ily m\u00f3don t\u00f6rt\u00e9n\u0151 megoszt\u00e1s\u00e1t?<\/strong><\/h3>\n\n\n\n<p>T\u00f6reksz\u00fcnk arra, hogy \u00e9rv\u00e9nyes\u00edthesse a preferenci\u00e1it. Ha nem szeretn\u00e9 adatait ilyen m\u00f3don megosztani, a&nbsp;webhelyt\u0151l f\u00fcgg\u0151en k\u00e9rheti fi\u00f3kja t\u00f6rl\u00e9s\u00e9t, szem\u00e9lyes adatai t\u00f6rl\u00e9s\u00e9t vagy azt, hogy a fi\u00f3kja maradjon meg, de ne ossz\u00e1k meg ily m\u00f3don a szem\u00e9lyes adatait. Ezeket \u00fagy teheti meg, hogy k\u00f6veti az \u00d6n \u00e1ltal haszn\u00e1lt webhely <a href=\"https:\/\/hrtechprivacy.com\/hu\/brands\">adatv\u00e9delmi szab\u00e1lyzat\u00e1ban<\/a> ismertetett l\u00e9p\u00e9seket.<\/p>\n\n\n\n<h2 class=\"wp-block-heading\" id=\"hr-tech\">HR Tech Adatv\u00e9delmi k\u00f6zpont \u00e9s a t\u00e1rsult webhelyek<\/h2>\n\n\n\n<h3 class=\"wp-block-heading\"><strong>A HR Tech Adatv\u00e9delmi k\u00f6zpont elind\u00edt\u00e1sa azt is jelenti, hogy v\u00e1ltozni fog valami a szem\u00e9lyes adataim felhaszn\u00e1l\u00e1si m\u00f3dj\u00e1ban?<\/strong><\/h3>\n\n\n\n<p>Nem, a platform elind\u00edt\u00e1sa nem jelent semmilyen v\u00e1ltoz\u00e1st a szem\u00e9lyes adatai felhaszn\u00e1l\u00e1si m\u00f3dj\u00e1ban. A&nbsp;K\u00f6zpont csup\u00e1n arra szolg\u00e1l, hogy \u00e1tl\u00e1that\u00f3bb\u00e1 tegye a <a href=\"https:\/\/hrtechprivacy.com\/hu\/brands\">t\u00e1rsult webhelyek<\/a> k\u00f6z\u00f6tt zajl\u00f3 adatmegoszt\u00e1st.<\/p>\n\n\n\n<h3 class=\"wp-block-heading\"><strong>Akkor ezent\u00fal minden adatomat korl\u00e1tlanul megosztja majd az \u00f6sszes t\u00e1rsult webhely?<\/strong><\/h3>\n\n\n\n<p>Nem, az \u00d6n szem\u00e9lyes adatainak a megoszt\u00e1s\u00e1ra az \u00d6n \u00e1ltal haszn\u00e1lt webhelyek <a href=\"https:\/\/hrtechprivacy.com\/hu\/brands\">adatv\u00e9delmi \u00e9s cookie-szab\u00e1lyzat\u00e1nak<\/a> rendelkez\u00e9sei vonatkoznak. Azt javasoljuk, hogy olvassa el a benn\u00fck foglalt rendelkez\u00e9seket, hogy vil\u00e1gosan meg\u00e9rtse a helyzetet. Mint fentebb eml\u00edtett\u00fck, az Adatv\u00e9delmi k\u00f6zpont elind\u00edt\u00e1sa els\u0151sorban arra szolg\u00e1l, hogy \u00e1tl\u00e1that\u00f3bb legyen az \u00d6n \u00e1ltal m\u00e1r haszn\u00e1lt webhelyek <a href=\"https:\/\/hrtechprivacy.com\/hu\/brands\">adatv\u00e9delmi \u00e9s cookie-szab\u00e1lyzat\u00e1ban<\/a> r\u00e9szletesen ismertetett adatmegoszt\u00e1s.<\/p>\n\n\n\n<h3 class=\"wp-block-heading\"><strong>Hogyan kezelik a webhelyek a szem\u00e9lyes adataimnak a t\u00e1rsult webhelyek k\u00f6z\u00f6tti megoszt\u00e1s\u00e1t?<\/strong><\/h3>\n\n\n\n<p>K\u00fcl\u00f6nf\u00e9le, a jogszab\u00e1lyok \u00e1ltal megk\u00f6vetelt \u00f3vint\u00e9zked\u00e9sekkel gondoskodunk az ilyen adatmegoszt\u00e1s kiel\u00e9g\u00edt\u0151 v\u00e9delm\u00e9r\u0151l. Ez t\u00f6bb \u00f3vint\u00e9zked\u00e9s egyidej\u0171 alkalmaz\u00e1s\u00e1t is jelentheti. Az \u00f3vint\u00e9zked\u00e9sek k\u00f6z\u00e9 tartozhatnak egyebek k\u00f6z\u00f6tt az <a href=\"https:\/\/ec.europa.eu\/info\/law\/law-topic\/data-protection\/international-dimension-data-protection\/standard-contractual-clauses-scc_en\">\u00e1ltal\u00e1nos szerz\u0151d\u00e9si felt\u00e9telek<\/a>, <a href=\"https:\/\/www.privacyshield.gov\/welcome\">az EU-USA Adatv\u00e9delmi Pajzs keretegyezm\u00e9ny<\/a>, <a href=\"https:\/\/www.privacyshield.gov\/article?id=10-Obligatory-Contracts-for-Onward-Transfers\">a tov\u00e1bbad\u00e1sra vonatkoz\u00f3 meg\u00e1llapod\u00e1sok<\/a>, illetve egy\u00e9b olyan m\u00f3dszerek, amelyeket megfelel\u0151nek \u00edt\u00e9l\u00fcnk a szem\u00e9lyes adatok \u00e1tad\u00e1s\u00e1nak a v\u00e9delm\u00e9re.&nbsp;<\/p>\n\n\n\n<h3 class=\"wp-block-heading\"><strong>Ki a szem\u00e9lyes adataim adatkezel\u0151je?<\/strong><\/h3>\n\n\n\n<p>Azt, hogy ki az \u00d6n szem\u00e9lyes adatainak az adatkezel\u0151je, az \u00d6n \u00e1ltal haszn\u00e1lt webhely <a href=\"https:\/\/hrtechprivacy.com\/hu\/brands\">adatv\u00e9delmi szab\u00e1lyzat\u00e1nak<\/a> kell tartalmaznia.&nbsp;<\/p>\n\n\n\n<h3 class=\"wp-block-heading\"><strong>Hogyan tekintenek a webhelyek az adatv\u00e9delemre?<\/strong><\/h3>\n\n\n\n<p>A HR Tech webhelyei nagyon komolyan veszik a felhaszn\u00e1l\u00f3ik adatainak a v\u00e9delm\u00e9t. A szem\u00e9lyes adatok v\u00e9delm\u00e9re tett er\u0151fesz\u00edt\u00e9sekre jelent\u0151s forr\u00e1sokat \u00e1ldozunk, \u00e9s t\u00f6reksz\u00fcnk a hat\u00e1lyos adatv\u00e9delmi szab\u00e1lyok&nbsp;betart\u00e1s\u00e1ra. Nagyon h\u00e1l\u00e1sak vagyunk az \u00e1ll\u00e1skeres\u0151ink ir\u00e1ntunk tan\u00fas\u00edtott bizalm\u00e1\u00e9rt, amellyel a&nbsp;seg\u00edts\u00e9g\u00fcnket k\u00e9rik a megfelel\u0151 \u00e1ll\u00e1sok megtal\u00e1l\u00e1s\u00e1hoz, csak\u00fagy, mint a munk\u00e1ltat\u00f3ink bizalm\u00e1\u00e9rt, amellyel a seg\u00edts\u00e9g\u00fcnket k\u00e9rik a megfelel\u0151 jelentkez\u0151k megkeres\u00e9s\u00e9hez. K\u00e9rj\u00fck, tekintse \u00e1t <a href=\"https:\/\/hrtechprivacy.com\/hu\/#our-values\" data-type=\"URL\" data-id=\"https:\/\/hrtechprivacy.com\/hu\/#our-values\">adatv\u00e9delmi ir\u00e1nyelveinket<\/a>.&nbsp;<\/p>\n\n\n\n<h3 class=\"wp-block-heading\"><strong>Milyen nyelven \u00e9rhet\u0151 el az egyes webehlyek adatv\u00e9delmi \u00e9s cookie-szab\u00e1lyzata?<\/strong><\/h3>\n\n\n\n<p>A webhelyek <a href=\"https:\/\/hrtechprivacy.com\/hu\/brands\">adatv\u00e9delmi \u00e9s cookie-szab\u00e1lyzata<\/a> azokon a nyelveken \u00e9rhet\u0151 el, amelyeknek az orsz\u00e1ga szerepel az adott webhely c\u00e9lpiacai k\u00f6z\u00f6tt. Ha egy bizonyos webhelynek nem \u00e9rhet\u0151 el az adatv\u00e9delmi vagy&nbsp;a cookie-szab\u00e1lyzata egy adott nyelven, annak az az oka, hogy a webhely egyel\u0151re nem c\u00e9lozza olyan piacoknak a felhaszn\u00e1l\u00f3it, ahol ezt a nyelvet haszn\u00e1lj\u00e1k.<\/p>\n\n\n\n<h2 class=\"wp-block-heading\" id=\"your-rights\">Az \u00d6n adatv\u00e9delemmel kapcsolatos jogai<\/h2>\n\n\n\n<h3 class=\"wp-block-heading\"><strong>Milyen adatv\u00e9delmi jogok illetnek meg a t\u00e1rsult webhelyeken?<\/strong><\/h3>\n\n\n\n<p>Arra t\u00f6reksz\u00fcnk, hogy egyenl\u0151 b\u00e1n\u00e1sm\u00f3dban r\u00e9szes\u00edts\u00fck felhaszn\u00e1l\u00f3inkat, ez\u00e9rt az eg\u00e9sz vil\u00e1gon minden felhaszn\u00e1l\u00f3nknak az adatv\u00e9delmi jogok sz\u00e9les k\u00f6r\u00e9t biztos\u00edtjuk. Ez azt jelenti, hogy a webhely b\u00e1rmelyik felhaszn\u00e1l\u00f3ja \u2013 a tart\u00f3zkod\u00e1si hely\u00e9t\u0151l f\u00fcggetlen\u00fcl \u2013 felkeresheti a webhelyet annak \u00e9rdek\u00e9ben, hogy:<\/p>\n\n\n\n<ul class=\"wp-block-list\"><li>hozz\u00e1f\u00e9rjen a szem\u00e9lyes adataihoz;<\/li><li>t\u00f6r\u00f6ltesse a szem\u00e9lyes adatait;<\/li><li>megkapja a szem\u00e9lyes adatait hordozhat\u00f3 form\u00e1tumban;<\/li><li>korl\u00e1tozza vagy megtiltsa szem\u00e9lyes adatainak bizonyos t\u00edpus\u00fa kezel\u00e9s\u00e9t.<\/li><\/ul>\n\n\n\n<h3 class=\"wp-block-heading\"><strong>Hogyan \u00e9lhetek az adatv\u00e9delmi jogaimmal?<\/strong><\/h3>\n\n\n\n<p>Az adatv\u00e9delmi jogai \u00e9rv\u00e9nyes\u00edt\u00e9s\u00e9r\u0151l az \u00d6n \u00e1ltal haszn\u00e1lt webhely <a href=\"https:\/\/hrtechprivacy.com\/hu\/brands\">adatv\u00e9delmi szab\u00e1lyzat\u00e1ban<\/a> t\u00e1j\u00e9koz\u00f3dhat, amelyben ehhez r\u00e9szletes \u00fatmutat\u00e1st tal\u00e1l.<\/p>\n\n\n\n<h3 class=\"wp-block-heading\"><strong>Milyen biztons\u00e1gi \u00f3vint\u00e9zked\u00e9seket alkalmaznak a webhelyek?<\/strong><\/h3>\n\n\n\n<p>Nagyon komolyan vessz\u00fck a szem\u00e9lyes adatok v\u00e9delm\u00e9t, \u00e9s jelent\u0151s er\u0151forr\u00e1sokat \u00e1ldozunk erre a c\u00e9lra. K\u00fcl\u00f6nf\u00e9le elj\u00e1r\u00e1sokat alkalmazunk az adatok jogosulatlan el\u00e9r\u00e9s\u00e9nek \u00e9s k\u00f6zl\u00e9s\u00e9nek, megsemmis\u00fcl\u00e9s\u00e9nek \u00e9s&nbsp;v\u00e9letlen elveszt\u00e9s\u00e9nek a megel\u0151z\u00e9s\u00e9re. Ezek az elj\u00e1r\u00e1sok f\u00fcggnek az adatok term\u00e9szet\u00e9t\u0151l, az&nbsp;adatkezel\u00e9s k\u00f6r\u00fclm\u00e9nyeit\u0151l, a kapcsol\u00f3d\u00f3 kock\u00e1zatokt\u00f3l, illetve a rendelkez\u00e9sre \u00e1ll\u00f3 technol\u00f3gi\u00e1t\u00f3l.&nbsp;<\/p>\n\n\n\n<p>Sz\u00e1mos biztons\u00e1gi \u00f3vint\u00e9zked\u00e9ssel v\u00e9dj\u00fck a szem\u00e9lyes adatait. Kock\u00e1zatalap\u00fa megk\u00f6zel\u00edt\u00e9st alkalmazunk, m\u00f3dszereink \u2013 az alkalmazhat\u00f3s\u00e1gt\u00f3l f\u00fcgg\u0151en \u2013 a k\u00f6vetkez\u0151kre terjednek ki:<\/p>\n\n\n\n<ul class=\"wp-block-list\"><li>a szem\u00e9lyes adatok szelekt\u00edv pszeudonimiz\u00e1l\u00e1sa \u00e9s titkos\u00edt\u00e1sa;<\/li><li>a bels\u0151 rendszerek oly m\u00f3don t\u00f6rt\u00e9n\u0151 kialak\u00edt\u00e1sa, hogy v\u00e9dj\u00e9k a feldolgoz\u00f3rendszerek \u00e9s -szolg\u00e1ltat\u00e1sok titkoss\u00e1g\u00e1t, s\u00e9rtetlens\u00e9g\u00e9t, rendelkez\u00e9sre \u00e1ll\u00e1s\u00e1t \u00e9s ellen\u00e1ll\u00f3 k\u00e9pess\u00e9g\u00e9t;<\/li><li>olyan rendszerek \u00e9s elj\u00e1r\u00e1sok haszn\u00e1lata, amelyek fizikai, illetve technikai incidens eset\u00e9n k\u00e9pess\u00e9&nbsp;tesznek benn\u00fcnket az \u00e1ltalunk \u0151rz\u00f6tt szem\u00e9lyes adatok rendelkez\u00e9sre \u00e1ll\u00e1s\u00e1nak \u00e9s hozz\u00e1f\u00e9rhet\u0151s\u00e9g\u00e9nek id\u0151ben t\u00f6rt\u00e9n\u0151 vissza\u00e1ll\u00edt\u00e1s\u00e1ra;<\/li><li>a webhelyeken alkalmazott biztons\u00e1gi \u00f3vint\u00e9zked\u00e9sek hat\u00e9konys\u00e1g\u00e1nak rendszeres tesztel\u00e9se, felm\u00e9r\u00e9se \u00e9s ki\u00e9rt\u00e9kel\u00e9se.<\/li><\/ul>\n\n\n\n<h3 class=\"wp-block-heading\"><strong>Munk\u00e1ltat\u00f3k\u00e9nt mit tehetek a fi\u00f3kom biztons\u00e1g\u00e1\u00e9rt?<\/strong><\/h3>\n\n\n\n<p>Munk\u00e1ltat\u00f3i fi\u00f3kja biztons\u00e1g\u00e1val kapcsolatban <a href=\"https:\/\/www.indeed.com\/security\">a biztons\u00e1gi oldalunkon<\/a> tal\u00e1l tan\u00e1csokat.<\/p>\n","protected":false},"excerpt":{"rendered":"<p>A szem\u00e9lyes adatok megoszt\u00e1sa Milyen szem\u00e9lyes adatokat osztanak meg egym\u00e1s k\u00f6z\u00f6tt a webhelyek? A megosztott szem\u00e9lyes adatok k\u00f6r\u00e9t az \u00d6n \u00e1ltal haszn\u00e1lt webhely adatv\u00e9delmi \u00e9s cookie-szab\u00e1lyzata hat\u00e1rozza meg.&nbsp; A megosztott szem\u00e9lyes adatok k\u00f6re att\u00f3l is f\u00fcgg, hogy \u00d6n milyen interakci\u00f3ra l\u00e9pett a webhelyekkel az&nbsp;\u00e1ll\u00e1skeres\u00e9si \u00e9s jelentkez\u00e9si tev\u00e9kenys\u00e9ge sor\u00e1n. Szerepelhet k\u00f6zt\u00fck a vezet\u00e9kneve \u00e9s az ut\u00f3neve, [&hellip;]<\/p>\n","protected":false},"author":13,"featured_media":0,"parent":0,"menu_order":0,"comment_status":"closed","ping_status":"closed","template":"","meta":{"_acf_changed":false,"inline_featured_image":false,"footnotes":""},"class_list":["post-453","page","type-page","status-publish","hentry"],"acf":[],"_links":{"self":[{"href":"https:\/\/hrtechprivacy.com\/hu\/wp-json\/wp\/v2\/pages\/453","targetHints":{"allow":["GET"]}}],"collection":[{"href":"https:\/\/hrtechprivacy.com\/hu\/wp-json\/wp\/v2\/pages"}],"about":[{"href":"https:\/\/hrtechprivacy.com\/hu\/wp-json\/wp\/v2\/types\/page"}],"author":[{"embeddable":true,"href":"https:\/\/hrtechprivacy.com\/hu\/wp-json\/wp\/v2\/users\/13"}],"replies":[{"embeddable":true,"href":"https:\/\/hrtechprivacy.com\/hu\/wp-json\/wp\/v2\/comments?post=453"}],"version-history":[{"count":0,"href":"https:\/\/hrtechprivacy.com\/hu\/wp-json\/wp\/v2\/pages\/453\/revisions"}],"wp:attachment":[{"href":"https:\/\/hrtechprivacy.com\/hu\/wp-json\/wp\/v2\/media?parent=453"}],"curies":[{"name":"wp","href":"https:\/\/api.w.org\/{rel}","templated":true}]}}