{"id":3014,"date":"2020-10-26T14:23:04","date_gmt":"2020-10-26T14:23:04","guid":{"rendered":"https:\/\/hrtechprivacy.com\/?page_id=3014"},"modified":"2021-10-29T19:43:38","modified_gmt":"2021-10-29T19:43:38","slug":"cookies","status":"publish","type":"page","link":"https:\/\/hrtechprivacy.com\/hu\/cookies","title":{"rendered":"S\u00fctik be\u00e1ll\u00edt\u00e1sa"},"content":{"rendered":"\n<!-- OneTrust Cookies Settings button start -->\n<button id=\"ot-sdk-btn\" class=\"ot-sdk-show-settings\">\u03a1\u03c5\u03b8\u03bc\u03af\u03c3\u03b5\u03b9\u03c2 \u03b3\u03b9\u03b1 \u03c4\u03b1 cookies<\/button>\n<!-- OneTrust Cookies Settings button end -->\n\n\n\n<!-- OneTrust Cookies List start -->\n<div id=\"ot-sdk-cookie-policy\"><\/div>\n<!-- OneTrust Cookies List end -->\n\n\n\n<p><\/p>\n","protected":false},"excerpt":{"rendered":"<p>\u03a1\u03c5\u03b8\u03bc\u03af\u03c3\u03b5\u03b9\u03c2 \u03b3\u03b9\u03b1 \u03c4\u03b1 cookies<\/p>\n","protected":false},"author":68,"featured_media":0,"parent":0,"menu_order":0,"comment_status":"closed","ping_status":"closed","template":"","meta":{"_acf_changed":false,"inline_featured_image":false,"footnotes":""},"class_list":["post-3014","page","type-page","status-publish","hentry"],"acf":[],"_links":{"self":[{"href":"https:\/\/hrtechprivacy.com\/hu\/wp-json\/wp\/v2\/pages\/3014","targetHints":{"allow":["GET"]}}],"collection":[{"href":"https:\/\/hrtechprivacy.com\/hu\/wp-json\/wp\/v2\/pages"}],"about":[{"href":"https:\/\/hrtechprivacy.com\/hu\/wp-json\/wp\/v2\/types\/page"}],"author":[{"embeddable":true,"href":"https:\/\/hrtechprivacy.com\/hu\/wp-json\/wp\/v2\/users\/68"}],"replies":[{"embeddable":true,"href":"https:\/\/hrtechprivacy.com\/hu\/wp-json\/wp\/v2\/comments?post=3014"}],"version-history":[{"count":0,"href":"https:\/\/hrtechprivacy.com\/hu\/wp-json\/wp\/v2\/pages\/3014\/revisions"}],"wp:attachment":[{"href":"https:\/\/hrtechprivacy.com\/hu\/wp-json\/wp\/v2\/media?parent=3014"}],"curies":[{"name":"wp","href":"https:\/\/api.w.org\/{rel}","templated":true}]}}