{"id":326,"date":"2019-10-16T20:27:17","date_gmt":"2019-10-16T20:27:17","guid":{"rendered":"https:\/\/hrtechprivacy.com\/?page_id=326"},"modified":"2021-11-15T15:05:37","modified_gmt":"2021-11-15T15:05:37","slug":"welcome-to-the-hr-tech-privacy-center","status":"publish","type":"page","link":"https:\/\/hrtechprivacy.com\/fr","title":{"rendered":"Bienvenue dans le Centre de confidentialit\u00e9 HR Tech."},"content":{"rendered":"\n<h2 class=\"wp-block-heading\" id=\"introduction\">Introduction<\/h2>\n\n\n\n<h3 class=\"wp-block-heading\">Nous prenons vos donn\u00e9es personnelles tr\u00e8s au s\u00e9rieux&nbsp;<\/h3>\n\n\n\n<p>Bienvenue dans le centre de confidentialit\u00e9 HR&nbsp;Tech, une plateforme d\u00e9taillant comment plusieurs <a href=\"https:\/\/hrtechprivacy.com\/fr\/brands\">sites et marques<\/a> de recherche d&#8217;emploi et de recrutement en ligne partagent des donn\u00e9es et prot\u00e8gent la confidentialit\u00e9 des utilisateurs. Ces marques incluent Indeed et Glassdoor et font toutes partie de <a href=\"https:\/\/recruit-holdings.com\">Recruit Holdings<\/a>.<\/p>\n\n\n\n<p>Nous avons d\u00e9velopp\u00e9 ce site pour vous informer sur nos <a href=\"https:\/\/hrtechprivacy.com\/fr\/#nos-valeurs\" data-type=\"URL\" data-id=\"https:\/\/hrtechprivacy.com\/fr\/#nos-valeurs\">valeurs en mati\u00e8re de confidentialit\u00e9<\/a>, sur la fa\u00e7on dont vos donn\u00e9es sont partag\u00e9es entre les soci\u00e9t\u00e9s affili\u00e9es et sur l&rsquo;importance d&rsquo;un tel partage.&nbsp;<\/p>\n\n\n\n<p>Le partage de donn\u00e9es entre les sites nous permet&nbsp;:<\/p>\n\n\n\n<ul class=\"wp-block-list\"><li>d&rsquo;aider les chercheurs d&#8217;emploi \u00e0 acc\u00e9der \u00e0 davantage d&rsquo;offres et d&#8217;employeurs&nbsp;;<\/li><li>d&rsquo;am\u00e9liorer et de personnaliser les services pour nos utilisateurs&nbsp;;<\/li><li>d&rsquo;am\u00e9liorer la s\u00e9curit\u00e9 de nos utilisateurs.<\/li><\/ul>\n\n\n\n<p>Ce partage de donn\u00e9es profite \u00e0 la fois aux chercheurs d&#8217;emploi et aux employeurs. Vous pouvez en savoir plus <a href=\"https:\/\/hrtechprivacy.com\/fr\/#les-avantages\" data-type=\"URL\" data-id=\"https:\/\/hrtechprivacy.com\/fr\/#les-avantages\">ci-dessous<\/a> ou trouver des r\u00e9ponses \u00e0 certaines <a href=\"https:\/\/hrtechprivacy.com\/fr\/questions-frequentes-faq\" data-type=\"URL\" data-id=\"https:\/\/hrtechprivacy.com\/fr\/questions-frequentes-faq\">questions fr\u00e9quemment pos\u00e9es<\/a>.<\/p>\n\n\n\n<p>Les informations fournies ici n&rsquo;ont aucune incidence sur la fa\u00e7on dont les sites collectent ou partagent vos donn\u00e9es personnelles. Cela d\u00e9pend des <a href=\"https:\/\/hrtechprivacy.com\/fr\/brands\">politiques individuelles de confidentialit\u00e9 et de cookies<\/a> de chaque site. Si vous avez des questions \u00e0 propos d&rsquo;un site en particulier, nous vous invitons \u00e0 visiter son centre d&rsquo;aide pour plus d&rsquo;informations.<\/p>\n\n\n\n<h2 class=\"wp-block-heading\" id=\"nos-valeurs\">Nos valeurs en mati\u00e8re de confidentialit\u00e9<\/h2>\n\n\n\n<h3 class=\"wp-block-heading\">Votre confiance nous importe au plus haut point<\/h3>\n\n\n\n<p>Que nous vous aidions \u00e0 trouver des emplois ou de brillants candidats, votre confiance nous est pr\u00e9cieuse. Et pour l&rsquo;honorer, nous investissons massivement dans la protection de vos donn\u00e9es personnelles. Ce sont nos valeurs en mati\u00e8re de confidentialit\u00e9 qui guident ces efforts&nbsp;:<\/p>\n\n\n\n<ul class=\"wp-block-list\"><li>Nous mettons nos utilisateurs sur un pied d&rsquo;\u00e9galit\u00e9 en leur fournissant un vaste ensemble de droits en mati\u00e8re de protection des donn\u00e9es personnelles, o\u00f9 qu&rsquo;ils soient dans le monde. Tout utilisateur peut demander&nbsp;:<ul><li>\u00e0 acc\u00e9der \u00e0 ses donn\u00e9es personnelles&nbsp;;<\/li><li>de supprimer ses donn\u00e9es personnelles&nbsp;;<\/li><li>d&rsquo;obtenir une version partageable de ses donn\u00e9es personnelles&nbsp;;<\/li><li>de restreindre ou de refuser certaines m\u00e9thodes de traitement de ses donn\u00e9es personnelles&nbsp;;<\/li><\/ul><\/li><li>Notre politique de confidentialit\u00e9 s&rsquo;applique d\u00e8s la conception, guidant le d\u00e9veloppement et la fourniture de nos services.<\/li><li>Nous faisons preuve de transparence quant aux donn\u00e9es personnelles que nous collectons et \u00e0 leur mode de traitement.<\/li><li>Nous nous assurons que vos donn\u00e9es personnelles sont utilis\u00e9es dans le but d&rsquo;aider les chercheurs d&#8217;emploi \u00e0 trouver un poste, d&rsquo;aider les employeurs \u00e0 trouver des candidats d&rsquo;exception et d&rsquo;am\u00e9liorer les services que nous proposons.&nbsp;<\/li><li>Nous ne collectons et stockons vos donn\u00e9es personnelles qu&rsquo;\u00e0 des fins ad\u00e9quates, pertinentes et n\u00e9cessaires.<\/li><li>Nous nous assurons de la mise \u00e0 jour et de l&rsquo;exactitude de vos donn\u00e9es si n\u00e9cessaire.<\/li><li>Nous traitons vos donn\u00e9es personnelles en privil\u00e9giant votre s\u00e9curit\u00e9 et votre confidentialit\u00e9.<\/li><li>Nous assumons nos responsabilit\u00e9s vis-\u00e0-vis des lois applicables en mati\u00e8re de confidentialit\u00e9.<\/li><\/ul>\n\n\n\n<h2 class=\"wp-block-heading\" id=\"les-avantages\">Les avantages du partage de donn\u00e9es<\/h2>\n\n\n\n<h3 class=\"wp-block-heading\">Pourquoi avez-vous besoin de mes donn\u00e9es&nbsp;?<\/h3>\n\n\n\n<p>En plus d&rsquo;offrir des avantages aux chercheurs d&#8217;emploi et aux employeurs, le partage de donn\u00e9es permet \u00e9galement d&rsquo;am\u00e9liorer nos services.&nbsp;<\/p>\n\n\n\n<p><strong>Le partage de donn\u00e9es permet d&rsquo;accro\u00eetre le nombre d&#8217;employeurs, d&rsquo;offres et de chercheurs d&#8217;emploi<\/strong><\/p>\n\n\n\n<p>Le partage de donn\u00e9es entre les <a href=\"https:\/\/hrtechprivacy.com\/fr\/brands\">sites affili\u00e9s<\/a> permet aux chercheurs d&#8217;emploi d&rsquo;acc\u00e9der \u00e0 une base de donn\u00e9es encore plus importante d&rsquo;offres et d&#8217;employeurs. Cela permet aussi aux employeurs d&rsquo;acc\u00e9der \u00e0 un plus grand nombre de chercheurs d&#8217;emploi. Par exemple, un site peut \u00eatre en mesure de recommander des offres ou des employeurs sur un autre site affili\u00e9. Il peut aussi contribuer au bon fonctionnement des candidatures, des CV ou des offres d&#8217;emploi sur les sites affili\u00e9s.<\/p>\n\n\n\n<p>Les sites peuvent \u00e9galement partager des donn\u00e9es sur les employeurs, telles que des informations de compte et des donn\u00e9es comportementales, pour optimiser leur exp\u00e9rience.<\/p>\n\n\n\n<p><strong>Le partage des donn\u00e9es am\u00e9liore les services que nous vous proposons<\/strong><\/p>\n\n\n\n<p>Le partage de donn\u00e9es permet \u00e0 nos sites de fournir un contenu, des performances, des fonctionnalit\u00e9s et des services personnalis\u00e9s et am\u00e9lior\u00e9s.&nbsp;<\/p>\n\n\n\n<p>Par exemple, <a href=\"https:\/\/hrtechprivacy.com\/fr\/brands\">nos sites<\/a> peuvent utiliser et partager votre historique de recherche ou de navigation (par exemple, les&nbsp;offres d&#8217;emploi sur lesquelles vous cliquez) et vos informations de CV ou de profil pour d\u00e9terminer les r\u00e9sultats de recherche pertinents et les alertes emploi. Le partage de donn\u00e9es peut \u00e9galement fournir des informations professionnelles comme des avis sur les entreprises, des donn\u00e9es sur les salaires, des conseils d&rsquo;entretien, etc.&nbsp;<\/p>\n\n\n\n<p>Ce partage permet \u00e9galement d&rsquo;am\u00e9liorer l&rsquo;analyse des donn\u00e9es, les tests, la recherche et le d\u00e9veloppement des services sur nos sites.<\/p>\n\n\n\n<p><strong>Le partage des donn\u00e9es accro\u00eet la s\u00e9curit\u00e9<\/strong><\/p>\n\n\n\n<p>Le partage de donn\u00e9es permet \u00e0 nos sites de mieux prot\u00e9ger nos utilisateurs. Il permet notamment aux sites affili\u00e9s d&rsquo;am\u00e9liorer la s\u00e9curit\u00e9 des utilisateurs et d&rsquo;optimiser les op\u00e9rations internes. Il facilite \u00e9galement le d\u00e9pannage, la d\u00e9tection et la pr\u00e9vention de la fraude et du spam.<\/p>\n\n\n\n<h2 class=\"wp-block-heading\" id=\"enregistrement\">Enregistrement de l&rsquo;activit\u00e9 du site<\/h2>\n\n\n\n<h3 class=\"wp-block-heading\">Que faisons-nous avec les donn\u00e9es collect\u00e9es&nbsp;?<\/h3>\n\n\n\n<p>Nous traitons votre activit\u00e9 sur les <a href=\"https:\/\/hrtechprivacy.com\/fr\/brands\">sites affili\u00e9s<\/a> pour mieux comprendre comment vous les utilisez. Cela nous donne des pistes d&rsquo;am\u00e9lioration pour les produits et les services que nous proposons&nbsp;; tout cela pour vous aider \u00e0 trouver un emploi.&nbsp;<\/p>\n\n\n\n<p>Il est important de noter que nos sites ne peuvent pas fonctionner comme pr\u00e9vu sans cette collecte et ce partage de donn\u00e9es. Cela comprend le traitement, la collecte, l&rsquo;analyse, le stockage et le partage de vos donn\u00e9es entre ces sites. Les donn\u00e9es collect\u00e9es peuvent inclure les interactions et communications que vous avez sur nos sites. Cela concerne, sans s&rsquo;y limiter, les zones des sites affili\u00e9s que vous visitez et les endroits o\u00f9 vous cliquez, faites d\u00e9filer des \u00e9l\u00e9ments, survolez du contenu, passez la souris ou interagissez de&nbsp;quelque mani\u00e8re que ce soit avec nos sites. Ce partage peut \u00e9galement inclure le moment et la dur\u00e9e d&rsquo;une activit\u00e9.&nbsp;<\/p>\n\n\n\n<p>Si vous ne souhaitez pas que vos actions soient collect\u00e9es, trait\u00e9es, analys\u00e9es ou partag\u00e9es, vous devrez cesser d&rsquo;utiliser nos sites dans la mesure o\u00f9 ce partage est n\u00e9cessaire.<\/p>\n","protected":false},"excerpt":{"rendered":"<p>Introduction Nous prenons vos donn\u00e9es personnelles tr\u00e8s au s\u00e9rieux&nbsp; Bienvenue dans le centre de confidentialit\u00e9 HR&nbsp;Tech, une plateforme d\u00e9taillant comment plusieurs sites et marques de recherche d&#8217;emploi et de recrutement en ligne partagent des donn\u00e9es et prot\u00e8gent la confidentialit\u00e9 des utilisateurs. Ces marques incluent Indeed et Glassdoor et font toutes partie de Recruit Holdings. Nous [&hellip;]<\/p>\n","protected":false},"author":13,"featured_media":0,"parent":0,"menu_order":0,"comment_status":"closed","ping_status":"closed","template":"","meta":{"_acf_changed":false,"inline_featured_image":false,"footnotes":""},"class_list":["post-326","page","type-page","status-publish","hentry"],"acf":[],"_links":{"self":[{"href":"https:\/\/hrtechprivacy.com\/fr\/wp-json\/wp\/v2\/pages\/326","targetHints":{"allow":["GET"]}}],"collection":[{"href":"https:\/\/hrtechprivacy.com\/fr\/wp-json\/wp\/v2\/pages"}],"about":[{"href":"https:\/\/hrtechprivacy.com\/fr\/wp-json\/wp\/v2\/types\/page"}],"author":[{"embeddable":true,"href":"https:\/\/hrtechprivacy.com\/fr\/wp-json\/wp\/v2\/users\/13"}],"replies":[{"embeddable":true,"href":"https:\/\/hrtechprivacy.com\/fr\/wp-json\/wp\/v2\/comments?post=326"}],"version-history":[{"count":0,"href":"https:\/\/hrtechprivacy.com\/fr\/wp-json\/wp\/v2\/pages\/326\/revisions"}],"wp:attachment":[{"href":"https:\/\/hrtechprivacy.com\/fr\/wp-json\/wp\/v2\/media?parent=326"}],"curies":[{"name":"wp","href":"https:\/\/api.w.org\/{rel}","templated":true}]}}