{"id":2307,"date":"2020-07-30T16:00:00","date_gmt":"2020-07-30T16:00:00","guid":{"rendered":"https:\/\/hrtechprivacy.com\/?page_id=2307"},"modified":"2021-10-29T19:39:36","modified_gmt":"2021-10-29T19:39:36","slug":"workopolis-data-request-info-fr","status":"publish","type":"page","link":"https:\/\/hrtechprivacy.com\/fr\/workopolis-data-request-info-fr","title":{"rendered":"Votre demande d&rsquo;acc\u00e8s \u00e0 Workopolis"},"content":{"rendered":"\n<figure class=\"wp-block-image size-large is-resized\"><img loading=\"lazy\" decoding=\"async\" src=\"https:\/\/hrtechprivacy.com\/wp-content\/uploads\/2019\/10\/workopolis.png\" alt=\"\" class=\"wp-image-133\" width=\"375\" height=\"112\" srcset=\"https:\/\/hrtechprivacy.com\/wp-content\/uploads\/2019\/10\/workopolis.png 500w, https:\/\/hrtechprivacy.com\/wp-content\/uploads\/2019\/10\/workopolis-300x89.png 300w\" sizes=\"auto, (max-width: 375px) 100vw, 375px\" \/><\/figure>\n\n\n\n<p>Merci d&rsquo;avoir pris le temps de nous\ndemander une copie de vos donn\u00e9es personnelles. Vous trouverez ci-dessous des\npr\u00e9cisions concernant les donn\u00e9es et l&rsquo;usage qu&rsquo;en fait Workopolis.&nbsp; Veuillez consulter la <a href=\"https:\/\/hrtechprivacy.com\/fr\/brands\/workopolis\">politique de confidentialit\u00e9<\/a> de Workopolis pour en savoir plus sur nos pratiques relatives \u00e0 la\nconfidentialit\u00e9.<\/p>\n\n\n\n<p><strong>Cat\u00e9gories de donn\u00e9es personnelles collect\u00e9es et sources <\/strong><\/p>\n\n\n\n<p>L&rsquo;Article&nbsp;2 de notre <a href=\"https:\/\/hrtechprivacy.com\/fr\/brands\/workopolis#S2\">politique de confidentialit\u00e9<\/a> d\u00e9crit les\ncat\u00e9gories de donn\u00e9es personnelles que nous collectons \u00e0 votre sujet lorsque\nvous utilisez notre Site ainsi que la source de ces informations. <\/p>\n\n\n\n<p>Le tableau suivant reprend les donn\u00e9es personnelles\nque nous collectons par votre biais. Veuillez noter que certaines cat\u00e9gories\npeuvent ne pas s&rsquo;appliquer \u00e0 vous, en raison de vos interactions avec nos\nproduits et services. Par exemple, si vous \u00eates un chercheur d&#8217;emploi et que\nvous n&rsquo;utilisez pas les services payants de notre Site, nous ne collecterons\npas d&rsquo;informations de facturation. La copie de vos donn\u00e9es personnelles indique\nles cat\u00e9gories qui vous correspondent. <\/p>\n\n\n\n<p>Nos sources de donn\u00e9es personnelles varient\nd&rsquo;un utilisateur \u00e0 l&rsquo;autre, mais peuvent inclure, par exemple, votre activit\u00e9\nsur le Site, les informations que vous fournissez lorsque vous cr\u00e9ez un compte,\nles communications et ressources que vous envoyez \u00e0 des tiers par le biais de\nWorkopolis (messages, candidatures\u2026) ainsi que les informations publiques\nissues de sources tierces, comme les offres d&#8217;emploi de la page de recrutement\nd&rsquo;une entreprise. <\/p>\n\n\n\n<p><strong>Objectifs \u00e9tayant le traitement de vos donn\u00e9es personnelles<\/strong><\/p>\n\n\n\n<p>L&rsquo;Article&nbsp;4 de notre <a href=\"https:\/\/hrtechprivacy.com\/fr\/brands\/workopolis#S4\">politique de\nconfidentialit\u00e9<\/a> indique les raisons\npour lesquelles nous recueillons et traitons vos donn\u00e9es personnelles.&nbsp; Cela permet, entre autres, la cr\u00e9ation d&rsquo;un compte\nsur notre Site, l&rsquo;envoi d&rsquo;Alertes Emploi et d&rsquo;autres contenus publicitaires,\ndes r\u00e9sultats de recherche plus pertinents, l&rsquo;acc\u00e8s \u00e0 des emplois recommand\u00e9s\nmais aussi la simplification du processus de candidature et de la communication\navec les employeurs. <\/p>\n\n\n\n<p><strong>Divulgations de vos donn\u00e9es personnelles<\/strong><\/p>\n\n\n\n<p>L&rsquo;Article&nbsp;4 de\nla <a href=\"https:\/\/hrtechprivacy.com\/fr\/brands\/workopolis#S4\">politique de confidentialit\u00e9<\/a> de Workopolis\npr\u00e9cise \u00e9galement le cadre qui nous autorise \u00e0 divulguer vos donn\u00e9es\npersonnelles.&nbsp; Ces donn\u00e9es sont par\nexemple susceptibles d&rsquo;\u00eatre divulgu\u00e9es \u00e0 d&rsquo;autres entit\u00e9s qui nous sont\naffili\u00e9es (r\u00e9pertori\u00e9es dans notre <a href=\"https:\/\/hrtechprivacy.com\/fr\">centre de confidentialit\u00e9<\/a>), \u00e0 des fournisseurs\nde services tiers, \u00e0 des employeurs dans le cadre de leur processus de\nrecrutement, lorsqu&rsquo;un chercheur d&#8217;emploi param\u00e8tre son CV sur public, ou, le\ncas \u00e9ch\u00e9ant, lorsque Workopolis doit respecter des obligations l\u00e9gales.\nWorkopolis est \u00e9galement amen\u00e9 \u00e0 communiquer vos donn\u00e9es personnelles dans le\ncadre d&rsquo;une transaction ou d&rsquo;une proc\u00e9dure, comme indiqu\u00e9 dans l&rsquo;Article&nbsp;9\nde notre <a href=\"https:\/\/hrtechprivacy.com\/fr\/brands\/workopolis\">politique de confidentialit\u00e9<\/a>.<\/p>\n\n\n\n<p><strong>Conservation de vos donn\u00e9es personnelles<\/strong><\/p>\n\n\n\n<p>Workopolis conserve vos donn\u00e9es personnelles uniquement dans la\nmesure o\u00f9 cela s&rsquo;av\u00e8re n\u00e9cessaire, afin de remplir les objectifs pour lesquels\nles donn\u00e9es sont recueillies ou trait\u00e9es, ou encore pour respecter une\nobligation l\u00e9gale. Par exemple, les fichiers concernant une op\u00e9ration commerciale\nou une relation d&rsquo;affaires sont conserv\u00e9s pendant une dur\u00e9e d\u00e9termin\u00e9e,\nconform\u00e9ment aux lois en vigueur. Lorsque les donn\u00e9es personnelles que nous\nd\u00e9tenons n&rsquo;ont plus besoin d&rsquo;\u00eatre conserv\u00e9es pour les motifs expos\u00e9s\npr\u00e9c\u00e9demment, Workopolis supprime ces donn\u00e9es personnelles, conform\u00e9ment \u00e0\ntoutes les exigences l\u00e9gales applicables.<\/p>\n\n\n\n<p><strong>Comprendre vos donn\u00e9es personnelles<\/strong><\/p>\n\n\n\n<p>Si vous souhaitez acc\u00e9der \u00e0 vos donn\u00e9es\npersonnelles stock\u00e9es par Workopolis, nous pr\u00e9parerons un document les\ncontenant. Veuillez consulter la liste ci-dessous pour mieux comprendre les\ncat\u00e9gories de donn\u00e9es qui peuvent vous \u00eatre adress\u00e9es. Nous collectons,\nutilisons et divulguons les cat\u00e9gories de donn\u00e9es personnelles \u00e9num\u00e9r\u00e9es dans\nce tableau pour les raisons commerciales indiqu\u00e9es dans l&rsquo;Article&nbsp;4 de\nnotre <a href=\"https:\/\/hrtechprivacy.com\/fr\/brands\/workopolis#S4\">politique de confidentialit\u00e9<\/a>, et comme pr\u00e9cis\u00e9\nci-dessus dans la section intitul\u00e9e \u00ab&nbsp;Objectifs \u00e9tayant le traitement de\nvos donn\u00e9es personnelles&nbsp;\u00bb.<\/p>\n\n\n\n<figure class=\"wp-block-table is-style-regular\"><table role=\"presentation\"><tbody><tr><td>  <strong>Classification<\/strong>   <\/td><td>\n  <strong>Domaines\n  applicables<\/strong>\n  <\/td><td>\n  <strong>Description,\n  sources et divulgations<\/strong>\n  <\/td><\/tr><tr><td>\n  Identifiants internes\n  <\/td><td>\n  InternalIdentifiers.ctks\n  &nbsp;\n  &nbsp;\n  <\/td><td>\n  Identifiants internes bas\u00e9s sur les cookies de\n  Workopolis. Ces donn\u00e9es sont susceptibles d&rsquo;\u00eatre partag\u00e9es avec nos entit\u00e9s\n  affili\u00e9es et nos fournisseurs de services, comme indiqu\u00e9 dans\n  l&rsquo;Article&nbsp;4 de notre <a href=\"https:\/\/hrtechprivacy.com\/fr\/brands\/workopolis#S4\">politique de confidentialit\u00e9<\/a>.\n  <\/td><\/tr><tr><td>\n  Donn\u00e9es personnelles d\u2019identification\n  <\/td><td>Common.addresses   <br>Common.emails    Common.identifyingPhotos    Common.ipAddresses    Common.macAddresses   Common.deviceTokens   <br>Common.names    <br>Common.nationalIds   Common.phoneNumbers    Common.languageCodes   <\/td><td>\n  Les donn\u00e9es personnelles d\u2019identification\n  comprennent les renseignements qui ne concernent que vous et permettent\n  g\u00e9n\u00e9ralement de vous identifier. Les donn\u00e9es personnelles d&rsquo;identification\n  constituent une vaste cat\u00e9gorie d&rsquo;informations incluant les adresses\n  postales, les adresses email, les photos d&rsquo;identification, les adresses IP,\n  les adresses des appareils, les noms, les documents d&rsquo;identit\u00e9 nationaux et\n  les num\u00e9ros de t\u00e9l\u00e9phone, ces informations ayant \u00e9t\u00e9 directement fournies \u00e0\n  WowJObs ou collect\u00e9es par Workopolis. Elles sont obtenues par le biais de\n  votre activit\u00e9 sur notre Site, au moment de la cr\u00e9ation de votre compte, de\n  l&rsquo;importation d&rsquo;un CV ou d&rsquo;un abonnement \u00e0 une Alerte Emploi. Ces donn\u00e9es\n  sont susceptibles d&rsquo;\u00eatre partag\u00e9es avec nos entit\u00e9s affili\u00e9es, nos\n  fournisseurs de services et les employeurs, comme indiqu\u00e9 dans\n  l&rsquo;Article&nbsp;4 de notre <a href=\"https:\/\/hrtechprivacy.com\/fr\/brands\/workopolis#S4\">politique de confidentialit\u00e9<\/a>. \n  <\/td><\/tr><tr><td>\n  Donn\u00e9es des chercheurs d&#8217;emploi\n  <\/td><td>JobSeekerData.resumeJobHistory   JobSeekerData.emailContents   JobSeekerData.resumeText    JobSeekerData.coverLetters      JobSeekerData.licenseNumbers   JobSeekerData.userDetails   JobSeekerData.screenQuestionResponses JobSeekerData.userDetails    JobSeekerData.educationHistory&nbsp;&nbsp;&nbsp;    JobSeekerData.jobHistory.title&nbsp;&nbsp;&nbsp;&nbsp;&nbsp;&nbsp;&nbsp;    JobSeekerData.locations.city   JobSeekerData.locations.admins&nbsp;&nbsp;&nbsp;    JobSeekerData.locations.zip&nbsp;&nbsp;&nbsp;&nbsp;&nbsp;&nbsp;&nbsp;&nbsp;&nbsp;&nbsp; <br>JobSeekerData.interests&nbsp;&nbsp;&nbsp;&nbsp;&nbsp;    JobSeekerData.specialties   JobSeekerData.jobHistory.startDate   JobSeekerData.jobHistory.endDate   JobSeekerData.educationHistory.startDate   JobSeekerData.educationHistory.endDate   JobSeekerData.skills   JobSeekerData.industry   JobSeekerData.locations.country   JobSeekerData.resumes.creationDate   JobSeekerData.nicknames   JobSeekerData.interviews&nbsp;&nbsp;    JobSeekerData.desiredJobDetails&nbsp; <br>JobSeekerData.assessments   <br>JobSeekerData.payments<br>JobSeekerData.resumeFeedbacks<\/td><td>\n  Les donn\u00e9es des chercheurs d&#8217;emploi comprennent\n  les informations attribu\u00e9es \u00e0 votre compte lorsque vous interagissez avec\n  notre Site en qualit\u00e9 de chercheur d&#8217;emploi. Cela comprend les contenus des\n  documents de candidature, comme les CV et les lettres de motivation, mais\n  \u00e9galement les informations fournies lors de la configuration de votre profil.\n  Les donn\u00e9es peuvent \u00eatre partag\u00e9es avec nos entit\u00e9s affili\u00e9es, les\n  fournisseurs de services et les employeurs, comme indiqu\u00e9 dans\n  l&rsquo;Article&nbsp;4 de notre <a href=\"https:\/\/hrtechprivacy.com\/fr\/brands\/workopolis#S4\">politique de confidentialit\u00e9<\/a>.\n  <\/td><\/tr><tr><td>\n  Activit\u00e9 de l&rsquo;utilisateur\n  <\/td><td>UserActivity.attachments<br>UserActivity.JobApplyData   UserActivity.jobHiredData      UserActivity.messages<br>UserActivity.viewedJobs.title   UserActivity.searchHistory   UserActivity.salarySubmissions   UserActivity.Filters   UserActivity.logIns   UserActivity.jobAlerts   UserActivity.SessionData   UserActivity.AccountClosure   UserActivity.Rejections   UserActivity.savedJobs   UserActivity.reviews   <\/td><td>\n  L&rsquo;activit\u00e9 de l&rsquo;utilisateur inclut les donn\u00e9es\n  associ\u00e9es \u00e0 votre activit\u00e9 sur le site web Workopolis ainsi que les messages\n  envoy\u00e9s et re\u00e7us sur la plateforme Workopolis et les avis\/candidatures\n  envoy\u00e9s sur Workopolis. Ces donn\u00e9es proviennent directement de votre\n  utilisation de notre Site. Ces donn\u00e9es sont susceptibles d&rsquo;\u00eatre partag\u00e9es\n  avec nos entit\u00e9s affili\u00e9es et nos fournisseurs de services, comme indiqu\u00e9\n  dans l&rsquo;Article&nbsp;4 de notre <a href=\"https:\/\/hrtechprivacy.com\/fr\/brands\/workopolis#S4\">politique de confidentialit\u00e9<\/a>. \n  <\/td><\/tr><tr><td>\n  Donn\u00e9es des employeurs\n  <\/td><td>EmployerData.authorizedUsers   EmployerData.billings   EmployerData.payments   EmployerData.billingAddresses&nbsp;&nbsp;&nbsp;&nbsp;&nbsp;&nbsp;    EmployerData.currencies&nbsp;&nbsp;&nbsp;&nbsp;&nbsp;&nbsp;    EmployerData.nps&nbsp;&nbsp;&nbsp;&nbsp;&nbsp;    <\/td><td>\n  Les donn\u00e9es des employeurs comprennent les\n  informations affect\u00e9es \u00e0 votre compte lorsque vous interagissez avec notre\n  Site en qualit\u00e9 d&#8217;employeur. Cela comprend notamment les informations de\n  facturation et de paiement. Veuillez noter que Workopolis ne stocke pas les\n  num\u00e9ros complets des cartes de cr\u00e9dit et cette information n&rsquo;est pas mise \u00e0\n  disposition via cette demande. Ces donn\u00e9es sont issues de votre interaction\n  avec le Site. Ces donn\u00e9es sont susceptibles d&rsquo;\u00eatre partag\u00e9es avec nos entit\u00e9s\n  affili\u00e9es et nos fournisseurs de services, comme indiqu\u00e9 dans\n  l&rsquo;Article&nbsp;4 de notre <a href=\"https:\/\/hrtechprivacy.com\/fr\/brands\/workopolis#S4\">politique de confidentialit\u00e9<\/a>.\n  <\/td><\/tr><\/tbody><\/table><\/figure>\n\n\n\n<p><strong>Vos droits<\/strong><\/p>\n\n\n\n<p>Dans l&rsquo;Article&nbsp;10 de notre <a href=\"https:\/\/hrtechprivacy.com\/fr\/brands\/workopolis#S10\">politique de confidentialit\u00e9<\/a>, nous d\u00e9taillons\nvos droits en tant qu&rsquo;utilisateur ainsi que les \u00e9tapes sp\u00e9cifiques que vous\npouvez suivre pour les faire valoir. Ces droits sont notamment les suivants.<\/p>\n\n\n\n<p><strong>Droit\nd&rsquo;acc\u00e9der \u00e0 vos donn\u00e9es personnelles<\/strong><strong><\/strong><\/p>\n\n\n\n<p>Vous avez le droit de demander \u00e0 Workopolis une copie de vos\ndonn\u00e9es personnelles.<\/p>\n\n\n\n<p><strong>Droit de modifier vos\ndonn\u00e9es personnelles<\/strong><strong><\/strong><\/p>\n\n\n\n<p>Si l&rsquo;une de vos donn\u00e9es personnelles semble incorrecte, n&rsquo;h\u00e9sitez\npas \u00e0 nous en faire part. Nous serons ravis de vous aider \u00e0 corriger toute\nimpr\u00e9cision. <\/p>\n\n\n\n<p><strong>Droit de supprimer vos\ndonn\u00e9es personnelles<\/strong><strong><\/strong><\/p>\n\n\n\n<p>Vous avez le droit de supprimer vos donn\u00e9es personnelles. Les\ndemandes de suppression seront trait\u00e9es conform\u00e9ment aux lois en vigueur.\nVeuillez noter que, si vous demandez la suppression de vos donn\u00e9es\npersonnelles, vous ne pourrez plus utiliser cette adresse email pour cr\u00e9er un\ncompte Workopolis ult\u00e9rieurement. <\/p>\n\n\n\n<p><strong>Droit de restreindre ou\nde refuser le traitement de vos donn\u00e9es personnelles<\/strong><strong><\/strong><\/p>\n\n\n\n<p>Si vous r\u00e9prouvez les fa\u00e7ons dont\nnous utilisons vos donn\u00e9es, vous pouvez nous demander de les supprimer.<strong><\/strong><\/p>\n\n\n\n<p><strong>Droit de d\u00e9poser une plainte aupr\u00e8s d&rsquo;une autorit\u00e9 de surveillance<\/strong><\/p>\n\n\n\n<p>Comme indiqu\u00e9 dans notre <a href=\"https:\/\/hrtechprivacy.com\/fr\/brands\/workopolis\">politique de confidentialit\u00e9<\/a> mentionn\u00e9e pr\u00e9c\u00e9demment, vous avez le droit de d\u00e9poser une\nplainte. Pour ce faire, veuillez envoyer un email \u00e0 l&rsquo;adresse\ncontactus@hrtechprivacy.com \u00e0 partir de l&rsquo;adresse email associ\u00e9e \u00e0 votre compte\nen pr\u00e9cisant le motif de votre plainte. Workopolis s&rsquo;efforcera de r\u00e9pondre \u00e0\nvotre plainte dans les meilleurs d\u00e9lais. Vous \u00eates libre de d\u00e9poser une plainte\naupr\u00e8s d&rsquo;un organisme de contr\u00f4le si nous nous trouvons dans l&rsquo;incapacit\u00e9 de\nr\u00e9soudre votre probl\u00e8me.<\/p>\n\n\n\n<p><strong>Prise de d\u00e9cision automatis\u00e9e<\/strong><\/p>\n\n\n\n<p>Workopolis utilise un syst\u00e8me de prise de d\u00e9cision automatis\u00e9e pour\ntraiter les donn\u00e9es, comme indiqu\u00e9 dans l&rsquo;Article&nbsp;4.7 de notre <a href=\"https:\/\/hrtechprivacy.com\/fr\/brands\/workopolis\">politique de confidentialit\u00e9<\/a>. Ce type de prise de d\u00e9cision automatis\u00e9e nous permet de fournir\nde meilleurs services aux chercheurs d&#8217;emploi et aux employeurs. La mise en\ncorrespondance des offres avec les chercheurs d&#8217;emploi, la recommandation\nd&rsquo;offres pertinentes et la mod\u00e9ration de nos syst\u00e8mes pour pr\u00e9server la qualit\u00e9\nen sont des exemples.<\/p>\n\n\n\n<p><strong>Autres demandes relatives aux donn\u00e9es<\/strong><\/p>\n\n\n\n<p>Si vous souhaitez recevoir d&rsquo;autres exemplaires de vos fichiers de\ndonn\u00e9es, Workopolis est susceptible de vous facturer une somme modique en\nfonction des frais administratifs et des lois en vigueur.<\/p>\n\n\n\n<p>Workopolis veille \u00e0 votre\ns\u00e9curit\u00e9 et \u00e0 la protection de votre vie priv\u00e9e. Si vous avez des questions,\nveuillez nous contacter \u00e0 l&rsquo;adresse contactus@hrtechrivacy.com.<\/p>\n","protected":false},"excerpt":{"rendered":"<p>Merci d&rsquo;avoir pris le temps de nous demander une copie de vos donn\u00e9es personnelles. Vous trouverez ci-dessous des pr\u00e9cisions concernant les donn\u00e9es et l&rsquo;usage qu&rsquo;en fait Workopolis.&nbsp; Veuillez consulter la politique de confidentialit\u00e9 de Workopolis pour en savoir plus sur nos pratiques relatives \u00e0 la confidentialit\u00e9. Cat\u00e9gories de donn\u00e9es personnelles collect\u00e9es et sources L&rsquo;Article&nbsp;2 de [&hellip;]<\/p>\n","protected":false},"author":39,"featured_media":0,"parent":0,"menu_order":0,"comment_status":"closed","ping_status":"closed","template":"","meta":{"_acf_changed":false,"inline_featured_image":false,"footnotes":""},"class_list":["post-2307","page","type-page","status-publish","hentry"],"acf":[],"_links":{"self":[{"href":"https:\/\/hrtechprivacy.com\/fr\/wp-json\/wp\/v2\/pages\/2307","targetHints":{"allow":["GET"]}}],"collection":[{"href":"https:\/\/hrtechprivacy.com\/fr\/wp-json\/wp\/v2\/pages"}],"about":[{"href":"https:\/\/hrtechprivacy.com\/fr\/wp-json\/wp\/v2\/types\/page"}],"author":[{"embeddable":true,"href":"https:\/\/hrtechprivacy.com\/fr\/wp-json\/wp\/v2\/users\/39"}],"replies":[{"embeddable":true,"href":"https:\/\/hrtechprivacy.com\/fr\/wp-json\/wp\/v2\/comments?post=2307"}],"version-history":[{"count":0,"href":"https:\/\/hrtechprivacy.com\/fr\/wp-json\/wp\/v2\/pages\/2307\/revisions"}],"wp:attachment":[{"href":"https:\/\/hrtechprivacy.com\/fr\/wp-json\/wp\/v2\/media?parent=2307"}],"curies":[{"name":"wp","href":"https:\/\/api.w.org\/{rel}","templated":true}]}}