{"id":2238,"date":"2020-07-02T19:16:34","date_gmt":"2020-07-02T19:16:34","guid":{"rendered":"https:\/\/hrtechprivacy.com\/?page_id=2238"},"modified":"2021-10-29T19:39:18","modified_gmt":"2021-10-29T19:39:18","slug":"glassdoor-nodata-request-info-fr","status":"publish","type":"page","link":"https:\/\/hrtechprivacy.com\/fr\/glassdoor-nodata-request-info-fr","title":{"rendered":"Point sur votre demande concernant vos donn\u00e9es personnelles Glassdoor"},"content":{"rendered":"\n<p>Nous souhaitons faire un point sur votre demande concernant l\u2019obtention de votre fichier de donn\u00e9es personnelles Glassdoor.<\/p>\n\n\n\n<p>Nous n\u2019avons trouv\u00e9 aucune donn\u00e9e personnelle associ\u00e9e \u00e0 votre adresse e-mail sur Glassdoor.<\/p>\n\n\n\n<p>Raisons possibles&nbsp;:<\/p>\n\n\n\n<ul class=\"wp-block-list\"><li>Vous n\u2019avez pas utilis\u00e9 Glassdoor avec les coordonn\u00e9es que vous avez fournies.<\/li><li>Les coordonn\u00e9es que vous avez saisies sont incorrectes.<\/li><li>Vous vous \u00eates inscrit avec des coordonn\u00e9es diff\u00e9rentes.<\/li><\/ul>\n\n\n\n<p>Si vous pensez qu\u2019il s\u2019agit d\u2019une erreur, nous vous recommandons de&nbsp;renvoyer votre demande.<\/p>\n","protected":false},"excerpt":{"rendered":"<p>Nous souhaitons faire un point sur votre demande concernant l\u2019obtention de votre fichier de donn\u00e9es personnelles Glassdoor. Nous n\u2019avons trouv\u00e9 aucune donn\u00e9e personnelle associ\u00e9e \u00e0 votre adresse e-mail sur Glassdoor. Raisons possibles&nbsp;: Vous n\u2019avez pas utilis\u00e9 Glassdoor avec les coordonn\u00e9es que vous avez fournies. Les coordonn\u00e9es que vous avez saisies sont incorrectes. Vous vous \u00eates [&hellip;]<\/p>\n","protected":false},"author":20,"featured_media":0,"parent":0,"menu_order":0,"comment_status":"closed","ping_status":"closed","template":"","meta":{"_acf_changed":false,"inline_featured_image":false,"footnotes":""},"class_list":["post-2238","page","type-page","status-publish","hentry"],"acf":[],"_links":{"self":[{"href":"https:\/\/hrtechprivacy.com\/fr\/wp-json\/wp\/v2\/pages\/2238","targetHints":{"allow":["GET"]}}],"collection":[{"href":"https:\/\/hrtechprivacy.com\/fr\/wp-json\/wp\/v2\/pages"}],"about":[{"href":"https:\/\/hrtechprivacy.com\/fr\/wp-json\/wp\/v2\/types\/page"}],"author":[{"embeddable":true,"href":"https:\/\/hrtechprivacy.com\/fr\/wp-json\/wp\/v2\/users\/20"}],"replies":[{"embeddable":true,"href":"https:\/\/hrtechprivacy.com\/fr\/wp-json\/wp\/v2\/comments?post=2238"}],"version-history":[{"count":0,"href":"https:\/\/hrtechprivacy.com\/fr\/wp-json\/wp\/v2\/pages\/2238\/revisions"}],"wp:attachment":[{"href":"https:\/\/hrtechprivacy.com\/fr\/wp-json\/wp\/v2\/media?parent=2238"}],"curies":[{"name":"wp","href":"https:\/\/api.w.org\/{rel}","templated":true}]}}