{"id":2095,"date":"2020-06-18T21:23:37","date_gmt":"2020-06-18T21:23:37","guid":{"rendered":"https:\/\/hrtechprivacy.com\/?page_id=2095"},"modified":"2021-10-29T19:39:30","modified_gmt":"2021-10-29T19:39:30","slug":"glassdoor-deletion-request-info-fr","status":"publish","type":"page","link":"https:\/\/hrtechprivacy.com\/fr\/glassdoor-deletion-request-info-fr","title":{"rendered":"Vos donn\u00e9es personnelles Glassdoor ont \u00e9t\u00e9 supprim\u00e9es"},"content":{"rendered":"\n<p><strong>Suite \u00e0 votre demande, nous avons supprim\u00e9 vos donn\u00e9es personnelles de notre plateforme.<\/strong>&nbsp;Nous vous recommandons en outre de supprimer les cookies de tous les navigateurs et appareils \u00e0 partir desquels vous avez acc\u00e9d\u00e9 \u00e0 la plateforme Glassdoor, et de supprimer l&rsquo;application mobile de tout appareil sur lequel elle est install\u00e9e.<\/p>\n\n\n\n<p>Toutefois, malgr\u00e9 votre demande de suppression des donn\u00e9es, nous nous r\u00e9servons le droit de conserver dans nos archives toute information que nous jugeons n\u00e9cessaire pour nous conformer \u00e0 nos obligations l\u00e9gales, r\u00e9soudre les litiges, faire respecter nos contrats et exercer le droit \u00e0 la libert\u00e9 d&rsquo;expression et d&rsquo;information. Nous conserverons \u00e9galement votre demande dans nos registres \u00e0 des fins juridiques et de conformit\u00e9.<\/p>\n\n\n\n<p>Dor\u00e9navant, si vous-m\u00eame ou une tierce partie nous communiquez vos donn\u00e9es personnelles, vous serez consid\u00e9r\u00e9 comme un nouvel utilisateur (et nous ne serons pas en mesure de d\u00e9terminer que vous avez pr\u00e9alablement utilis\u00e9 Glassdoor).<\/p>\n\n\n\n<p>Vous pouvez, en outre, demander \u00e0 ce que l&rsquo;une de nos filiales vous donne acc\u00e8s \u00e0 vos donn\u00e9es. Pour ce faire, suivez les \u00e9tapes indiqu\u00e9es dans la ou les sections correspondantes du&nbsp;<a href=\"https:\/\/hrtechprivacy.com\/fr\" target=\"_blank\" rel=\"noreferrer noopener\">centre de confidentialit\u00e9.<\/a><\/p>\n","protected":false},"excerpt":{"rendered":"<p>Suite \u00e0 votre demande, nous avons supprim\u00e9 vos donn\u00e9es personnelles de notre plateforme.&nbsp;Nous vous recommandons en outre de supprimer les cookies de tous les navigateurs et appareils \u00e0 partir desquels vous avez acc\u00e9d\u00e9 \u00e0 la plateforme Glassdoor, et de supprimer l&rsquo;application mobile de tout appareil sur lequel elle est install\u00e9e. Toutefois, malgr\u00e9 votre demande de [&hellip;]<\/p>\n","protected":false},"author":20,"featured_media":0,"parent":0,"menu_order":0,"comment_status":"closed","ping_status":"closed","template":"","meta":{"_acf_changed":false,"inline_featured_image":false,"footnotes":""},"class_list":["post-2095","page","type-page","status-publish","hentry"],"acf":[],"_links":{"self":[{"href":"https:\/\/hrtechprivacy.com\/fr\/wp-json\/wp\/v2\/pages\/2095","targetHints":{"allow":["GET"]}}],"collection":[{"href":"https:\/\/hrtechprivacy.com\/fr\/wp-json\/wp\/v2\/pages"}],"about":[{"href":"https:\/\/hrtechprivacy.com\/fr\/wp-json\/wp\/v2\/types\/page"}],"author":[{"embeddable":true,"href":"https:\/\/hrtechprivacy.com\/fr\/wp-json\/wp\/v2\/users\/20"}],"replies":[{"embeddable":true,"href":"https:\/\/hrtechprivacy.com\/fr\/wp-json\/wp\/v2\/comments?post=2095"}],"version-history":[{"count":0,"href":"https:\/\/hrtechprivacy.com\/fr\/wp-json\/wp\/v2\/pages\/2095\/revisions"}],"wp:attachment":[{"href":"https:\/\/hrtechprivacy.com\/fr\/wp-json\/wp\/v2\/media?parent=2095"}],"curies":[{"name":"wp","href":"https:\/\/api.w.org\/{rel}","templated":true}]}}