{"id":2071,"date":"2020-06-18T19:32:20","date_gmt":"2020-06-18T19:32:20","guid":{"rendered":"https:\/\/hrtechprivacy.com\/?page_id=2071"},"modified":"2022-12-06T20:48:49","modified_gmt":"2022-12-06T20:48:49","slug":"glassdoor-data-request-info-fr","status":"publish","type":"page","link":"https:\/\/hrtechprivacy.com\/fr\/glassdoor-data-request-info-fr","title":{"rendered":"votre fichier de donn\u00e9es personnelles Glassdoor"},"content":{"rendered":"\n<p>Glassdoor peut traiter les cat\u00e9gories suivantes de donn\u00e9es personnelles vous concernant, associ\u00e9es \u00e0 l&rsquo;adresse e-mail que vous avez valid\u00e9e\u00a0:<\/p>\n\n\n\n<figure class=\"wp-block-table has-normal-font-size\"><table role=\"presentation\" class=\"has-fixed-layout\"><tbody><tr><td><br><strong>Cat\u00e9gories de donn\u00e9es personnelles<\/strong><\/td><td><br><strong>Exemples de donn\u00e9es personnelles dans la cat\u00e9gorie<\/strong><\/td><td><strong>Cat\u00e9gories de donn\u00e9es applicables au RGPD\/au droit des \u00e9tats des \u00c9tats-Unis<\/strong><\/td><\/tr><tr><td><br><strong>Activit\u00e9s de communication<\/strong><\/td><td>Communications auxquelles vous vous \u00eates inscrit ou que vous avez re\u00e7ues, interactions avec les communications (par exemple, lire\/ouvrir les communications, cliquer sur des liens) informations de service t\u00e9l\u00e9charg\u00e9es, informations sur le carnet d\u2019adresses, etc.<\/td><td>Informations commerciales, identifiants personnels, informations d\u00e9duites, activit\u00e9 Internet&nbsp;<\/td><\/tr><tr><td><br><br><br><strong>Donn\u00e9es d\u00e9mographiques<\/strong><\/td><td>Origine ethnique, orientation sexuelle, handicap, trait de personnalit\u00e9 principal (p.&nbsp;ex., introverti\/extraverti), religion, \u00e9tat matrimonial, statut parental, statut d\u2019ancien combattant<\/td><td>Donn\u00e9es de cat\u00e9gorie sp\u00e9ciale\/Informations personnelles sensibles<br>Caract\u00e9ristiques des classifications prot\u00e9g\u00e9es en vertu de la l\u00e9gislation d\u2019\u00e9tat ou f\u00e9d\u00e9rale (USA)<\/td><\/tr><tr><td><br><strong>Messages directs<\/strong><\/td><td>Messages directs et contenu associ\u00e9<\/td><td>Identifiants<\/td><\/tr><tr><td><br><strong>Candidatures<\/strong><br><\/td><td>Emploi auxquels vous avez postul\u00e9 et interactions associ\u00e9es, notamment les CV et autres donn\u00e9es que vous fournissez pendant le processus de candidature<\/td><td>Donn\u00e9es de cat\u00e9gorie sp\u00e9ciale\/Informations personnelles sensibles<br>Informations professionnelles et associ\u00e9es<\/td><\/tr><tr><td><br><strong>Int\u00e9r\u00eats et activit\u00e9 professionnels<\/strong><\/td><td>Pr\u00e9f\u00e9rences en mati\u00e8re d\u2019emploi et vos interactions avec les offres d\u2019emploi (par exemple, rechercher ou enregistrer une offre d\u2019emploi)<\/td><td>Informations d\u00e9duites, informations professionnelles et associ\u00e9es&nbsp;<\/td><\/tr><tr><td><br><strong>Offres d&#8217;emploi<\/strong><\/td><td>Vos offres d\u2019emploi sur les services<\/td><td>Informations professionnelles et associ\u00e9es<\/td><\/tr><tr><td><br><br><strong>Informations de profil<\/strong><br><\/td><td>Nom, adresse e-mail, CV, intitul\u00e9 de poste actuel\/pr\u00e9c\u00e9dent, photo, num\u00e9ro de t\u00e9l\u00e9phone, nom d\u2019utilisateur, \u00e2ge, genre, exp\u00e9rience professionnelle\/\u00e9ducation, r\u00e9seaux sociaux, langue, param\u00e8tres du compte, pr\u00e9f\u00e9rences de communication, etc.<\/td><td>Donn\u00e9es de cat\u00e9gorie sp\u00e9ciale\/Informations personnelles sensibles<br>Informations commerciales, informations sur la formation, identifiants&nbsp;<\/td><\/tr><tr><td><br><br><strong>Historique des ventes et d&rsquo;assistance<\/strong><\/td><td>Historique des achats, d\u00e9tails de paiement et autres \u00e9changes avec les \u00e9quipes commerciales et d&rsquo;assistance<\/td><td>Informations personnelles sensibles<br>Informations commerciales, identifiants personnels, informations d\u00e9duites, activit\u00e9 Internet<\/td><\/tr><tr><td><br><br><strong>S\u00e9curit\u00e9 et informations de connexion<\/strong><\/td><td>Activit\u00e9 relative \u00e0 vos connexions, modifications de mot de passe ou d\u2019adresse e-mail et informations sur vos appareils mobiles (notamment adresse&nbsp;IP et localisation approximative en d\u00e9coulant)<\/td><td>Informations personnelles sensibles<br>G\u00e9olocalisation, identifiants, activit\u00e9 Internet, informations d\u00e9duites<\/td><\/tr><tr><td><br><br><strong>Activit\u00e9 de service<\/strong><\/td><td>Les pages que vous avez consult\u00e9es, le contenu ou les publicit\u00e9s avec lesquels vous avez interagi, les recherches, les groupes que vous avez visit\u00e9s, les informations de journalisation, les enregistrements d\u2019\u00e9cran, le texte saisi, etc.<\/td><td>Activit\u00e9 Internet, informations d\u00e9duites<\/td><\/tr><tr><td><br><br><strong>Contenu envoy\u00e9<\/strong><br><\/td><td>Avis sur les employeurs, rapports sur les salaires, avis sur les avantages sociaux, retours sur les entretiens d\u2019embauche, photos, publications, commentaires, documents, clips audio et vid\u00e9o, etc. envoy\u00e9s aux services<\/td><td>Informations de type audio, \u00e9lectronique, visuel, thermique, olfactif ou similaires&nbsp;; renseignements professionnels et associ\u00e9s<\/td><\/tr><tr><td><strong>Assistance et commentaires utilisateur<\/strong><\/td><td>Vos demandes d\u2019assistance et les commentaires que vous nous fournissez<\/td><td>Informations commerciales, identifiants&nbsp;<\/td><\/tr><\/tbody><\/table><\/figure>\n\n\n\n<p>Remarques sur le contenu des donn\u00e9es&nbsp;:<\/p>\n\n\n\n<ul class=\"wp-block-list\">\n<li>Le contenu du fichier de donn\u00e9es d\u00e9pend de votre activit\u00e9 surtout Glassdoor et certaines cat\u00e9gories de donn\u00e9es peuvent ne pas y figurer (si vous n&rsquo;avez publi\u00e9 aucune offre d&#8217;emploi, par exemple, les donn\u00e9es relatives \u00e0 cette activit\u00e9 n&rsquo;appara\u00eetront pas dans le fichier). Chaque \u00e9l\u00e9ment dans votre fichier correspondra \u00e0 la liste de cat\u00e9gories ci-dessus. Ces cat\u00e9gories se rapportent \u00e0 d&rsquo;autres cat\u00e9gories sp\u00e9cifiques de tiers auxquels Glassdoor a transf\u00e9r\u00e9 vos donn\u00e9es, comme expliqu\u00e9 dans notre Politique de confidentialit\u00e9 (voir la section intitul\u00e9e \u00ab&nbsp;Partage des informations\/destinataires&nbsp;\u00bb).<\/li>\n\n\n\n<li>Certaines informations, telles que les donn\u00e9es permettant d\u2019identifier d&rsquo;autres personnes, peuvent ne pas figurer dans votre fichier de donn\u00e9es personnelles.<\/li>\n\n\n\n<li>Si vous demandez des informations vous concernant que nous sommes susceptibles de d\u00e9tenir dans notre contenu g\u00e9n\u00e9r\u00e9 par les utilisateurs en rapport avec votre r\u00f4le d&#8217;employeur en tant que cadre dirigeant pr\u00e9sent\u00e9 sur Glassdoor, nous aurons besoin d&rsquo;informations suppl\u00e9mentaires de votre part pour valider votre identit\u00e9 dans cette fonction avant que nous puissions vous fournir ces donn\u00e9es (le cas \u00e9ch\u00e9ant). Contactez-nous sur&nbsp;<a href=\"mailto:privacyinquiries@glassdoor.com\" target=\"_blank\" rel=\"noreferrer noopener\">privacyinquiries@glassdoor.com<\/a>&nbsp;pour plus d&rsquo;instructions.<\/li>\n<\/ul>\n\n\n\n<p>Consultez notre&nbsp;<a href=\"https:\/\/hrtechprivacy.com\/fr\/brands\/glassdoor\" target=\"_blank\" rel=\"noreferrer noopener\">Politique de confidentialit\u00e9<\/a>&nbsp;pour en savoir plus sur la fa\u00e7on dont nous recueillons, utilisons et partageons vos donn\u00e9es personnelles, le d\u00e9lai pendant lequel nous les conservons, ainsi que la fa\u00e7on dont elles peuvent \u00eatre transf\u00e9r\u00e9es hors de votre pays en respectant les mesures de protection appropri\u00e9es. Nous expliquons \u00e9galement vos droits et comment vous pouvez les exercer.<\/p>\n\n\n\n<p>Pour toute autre question sur Glassdoor et votre vie priv\u00e9e,&nbsp;<a href=\"https:\/\/www.glassdoor.fr\/gdpr\/index.htm\" target=\"_blank\" rel=\"noreferrer noopener\">acc\u00e9dez \u00e0 notre page sur les donn\u00e9es personnelles<\/a>.<\/p>\n\n\n\n<p>Vous pouvez, en outre, demander \u00e0 ce que l&rsquo;une de nos filiales supprime vos donn\u00e9es personnelles. Pour ce faire, suivez les \u00e9tapes indiqu\u00e9es dans la ou les sections correspondantes du&nbsp;<a rel=\"noreferrer noopener\" href=\"https:\/\/hrtechprivacy.com\/fr\" target=\"_blank\">centre de confidentialit\u00e9.<\/a><\/p>\n","protected":false},"excerpt":{"rendered":"<p>Glassdoor peut traiter les cat\u00e9gories suivantes de donn\u00e9es personnelles vous concernant, associ\u00e9es \u00e0 l&rsquo;adresse e-mail que vous avez valid\u00e9e\u00a0: Cat\u00e9gories de donn\u00e9es personnelles Exemples de donn\u00e9es personnelles dans la cat\u00e9gorie Cat\u00e9gories de donn\u00e9es applicables au RGPD\/au droit des \u00e9tats des \u00c9tats-Unis Activit\u00e9s de communication Communications auxquelles vous vous \u00eates inscrit ou que vous avez re\u00e7ues, [&hellip;]<\/p>\n","protected":false},"author":20,"featured_media":0,"parent":0,"menu_order":0,"comment_status":"closed","ping_status":"closed","template":"","meta":{"_acf_changed":false,"inline_featured_image":false,"footnotes":""},"class_list":["post-2071","page","type-page","status-publish","hentry"],"acf":[],"_links":{"self":[{"href":"https:\/\/hrtechprivacy.com\/fr\/wp-json\/wp\/v2\/pages\/2071","targetHints":{"allow":["GET"]}}],"collection":[{"href":"https:\/\/hrtechprivacy.com\/fr\/wp-json\/wp\/v2\/pages"}],"about":[{"href":"https:\/\/hrtechprivacy.com\/fr\/wp-json\/wp\/v2\/types\/page"}],"author":[{"embeddable":true,"href":"https:\/\/hrtechprivacy.com\/fr\/wp-json\/wp\/v2\/users\/20"}],"replies":[{"embeddable":true,"href":"https:\/\/hrtechprivacy.com\/fr\/wp-json\/wp\/v2\/comments?post=2071"}],"version-history":[{"count":0,"href":"https:\/\/hrtechprivacy.com\/fr\/wp-json\/wp\/v2\/pages\/2071\/revisions"}],"wp:attachment":[{"href":"https:\/\/hrtechprivacy.com\/fr\/wp-json\/wp\/v2\/media?parent=2071"}],"curies":[{"name":"wp","href":"https:\/\/api.w.org\/{rel}","templated":true}]}}