{"id":279,"date":"2019-10-15T19:10:42","date_gmt":"2019-10-15T19:10:42","guid":{"rendered":"https:\/\/hrtechprivacy.com\/?page_id=279"},"modified":"2023-08-14T08:53:30","modified_gmt":"2023-08-14T08:53:30","slug":"faq","status":"publish","type":"page","link":"https:\/\/hrtechprivacy.com\/es\/faq","title":{"rendered":"Preguntas frecuentes"},"content":{"rendered":"\n<h2 class=\"wp-block-heading\">Uso compartido de datos personales<\/h2>\n\n\n\n<h3 class=\"wp-block-heading\"><strong>\u00bfQu\u00e9 datos personales se comparten entre las Plataformas?<\/strong><\/h3>\n\n\n\n<p>Los datos personales que se comparten est\u00e1n sujetos a las pol\u00edticas de privacidad y de cookies de las Plataformas que usted utilice.&nbsp;<\/p>\n\n\n\n<p>Los datos personales compartidos var\u00edan en funci\u00f3n de la interacci\u00f3n que usted tenga con las Plataformas durante las actividades de b\u00fasqueda de empleo y presentaci\u00f3n de solicitudes. Estos datos personales pueden incluir nombre y apellidos, nombre de usuario, direcci\u00f3n de email, n\u00famero de tel\u00e9fono, informaci\u00f3n del CV o perfil, direcci\u00f3n IP, ID de anunciante, respuestas a preguntas de filtrado de la empresa, ofertas de empleo, notificaciones de empleo, progreso de solicitudes y actividad del usuario en relaci\u00f3n con b\u00fasquedas, clics o sesiones en las Plataformas.<\/p>\n\n\n\n<h3 class=\"wp-block-heading\"><strong>\u00bfPor qu\u00e9 se comparten mis datos personales de este modo?<\/strong><\/h3>\n\n\n\n<p>Sus datos personales se comparten por diversos motivos, tales como:&nbsp;<\/p>\n\n\n\n<ul class=\"wp-block-list\">\n<li>Conectar a m\u00e1s candidatos con m\u00e1s empresas y ofertas de empleo<\/li>\n\n\n\n<li>Mejorar nuestros servicios&nbsp;&nbsp;<\/li>\n\n\n\n<li>Reforzar la seguridad de los usuarios<\/li>\n<\/ul>\n\n\n\n<p>Dispone de m\u00e1s informaci\u00f3n sobre las <a href=\"https:\/\/hrtechprivacy.com\/es\/#ventajas\">ventajas del uso compartido de datos<\/a>.<\/p>\n\n\n\n<h3 class=\"wp-block-heading\"><strong>\u00bfCu\u00e1ndo y c\u00f3mo se comparten los datos?<\/strong><\/h3>\n\n\n\n<p>El momento y la manera en que se comparten sus datos personales depender\u00e1 de la Plataforma espec\u00edfica, el tipo de datos que se compartan y la actividad que realice en las Plataformas.&nbsp;<\/p>\n\n\n\n<p>Por ejemplo, nuestras Plataformas pueden utilizar y compartir su historial previo de b\u00fasqueda o navegaci\u00f3n (por ejemplo, las ofertas de empleo en las que haya hecho clic) y la informaci\u00f3n de su CV o perfil para determinar los resultados de b\u00fasqueda y las alertas de empleo pertinentes. Tambi\u00e9n se pueden compartir autom \u00e1ticamente actividades espec\u00edficas, como abrir una cuenta en una de nuestras Plataformas.<\/p>\n\n\n\n<h3 class=\"wp-block-heading\"><\/h3>\n\n\n\n<h3 class=\"wp-block-heading\">\u00bfC\u00f3mo puedo impedir que mis datos personales se compartan de este modo?<\/h3>\n\n\n\n<p>Indeed valora su privacidad e intenta respetar sus preferencias. Si no desea que su informaci\u00f3n se comparta de este modo, puede solicitar, seg\u00fan la Plataforma, la eliminaci\u00f3n de su cuenta o de sus datos personales. <s>Tambi\u00e9n puede solicitar que sus datos no se compartan del modo indicado mientras tenga una cuenta abierta.<\/s> Para solicitar estas opciones, siga las instrucciones de la Pol\u00edtica de privacidad de las Plataformas que haya utilizado.<\/p>\n\n\n\n<h2 class=\"wp-block-heading\">Centro de privacidad de HR Tech y Plataformas<\/h2>\n\n\n\n<h3 class=\"wp-block-heading\"><strong>\u00bfCambia la informaci\u00f3n del Centro de privacidad de HR Tech la forma en que se usar\u00e1n mis datos personales?<\/strong><\/h3>\n\n\n\n<p>No. La informaci\u00f3n establecida en las preguntas frecuentes y el Centro de privacidad est\u00e1 dise\u00f1ada para proporcionarle m\u00e1s transparencia en torno al modo en que usamos sus datos.<\/p>\n\n\n\n<h3 class=\"wp-block-heading\"><strong>\u00bfSignifica eso que las Plataformas compartir\u00e1n todos mis datos sin ning\u00fan tipo de limitaci\u00f3n?<\/strong><\/h3>\n\n\n\n<p>No. El uso compartido de sus datos personales est\u00e1 sujeto a las disposiciones de las pol\u00edticas de privacidad y de cookies de las Plataformas que haya utilizado. Le animamos a consultar estas disposiciones para entender dicho uso compartido con mayor claridad.&nbsp;<\/p>\n\n\n\n<p><strong>\u00bfC\u00f3mo gestionan las Plataformas la transferencia de mis datos personales entre las Plataformas asociadas?<\/strong><\/p>\n\n\n\n<p>Para garantizar la aplicaci\u00f3n de las medidas de protecci\u00f3n adecuadas durante la transferencia de datos, utilizamos varios procedimientos legales que son obligatorios. Estos procedimientos pueden consistir en una medida o en una combinaci\u00f3n de medidas. Entre ellas, se incluyen <a href=\"https:\/\/ec.europa.eu\/info\/law\/law-topic\/data-protection\/international-dimension-data-protection\/standard-contractual-clauses-scc_en\">cl\u00e1usulas contractuales est\u00e1ndar<\/a> u otros mecanismos que consideremos apropiados para proteger adecuadamente las transferencias de sus datos personales.&nbsp;<\/p>\n\n\n\n<p><strong>\u00bfQui\u00e9n es el responsable del tratamiento de mis datos personales?<\/strong><\/p>\n\n\n\n<p>El responsable del tratamiento de sus datos personales debe figurar en la pol\u00edtica de privacidad de la plataforma que haya utilizado.&nbsp;<\/p>\n\n\n\n<h3 class=\"wp-block-heading\"><strong>\u00bfCu\u00e1l es la postura de las Plataformas con respecto a la privacidad?<\/strong><\/h3>\n\n\n\n<p>Las Plataformas de HR Tech se toman muy en serio la privacidad de sus usuarios. Destinamos importantes recursos como parte de nuestras iniciativas para proteger sus datos personales y nos esforzamos por cumplir las normas aplicables en materia de privacidad. Agradecemos la confianza depositada en nosotros por los candidatos a la hora de buscar ofertas de empleo y por las empresas para que las ayudemos a encontrar a los candidatos ideales. Consulte nuestros <a href=\"https:\/\/hrtechprivacy.com\/es\/#principios-de-privacidad\">principios de privacidad<\/a> para obtener m\u00e1s informaci\u00f3n.<\/p>\n\n\n\n<p><strong>\u00bfEn qu\u00e9 idiomas proporciona cada Plataforma su pol\u00edtica de privacidad o de cookies?<\/strong><\/p>\n\n\n\n<p>Las pol\u00edticas de privacidad y de cookies est\u00e1n disponibles en los idiomas locales de los mercados a los que se dirige cada Plataforma. Si una Plataforma determinada no tiene su pol\u00edtica de privacidad o de cookies en un idioma espec\u00edfico, se debe a que dicha Plataforma no se dirige a\u00fan a los usuarios de los mercados donde se habla ese idioma.<\/p>\n\n\n\n<h2 class=\"wp-block-heading\">Sus derechos de privacidad<\/h2>\n\n\n\n<h3 class=\"wp-block-heading\"><strong>\u00bfQu\u00e9 derechos de privacidad me corresponden en las Plataformas?<\/strong><\/h3>\n\n\n\n<p>Nos esforzamos por tratar a todos nuestros usuarios por igual ofreci\u00e9ndoles un amplio conjunto de derechos de privacidad en todo el mundo. Esto significa que cualquier usuario de una Plataforma, al margen de su ubicaci\u00f3n, puede contactar con ella para solicitar lo siguiente:<\/p>\n\n\n\n<ul class=\"wp-block-list\">\n<li>el acceso a sus datos personales;<\/li>\n\n\n\n<li>la supresi\u00f3n de sus datos personales;<\/li>\n\n\n\n<li>la rectificaci\u00f3n de sus datos personales;&nbsp;<\/li>\n\n\n\n<li>la copia de sus datos personales en formato electr\u00f3nico (portabilidad);<\/li>\n\n\n\n<li>la limitaci\u00f3n u oposici\u00f3n a determinados tipos de tratamiento de sus datos personales.<\/li>\n<\/ul>\n\n\n\n<h3 class=\"wp-block-heading\"><strong>\u00bfC\u00f3mo puedo ejercer mis derechos de privacidad?<\/strong><\/h3>\n\n\n\n<p>Para ejercer sus derechos de privacidad, consulte la Pol\u00edtica de privacidad de la Plataforma que haya utilizado y siga las instrucciones que se especifiquen en ella.<\/p>\n\n\n\n<h3 class=\"wp-block-heading\"><strong>\u00bfQu\u00e9 medidas de seguridad adoptan las Plataformas?<\/strong><\/h3>\n\n\n\n<p>Nos tomamos muy en serio la seguridad de sus datos personales y hemos destinado importantes recursos a tal fin. Utilizamos diversos procedimientos para evitar el acceso no autorizado, la divulgaci\u00f3n, la destrucci\u00f3n o la p\u00e9rdida accidental de datos. Estos procedimientos var\u00edan en funci\u00f3n de la naturaleza de los datos, el contexto de su tratamiento, los riesgos asociados y la tecnolog\u00eda disponible.&nbsp;<\/p>\n\n\n\n<p>Adoptamos un enfoque basado en los riesgos y aplicamos diversas medidas de seguridad para proteger los datos personales, incluidas las siguientes cuando corresponda:<\/p>\n\n\n\n<ul class=\"wp-block-list\">\n<li>seudonimizaci\u00f3n y cifrado selectivos de los datos personales;<\/li>\n\n\n\n<li>dise\u00f1o de sistemas internos para proteger la confidencialidad, integridad, disponibilidad y resiliencia de nuestros servicios y sistemas de tratamiento;<\/li>\n\n\n\n<li>uso de sistemas y procesos concebidos para que podamos restaurar el acceso a los datos personales que figuran en nuestro haber y su disponibilidad de forma oportuna en el caso de un incidente t\u00e9cnico o f\u00edsico;<\/li>\n\n\n\n<li>ejecuci\u00f3n peri\u00f3dica de pruebas, an\u00e1lisis y evaluaciones de la eficacia de las medidas de seguridad de las Plataformas.<\/li>\n<\/ul>\n\n\n\n<h3 class=\"wp-block-heading\"><strong>Como empresa, \u00bfqu\u00e9 puedo hacer para que mi cuenta sea segura?<\/strong><\/h3>\n\n\n\n<p>Para obtener informaci\u00f3n adicional sobre el mejor modo de proteger la seguridad de su cuenta de empresa, consulte la p\u00e1gina sobre seguridad de la Plataforma que est\u00e9 usando.<\/p>\n","protected":false},"excerpt":{"rendered":"<p>Uso compartido de datos personales \u00bfQu\u00e9 datos personales se comparten entre las Plataformas? Los datos personales que se comparten est\u00e1n sujetos a las pol\u00edticas de privacidad y de cookies de las Plataformas que usted utilice.&nbsp; Los datos personales compartidos var\u00edan en funci\u00f3n de la interacci\u00f3n que usted tenga con las Plataformas durante las actividades de [&hellip;]<\/p>\n","protected":false},"author":6,"featured_media":0,"parent":0,"menu_order":0,"comment_status":"closed","ping_status":"closed","template":"","meta":{"_acf_changed":false,"inline_featured_image":false,"footnotes":""},"class_list":["post-279","page","type-page","status-publish","hentry"],"acf":[],"_links":{"self":[{"href":"https:\/\/hrtechprivacy.com\/es\/wp-json\/wp\/v2\/pages\/279","targetHints":{"allow":["GET"]}}],"collection":[{"href":"https:\/\/hrtechprivacy.com\/es\/wp-json\/wp\/v2\/pages"}],"about":[{"href":"https:\/\/hrtechprivacy.com\/es\/wp-json\/wp\/v2\/types\/page"}],"author":[{"embeddable":true,"href":"https:\/\/hrtechprivacy.com\/es\/wp-json\/wp\/v2\/users\/6"}],"replies":[{"embeddable":true,"href":"https:\/\/hrtechprivacy.com\/es\/wp-json\/wp\/v2\/comments?post=279"}],"version-history":[{"count":0,"href":"https:\/\/hrtechprivacy.com\/es\/wp-json\/wp\/v2\/pages\/279\/revisions"}],"wp:attachment":[{"href":"https:\/\/hrtechprivacy.com\/es\/wp-json\/wp\/v2\/media?parent=279"}],"curies":[{"name":"wp","href":"https:\/\/api.w.org\/{rel}","templated":true}]}}