{"id":271,"date":"2019-10-15T18:03:57","date_gmt":"2019-10-15T18:03:57","guid":{"rendered":"https:\/\/hrtechprivacy.com\/?page_id=271"},"modified":"2023-08-14T08:51:28","modified_gmt":"2023-08-14T08:51:28","slug":"bienvenido-al-centro-de-privacidad-de-hr-tech","status":"publish","type":"page","link":"https:\/\/hrtechprivacy.com\/es","title":{"rendered":"Le damos la bienvenida al Centro de privacidad de HR Tech."},"content":{"rendered":"\n<p>USUARIOS DE LA APP: el uso de nuestra app est\u00e1 sujeto a las Condiciones y la Pol\u00edtica de privacidad tanto de dicha app como de la p\u00e1gina web.&nbsp;<\/p>\n\n\n\n<p>Para obtener informaci\u00f3n sobre privacidad acerca de la app que est\u00e1 usando, consulte la Pol\u00edtica de privacidad de la p\u00e1gina web. Por ejemplo, el uso de la app de Indeed est\u00e1 sujeto a las Condiciones y la Pol\u00edtica de privacidad de Indeed.<\/p>\n\n\n\n<h2 class=\"wp-block-heading\">Introducci\u00f3n<\/h2>\n\n\n\n<h3 class=\"wp-block-heading\"><strong>Nos tomamos sus datos personales muy en serio&nbsp;<\/strong><\/h3>\n\n\n\n<p>Le damos la bienvenida al Centro de privacidad de HR Tech, una p\u00e1gina web que muestra c\u00f3mo diversas <a href=\"https:\/\/hrtechprivacy.com\/es\/brands\">plataformas<\/a> de b\u00fasqueda de empleo y contrataci\u00f3n en l\u00ednea comparten datos y protegen la privacidad. La plataforma de Indeed incluye las <a href=\"https:\/\/hrtechprivacy.com\/es\/indeed-sites\">p\u00e1ginas web de Indeed,<\/a> y la plataforma de Glassdoor incluye las <a href=\"https:\/\/hrtechprivacy.com\/es\/glassdoor-sites\">p\u00e1ginas web de Glassdoor<\/a> (en adelante, las denominaremos conjuntamente las \u201cPlataformas\u201d). Para obtener m\u00e1s informaci\u00f3n sobre el responsable del tratamiento de datos de cada plataforma, consulte la <a href=\"https:\/\/hrtechprivacy.com\/es\/brands\/indeed\">Pol\u00edtica de privacidad de Indeed<\/a> y la <a href=\"https:\/\/hrtechprivacy.com\/brands\/glassdoor\">Pol\u00edtica de privacidad de Glassdoor<\/a>.&nbsp;<\/p>\n\n\n\n<p>Nuestro objetivo principal consiste en ayudar a las personas a conseguir un empleo y a las empresas a encontrar buenos candidatos. Hemos creado esta p\u00e1gina web para ayudarle a obtener informaci\u00f3n adicional acerca de nuestros <a href=\"https:\/\/hrtechprivacy.com\/es\/#principios-de-privacidad\">principios de privacidad<\/a>, el modo en que estas Plataformas comparten sus datos y por qu\u00e9 es importante para nosotros compartirlos.&nbsp;<\/p>\n\n\n\n<p>El uso compartido de datos entre las Plataformas nos permite:<\/p>\n\n\n\n<ul class=\"wp-block-list\">\n<li>ayudar a conectar a los candidatos con m\u00e1s empresas y ofertas de empleo;<\/li>\n\n\n\n<li>mejorar y personalizar los servicios para nuestros usuarios, y<\/li>\n\n\n\n<li>mejorar la seguridad de nuestros usuarios.<\/li>\n<\/ul>\n\n\n\n<p><a href=\"https:\/\/hrtechprivacy.com\/es\/#ventajas\">A continuaci\u00f3n<\/a>, encontrar\u00e1 informaci\u00f3n sobre c\u00f3mo compartimos datos entre las Plataformas, as\u00ed como respuestas a algunas <a href=\"https:\/\/hrtechprivacy.com\/es\/faq\">preguntas frecuentes<\/a>.<\/p>\n\n\n\n<p>La informaci\u00f3n reflejada en este documento no cambia la forma en que las p\u00e1ginas web de Indeed y las de Glassdoor recopilan, usan o comparten los datos personales. Las pol\u00edticas de privacidad y de cookies de cada una de las p\u00e1ginas web explican claramente c\u00f3mo recopilamos y usamos tanto los datos personales como los datos no personales.&nbsp;<\/p>\n\n\n\n<p>Si tiene alguna pregunta concreta sobre una plataforma espec\u00edfica, le animamos a que visite la Pol\u00edtica de privacidad o la p\u00e1gina de Contacto de dicha plataforma para obtener informaci\u00f3n adicional.<\/p>\n\n\n\n<h2 class=\"wp-block-heading\">Nuestros principios de privacidad<\/h2>\n\n\n\n<h3 class=\"wp-block-heading\">Damos prioridad a su confianza<\/h3>\n\n\n\n<p>Tanto si le ayudamos a encontrar ofertas de empleo como a identificar el candidato ideal, valoramos la confianza que deposita en nosotros. Con el fin de mantener esa confianza, dedicamos importantes recursos a proteger sus datos personales. Estos esfuerzos se basan en nuestros principios de privacidad:<\/p>\n\n\n\n<ul class=\"wp-block-list\">\n<li>Tratamos a todos los usuarios por igual ofreci\u00e9ndoles un amplio conjunto de derechos de privacidad en todo el mundo. Cualquier usuario puede solicitar lo siguiente:\n<ul class=\"wp-block-list\">\n<li>el acceso a sus datos personales y la portabilidad de estos;<\/li>\n\n\n\n<li>la rectificaci\u00f3n o supresi\u00f3n de sus datos personales;<\/li>\n\n\n\n<li>la limitaci\u00f3n u oposici\u00f3n a determinados tipos de tratamiento de sus datos personales.<\/li>\n<\/ul>\n<\/li>\n\n\n\n<li>Nos adherimos a unos principios de privacidad integrados en el dise\u00f1o, que reflejan nuestro modo de crear y prestar servicios.<\/li>\n\n\n\n<li>Somos transparentes en relaci\u00f3n con los datos personales que recopilamos y el modo en que los tratamos.<\/li>\n\n\n\n<li>Garantizamos que los datos personales que recopilamos se usar\u00e1n para ayudar a los candidatos a encontrar ofertas de empleo y a las empresas a encontrar los candidatos ideales, adem\u00e1s de para mejorar los servicios prestados.&nbsp;<\/li>\n\n\n\n<li>Limitamos la recopilaci\u00f3n y el almacenamiento de los datos personales por nuestra parte a lo estrictamente adecuado, pertinente y necesario.<\/li>\n\n\n\n<li>Nos esforzamos por mantener sus datos personales correctos y actualizados, donde corresponda.<\/li>\n\n\n\n<li>Velamos por que sus datos personales se traten usando las medidas de seguridad apropiadas para protegerlos.<\/li>\n\n\n\n<li>Demostramos nuestra responsabilidad y conformidad en relaci\u00f3n con las leyes de privacidad aplicables.<\/li>\n<\/ul>\n\n\n\n<h2 class=\"wp-block-heading\">Ventajas del uso compartido de datos<\/h2>\n\n\n\n<h3 class=\"wp-block-heading\"><strong>\u00bfPor qu\u00e9 se necesitan mis datos?<\/strong><\/h3>\n\n\n\n<p>El uso compartido de datos no solo proporciona diversas ventajas a los candidatos y las empresas, sino que tambi\u00e9n nos permite mejorar nuestros servicios.<\/p>\n\n\n\n<p><strong>El uso compartido de datos da lugar a un mayor n\u00famero de empresas, ofertas de empleo y candidatos.<\/strong><\/p>\n\n\n\n<p>El uso compartido de datos entre las Plataformas permite a los candidatos acceder a una base de datos m\u00e1s amplia de empresas y ofertas de empleo. Adem\u00e1s, tambi\u00e9n facilita el acceso de las empresas a m\u00e1s candidatos. Por ejemplo, una plataforma puede recomendar empleos o empresas en otra plataforma. Tambi\u00e9n puede facilitar la interacci\u00f3n entre solicitudes, CV y ofertas de empleo en las Plataformas. Los datos personales compartidos var\u00edan en funci\u00f3n de la interacci\u00f3n que usted tenga con las Plataformas durante las actividades de b\u00fasqueda de empleo y presentaci\u00f3n de solicitudes.&nbsp;<\/p>\n\n\n\n<p>Las Plataformas tambi\u00e9n podr\u00e1n compartir datos de empresas (por ejemplo, informaci\u00f3n sobre las cuentas o el comportamiento) para proporcionarles una mejor experiencia.<\/p>\n\n\n\n<p><strong>El uso compartido de datos mejora nuestros servicios<\/strong><\/p>\n\n\n\n<p>El uso compartido de datos permite que nuestras Plataformas proporcionen contenido, rendimiento, funciones y servicios personalizados y mejorados.&nbsp;<\/p>\n\n\n\n<p>Por ejemplo, nuestras Plataformas pueden utilizar y compartir su historial previo de b\u00fasqueda o navegaci\u00f3n (por ejemplo, las ofertas de empleo en las que haya hecho clic) y la informaci\u00f3n de su CV o perfil para determinar los resultados de b\u00fasqueda y las alertas de empleo pertinentes. El uso compartido de datos tambi\u00e9n puede facilitar otra informaci\u00f3n, como valoraciones de empresa, datos salariales de las ofertas de empleo, consejos para entrevistas, etc.&nbsp;<\/p>\n\n\n\n<p>El uso compartido tambi\u00e9n facilita el an\u00e1lisis de datos, las pruebas, la investigaci\u00f3n y la mejora de los servicios de nuestras Plataformas.<\/p>\n\n\n\n<p><strong>El uso compartido de datos aumenta la seguridad<\/strong><\/p>\n\n\n\n<p>Este uso compartido de los datos hace posible que nuestras Plataformas protejan mejor a los usuarios. En concreto, permite que las Plataformas asociadas mejoren la seguridad de los usuarios y las operaciones internas. Tambi\u00e9n facilita la resoluci\u00f3n de problemas, as\u00ed como la detecci\u00f3n y prevenci\u00f3n del fraude y el spam.<\/p>\n\n\n\n<h2 class=\"wp-block-heading\">Registro de la actividad de las Plataformas<\/h2>\n\n\n\n<h3 class=\"wp-block-heading\"><strong>\u00bfQu\u00e9 hacemos con los datos?<\/strong><\/h3>\n\n\n\n<p>Procesamos su actividad en las Plataformas para entender mejor el uso que hace de ellas. Esto contribuye a mejorar y dar forma a los productos y servicios que ofrecemos. Todo ello nos permite ayudarle a encontrar ofertas de empleo.&nbsp;<\/p>\n\n\n\n<p>Es importante destacar que nuestras Plataformas no pueden funcionar correctamente sin la recopilaci\u00f3n y el uso compartido de determinados datos. Esto incluye el tratamiento, la recopilaci\u00f3n, el an\u00e1lisis, el almacenamiento y el uso compartido de datos personales en las Plataformas o con proveedores de servicios externos, incluidos aquellos que tienen lugar en tiempo real.&nbsp;<\/p>\n\n\n\n<p>Los datos recopilados pueden incluir cualquier tipo de interacci\u00f3n y comunicaci\u00f3n que usted lleve a cabo en nuestras Plataformas. Tambi\u00e9n pueden incluir, entre otras, aquellas secciones de las Plataformas que usted visite o sobre las que haga clic, se desplace, pase el rat\u00f3n o interact\u00fae de cualquier otra manera. Adem\u00e1s, pueden incluir en qu\u00e9 momento y durante cu\u00e1nto tiempo tiene lugar cada actividad.&nbsp;<\/p>\n\n\n\n<p>Para obtener m\u00e1s informaci\u00f3n, consulte las pol\u00edticas de privacidad y de cookies de cada Plataforma.&nbsp;<\/p>\n\n\n\n<p>Consideramos que este tratamiento es fundamental para el modo en que funcionan nuestras Plataformas. En la actualidad, no nos es posible ofrecerle nuestros principales productos y servicios sin transferir determinados datos a las entidades asociadas de Indeed. Si desea saber c\u00f3mo puede detener este uso compartido, consulte nuestras preguntas frecuentes.<\/p>\n","protected":false},"excerpt":{"rendered":"<p>USUARIOS DE LA APP: el uso de nuestra app est\u00e1 sujeto a las Condiciones y la Pol\u00edtica de privacidad tanto de dicha app como de la p\u00e1gina web.&nbsp; Para obtener informaci\u00f3n sobre privacidad acerca de la app que est\u00e1 usando, consulte la Pol\u00edtica de privacidad de la p\u00e1gina web. Por ejemplo, el uso de la [&hellip;]<\/p>\n","protected":false},"author":6,"featured_media":0,"parent":0,"menu_order":0,"comment_status":"closed","ping_status":"closed","template":"","meta":{"_acf_changed":false,"inline_featured_image":false,"footnotes":""},"class_list":["post-271","page","type-page","status-publish","hentry"],"acf":[],"_links":{"self":[{"href":"https:\/\/hrtechprivacy.com\/es\/wp-json\/wp\/v2\/pages\/271","targetHints":{"allow":["GET"]}}],"collection":[{"href":"https:\/\/hrtechprivacy.com\/es\/wp-json\/wp\/v2\/pages"}],"about":[{"href":"https:\/\/hrtechprivacy.com\/es\/wp-json\/wp\/v2\/types\/page"}],"author":[{"embeddable":true,"href":"https:\/\/hrtechprivacy.com\/es\/wp-json\/wp\/v2\/users\/6"}],"replies":[{"embeddable":true,"href":"https:\/\/hrtechprivacy.com\/es\/wp-json\/wp\/v2\/comments?post=271"}],"version-history":[{"count":0,"href":"https:\/\/hrtechprivacy.com\/es\/wp-json\/wp\/v2\/pages\/271\/revisions"}],"wp:attachment":[{"href":"https:\/\/hrtechprivacy.com\/es\/wp-json\/wp\/v2\/media?parent=271"}],"curies":[{"name":"wp","href":"https:\/\/api.w.org\/{rel}","templated":true}]}}