{"id":2242,"date":"2020-07-02T19:56:48","date_gmt":"2020-07-02T19:56:48","guid":{"rendered":"https:\/\/hrtechprivacy.com\/?page_id=2242"},"modified":"2021-10-29T19:55:30","modified_gmt":"2021-10-29T19:55:30","slug":"glassdoor-nodata-request-info-es","status":"publish","type":"page","link":"https:\/\/hrtechprivacy.com\/es\/glassdoor-nodata-request-info-es","title":{"rendered":"Informaci\u00f3n sobre tu solicitud de datos personales de Glassdoor"},"content":{"rendered":"\n<p>Queremos ofrecerte informaci\u00f3n actualizada sobre tu solicitud del archivo de datos personales de Glassdoor.<\/p>\n\n\n\n<p>No hemos podido encontrar ning\u00fan dato personal asociado a tu direcci\u00f3n de correo electr\u00f3nico en Glassdoor.<\/p>\n\n\n\n<p>Algunas posibles razones pueden ser:<\/p>\n\n\n\n<ul class=\"wp-block-list\"><li>No has usado Glassdoor con la informaci\u00f3n de contacto que proporcionaste.<\/li><li>Introdujiste tu informaci\u00f3n de contacto de forma incorrecta.<\/li><li>Te registraste con una informaci\u00f3n de contacto diferente.<\/li><\/ul>\n\n\n\n<p>Si consideras que se trata de un error, te recomendamos que&nbsp;vuelvas a presentar tu solicitud.<\/p>\n","protected":false},"excerpt":{"rendered":"<p>Queremos ofrecerte informaci\u00f3n actualizada sobre tu solicitud del archivo de datos personales de Glassdoor. No hemos podido encontrar ning\u00fan dato personal asociado a tu direcci\u00f3n de correo electr\u00f3nico en Glassdoor. Algunas posibles razones pueden ser: No has usado Glassdoor con la informaci\u00f3n de contacto que proporcionaste. Introdujiste tu informaci\u00f3n de contacto de forma incorrecta. Te [&hellip;]<\/p>\n","protected":false},"author":20,"featured_media":0,"parent":0,"menu_order":0,"comment_status":"closed","ping_status":"closed","template":"","meta":{"_acf_changed":false,"inline_featured_image":false,"footnotes":""},"class_list":["post-2242","page","type-page","status-publish","hentry"],"acf":[],"_links":{"self":[{"href":"https:\/\/hrtechprivacy.com\/es\/wp-json\/wp\/v2\/pages\/2242","targetHints":{"allow":["GET"]}}],"collection":[{"href":"https:\/\/hrtechprivacy.com\/es\/wp-json\/wp\/v2\/pages"}],"about":[{"href":"https:\/\/hrtechprivacy.com\/es\/wp-json\/wp\/v2\/types\/page"}],"author":[{"embeddable":true,"href":"https:\/\/hrtechprivacy.com\/es\/wp-json\/wp\/v2\/users\/20"}],"replies":[{"embeddable":true,"href":"https:\/\/hrtechprivacy.com\/es\/wp-json\/wp\/v2\/comments?post=2242"}],"version-history":[{"count":0,"href":"https:\/\/hrtechprivacy.com\/es\/wp-json\/wp\/v2\/pages\/2242\/revisions"}],"wp:attachment":[{"href":"https:\/\/hrtechprivacy.com\/es\/wp-json\/wp\/v2\/media?parent=2242"}],"curies":[{"name":"wp","href":"https:\/\/api.w.org\/{rel}","templated":true}]}}