{"id":2099,"date":"2020-06-18T22:46:28","date_gmt":"2020-06-18T22:46:28","guid":{"rendered":"https:\/\/hrtechprivacy.com\/?page_id=2099"},"modified":"2021-10-29T19:55:49","modified_gmt":"2021-10-29T19:55:49","slug":"glassdoor-deletion-request-info-es","status":"publish","type":"page","link":"https:\/\/hrtechprivacy.com\/es\/glassdoor-deletion-request-info-es","title":{"rendered":"Se han eliminado tus datos personales de Glassdoor"},"content":{"rendered":"\n<p><strong>De acuerdo con su solicitud, Glassdoor ha eliminado sus datos personales de nuestra plataforma.<\/strong>&nbsp;Adem\u00e1s, le recomendamos eliminar las&nbsp;<em>cookies<\/em>&nbsp;de todos los navegadores o dispositivos que haya utilizado anteriormente para acceder a Glassdoor, as\u00ed como desinstalar la aplicaci\u00f3n m\u00f3vil de todos los dispositivos en los que la haya instalado.<\/p>\n\n\n\n<p>No obstante, tenga en cuenta que, aunque solicite la eliminaci\u00f3n de sus datos, nos reservamos el derecho a conservar en nuestros archivos cualquier informaci\u00f3n que consideremos necesaria para cumplir nuestras obligaciones legales, resolver controversias, hacer cumplir nuestros acuerdos y ejercer nuestro derecho de libertad de expresi\u00f3n e informaci\u00f3n. Tambi\u00e9n mantendremos un registro de tu solicitud por motivos legales y de cumplimiento.<\/p>\n\n\n\n<p>A partir de ahora, si usted o un tercero nos proporciona informaci\u00f3n personal sobre usted, se le considerar\u00e1 como un nuevo usuario (y no habr\u00e1 forma de saber que ya hab\u00eda utilizado Glassdoor).<\/p>\n\n\n\n<p>Asimismo, puede solicitar la eliminaci\u00f3n de sus datos a cualquiera de nuestros socios. Para ello, siga los pasos que se detallan a continuaci\u00f3n en la secci\u00f3n correspondiente del&nbsp;<a href=\"https:\/\/hrtechprivacy.com\/es\" target=\"_blank\" rel=\"noreferrer noopener\">Centro de privacidad.<\/a><\/p>\n","protected":false},"excerpt":{"rendered":"<p>De acuerdo con su solicitud, Glassdoor ha eliminado sus datos personales de nuestra plataforma.&nbsp;Adem\u00e1s, le recomendamos eliminar las&nbsp;cookies&nbsp;de todos los navegadores o dispositivos que haya utilizado anteriormente para acceder a Glassdoor, as\u00ed como desinstalar la aplicaci\u00f3n m\u00f3vil de todos los dispositivos en los que la haya instalado. No obstante, tenga en cuenta que, aunque solicite [&hellip;]<\/p>\n","protected":false},"author":20,"featured_media":0,"parent":0,"menu_order":0,"comment_status":"closed","ping_status":"closed","template":"","meta":{"_acf_changed":false,"inline_featured_image":false,"footnotes":""},"class_list":["post-2099","page","type-page","status-publish","hentry"],"acf":[],"_links":{"self":[{"href":"https:\/\/hrtechprivacy.com\/es\/wp-json\/wp\/v2\/pages\/2099","targetHints":{"allow":["GET"]}}],"collection":[{"href":"https:\/\/hrtechprivacy.com\/es\/wp-json\/wp\/v2\/pages"}],"about":[{"href":"https:\/\/hrtechprivacy.com\/es\/wp-json\/wp\/v2\/types\/page"}],"author":[{"embeddable":true,"href":"https:\/\/hrtechprivacy.com\/es\/wp-json\/wp\/v2\/users\/20"}],"replies":[{"embeddable":true,"href":"https:\/\/hrtechprivacy.com\/es\/wp-json\/wp\/v2\/comments?post=2099"}],"version-history":[{"count":0,"href":"https:\/\/hrtechprivacy.com\/es\/wp-json\/wp\/v2\/pages\/2099\/revisions"}],"wp:attachment":[{"href":"https:\/\/hrtechprivacy.com\/es\/wp-json\/wp\/v2\/media?parent=2099"}],"curies":[{"name":"wp","href":"https:\/\/api.w.org\/{rel}","templated":true}]}}