{"id":2075,"date":"2020-06-18T19:53:24","date_gmt":"2020-06-18T19:53:24","guid":{"rendered":"https:\/\/hrtechprivacy.com\/?page_id=2075"},"modified":"2022-12-06T20:53:34","modified_gmt":"2022-12-06T20:53:34","slug":"glassdoor-data-request-info-es","status":"publish","type":"page","link":"https:\/\/hrtechprivacy.com\/es\/glassdoor-data-request-info-es","title":{"rendered":"Descargue el archivo con sus datos personales de Glassdoor"},"content":{"rendered":"\n<p>Glassdoor puede procesar las siguientes categor\u00edas de datos personales sobre ti en relaci\u00f3n con la direcci\u00f3n de correo electr\u00f3nico que hayas validado:<\/p>\n\n\n\n<figure class=\"wp-block-table has-normal-font-size\"><table role=\"presentation\" class=\"has-fixed-layout\"><tbody><tr><td><br><strong>Categor\u00edas de datos personales<\/strong><\/td><td><br><strong>Ejemplos de datos personales de la categor\u00eda<\/strong><\/td><td><strong>Categor\u00edas de datos aplicables seg\u00fan el RGPD o la ley estatal de EE.&nbsp;UU.<\/strong><\/td><\/tr><tr><td><br><strong>Actividad de comunicaciones<\/strong><\/td><td>Comunicaciones a las que te has suscrito o que has recibido, interacciones con dichas comunicaciones (p.&nbsp;ej., leerlas o abrirlas, hacer clic en sus enlaces, etc.), informaci\u00f3n de servicios descargada, informaci\u00f3n de la libreta de direcciones, etc.<\/td><td>Informaci\u00f3n comercial, identificadores personales, informaci\u00f3n inferida, actividad en Internet, etc.&nbsp;<\/td><\/tr><tr><td><br><br><br><strong>Datos demogr\u00e1ficos<\/strong><\/td><td>Raza\/origen \u00e9tnico, orientaci\u00f3n sexual, discapacidad, rasgo de personalidad dominante (p.&nbsp;ej., introversi\u00f3n\/extroversi\u00f3n), religi\u00f3n, estado civil, estado parental, condici\u00f3n de veterano, etc.<\/td><td>Datos de categor\u00eda especial\/informaci\u00f3n personal confidencial<br>Caracter\u00edsticas de las categor\u00edas protegidas por las leyes estatales o federales<\/td><\/tr><tr><td><br><strong>Mensajes directos<\/strong><\/td><td>Mensajes directos y contenido relacionado<\/td><td>Identificadores&nbsp;<\/td><\/tr><tr><td><br><strong>Solicitudes de empleo<\/strong><br><\/td><td>Empleos a los que has enviado tu solicitud e interacciones relacionadas, incluidos los curr\u00edculums y otros datos que aportes durante el proceso de solicitud<\/td><td>Datos de categor\u00eda especial\/informaci\u00f3n personal confidencial<br>Informaci\u00f3n profesional o de empleo<\/td><\/tr><tr><td><br><strong>Intereses de empleo y actividad<\/strong><\/td><td>Preferencias de empleo y actividad de interacci\u00f3n con los empleos (p.&nbsp;ej., buscar o guardar un empleo)<\/td><td>Informaci\u00f3n inferida, informaci\u00f3n profesional o de empleo&nbsp;<\/td><\/tr><tr><td><br><strong>Ofertas de empleo<\/strong><\/td><td>Tus ofertas de empleo en los servicios<\/td><td>Informaci\u00f3n profesional o de empleo<\/td><\/tr><tr><td><br><br><strong>Informaci\u00f3n del perfil<\/strong><br><\/td><td>Nombre, direcci\u00f3n de correo electr\u00f3nico, curr\u00edculum, puesto actual\/anterior, foto, n\u00famero de tel\u00e9fono, nombre de usuario, edad, sexo, experiencia laboral\/educativa, redes sociales, idioma, configuraci\u00f3n de la cuenta, preferencias de comunicaci\u00f3n, etc.<\/td><td>Datos de categor\u00eda especial\/informaci\u00f3n personal confidencial<br>Informaci\u00f3n comercial, informaci\u00f3n sobre educaci\u00f3n, identificadores&nbsp;<\/td><\/tr><tr><td><br><br><strong>Historial de ventas y asistencia<\/strong><\/td><td>Historial de compras, datos de pago y otras interacciones con asistencia de ventas<\/td><td>Informaci\u00f3n personal confidencial<br>Informaci\u00f3n comercial, identificadores, actividad en Internet<\/td><\/tr><tr><td><br><br><strong>Informaci\u00f3n de seguridad e inicio de sesi\u00f3n<\/strong><\/td><td>Tus eventos de inicio de sesi\u00f3n, cambios de contrase\u00f1a, cambios de correo electr\u00f3nico e informaci\u00f3n de dispositivo (incluida la direcci\u00f3n IP y la ubicaci\u00f3n aproximada inferida)<\/td><td>Informaci\u00f3n personal confidencial<br>Geolocalizaci\u00f3n, identificadores, actividad en Internet, informaci\u00f3n inferida<\/td><\/tr><tr><td><br><br><strong>Actividad en servicios<\/strong><\/td><td>P\u00e1ginas que has visitado, contenido o anuncios con los que has interactuado, b\u00fasquedas, grupos que has visitado, informaci\u00f3n de registro, grabaciones de pantalla, texto introducido, etc.<\/td><td>Actividad en Internet, informaci\u00f3n inferida<\/td><\/tr><tr><td><br><br><strong>Contenido enviado<\/strong><br><\/td><td>Opiniones sobre empresas, informes de sueldos, opiniones sobre beneficios, opiniones sobre entrevistas, fotos, publicaciones, comentarios, documentos, contenido de audio o v\u00eddeo, etc. enviados a los servicios<\/td><td>Informaci\u00f3n de audio, electr\u00f3nica, visual, t\u00e9rmica, olfativa o similar; informaci\u00f3n profesional o de empleo<\/td><\/tr><tr><td><strong>Asistencia al usuario y comentarios<\/strong><\/td><td>Tus solicitudes de asistencia y los comentarios que nos haces llegar<\/td><td>Informaci\u00f3n comercial, identificadores&nbsp;<\/td><\/tr><\/tbody><\/table><\/figure>\n\n\n\n<p>Notas sobre los datos almacenados:<\/p>\n\n\n\n<ul class=\"wp-block-list\">\n<li>Los datos que aparecen en el archivo de datos se basan en tu actividad en Glassdoor y puede que algunas categor\u00edas no se incluyan en tu archivo (p. ej., si no has publicado ning\u00fan empleo en Glassdoor, no se incluir\u00e1n datos relacionados con esa categor\u00eda). Cada elemento de datos en su archivo se asignar\u00e1 a la lista de categor\u00edas anteriores.<\/li>\n\n\n\n<li>Es probable que su archivo de datos personales excluya algunos datos, como los datos que identificar\u00edan a otras personas. Estas categor\u00edas se corresponden con las categor\u00edas espec\u00edficas de terceros a los que Glassdoor ha transferido tus datos, tal y como se detalla en nuestra Pol\u00edtica de privacidad (consulta la secci\u00f3n \u00abC\u00f3mo compartimos la informaci\u00f3n\/Destinatarios\u00bb).<\/li>\n\n\n\n<li>Si est\u00e1 solicitando informaci\u00f3n que podamos tener sobre usted en el contenido generado por nuestros usuarios relacionada con su funci\u00f3n como directivo s\u00e9nior de una empresa que aparece en Glassdoor, necesitaremos m\u00e1s datos suyos para validar su identidad en este cargo antes de poder proporcionarle dicha informaci\u00f3n (si la hubiera). P\u00f3ngase en contacto con nosotros en&nbsp;<a href=\"mailto:privacyinquiries@glassdoor.com\">privacyinquiries@glassdoor.com<\/a> para obtener instrucciones.<\/li>\n<\/ul>\n\n\n\n<p>Para saber m\u00e1s sobre c\u00f3mo recopilamos, usamos y compartimos su informaci\u00f3n, as\u00ed como durante cu\u00e1nto tiempo la conservamos y c\u00f3mo podr\u00edamos transferirla al extranjero de conformidad con las medidas de seguridad adecuadas, consulte nuestra&nbsp;<a href=\"https:\/\/hrtechprivacy.com\/es\/brands\/glassdoor\" target=\"_blank\" rel=\"noreferrer noopener\">Pol\u00edtica de privacidad<\/a>. Tambi\u00e9n encontrar\u00e1 una explicaci\u00f3n de sus derechos y c\u00f3mo puede ejercerlos.<\/p>\n\n\n\n<p>Si tienes alguna pregunta adicional acerca de Glassdoor y tu privacidad, por favor&nbsp;<a href=\"https:\/\/www.glassdoor.es\/gdpr\/index.htm\" target=\"_blank\" rel=\"noreferrer noopener\">visita la p\u00e1gina sobre nuestro compromiso con la privacidad.<\/a><\/p>\n\n\n\n<p>Asimismo, puede solicitar el acceso a sus datos a cualquiera de nuestros socios. Para ello, siga los pasos que se detallan a continuaci\u00f3n en la secci\u00f3n correspondiente del&nbsp;<a href=\"https:\/\/hrtechprivacy.com\/es\" target=\"_blank\" rel=\"noreferrer noopener\">Centro de privacidad.<\/a><\/p>\n","protected":false},"excerpt":{"rendered":"<p>Glassdoor puede procesar las siguientes categor\u00edas de datos personales sobre ti en relaci\u00f3n con la direcci\u00f3n de correo electr\u00f3nico que hayas validado: Categor\u00edas de datos personales Ejemplos de datos personales de la categor\u00eda Categor\u00edas de datos aplicables seg\u00fan el RGPD o la ley estatal de EE.&nbsp;UU. Actividad de comunicaciones Comunicaciones a las que te has [&hellip;]<\/p>\n","protected":false},"author":20,"featured_media":0,"parent":0,"menu_order":0,"comment_status":"closed","ping_status":"closed","template":"","meta":{"_acf_changed":false,"inline_featured_image":false,"footnotes":""},"class_list":["post-2075","page","type-page","status-publish","hentry"],"acf":[],"_links":{"self":[{"href":"https:\/\/hrtechprivacy.com\/es\/wp-json\/wp\/v2\/pages\/2075","targetHints":{"allow":["GET"]}}],"collection":[{"href":"https:\/\/hrtechprivacy.com\/es\/wp-json\/wp\/v2\/pages"}],"about":[{"href":"https:\/\/hrtechprivacy.com\/es\/wp-json\/wp\/v2\/types\/page"}],"author":[{"embeddable":true,"href":"https:\/\/hrtechprivacy.com\/es\/wp-json\/wp\/v2\/users\/20"}],"replies":[{"embeddable":true,"href":"https:\/\/hrtechprivacy.com\/es\/wp-json\/wp\/v2\/comments?post=2075"}],"version-history":[{"count":0,"href":"https:\/\/hrtechprivacy.com\/es\/wp-json\/wp\/v2\/pages\/2075\/revisions"}],"wp:attachment":[{"href":"https:\/\/hrtechprivacy.com\/es\/wp-json\/wp\/v2\/media?parent=2075"}],"curies":[{"name":"wp","href":"https:\/\/api.w.org\/{rel}","templated":true}]}}