{"id":327,"date":"2019-10-16T20:27:31","date_gmt":"2019-10-16T20:27:31","guid":{"rendered":"https:\/\/hrtechprivacy.com\/?page_id=327"},"modified":"2023-08-14T08:08:01","modified_gmt":"2023-08-14T08:08:01","slug":"welcome-to-the-hr-tech-privacy-center","status":"publish","type":"page","link":"https:\/\/hrtechprivacy.com\/de","title":{"rendered":"Willkommen beim HR Tech-Datenschutzzentrum!"},"content":{"rendered":"\n<p>App-Nutzer: Die Nutzung unserer App unterliegt unseren Nutzungsbedingungen und unserer Datenschutzerkl\u00e4rung f\u00fcr diese App und Website.&nbsp;<\/p>\n\n\n\n<p>Informationen zum Datenschutz f\u00fcr die von Ihnen genutzte App finden Sie in der Datenschutzerkl\u00e4rung der entsprechenden Webseite. So unterliegt beispielsweise die Nutzung der Indeed-App den Nutzungsbedingungen und der Datenschutzerkl\u00e4rung von Indeed.<\/p>\n\n\n\n<h2 class=\"wp-block-heading\">Einf\u00fchrung<\/h2>\n\n\n\n<h3 class=\"wp-block-heading\"><strong>Wir nehmen den Schutz Ihrer personenbezogenen Daten ernst&nbsp;<\/strong><\/h3>\n\n\n\n<p>Willkommen beim HR Tech-Datenschutzzentrum. Hier erfahren Sie, wie verschiedene <a href=\"https:\/\/hrtechprivacy.com\/de\/brands\">Plattformen<\/a> aus den Bereichen Online-Jobsuche und -Recruiting Ihre Daten austauschen und sch\u00fctzen. Die Indeed-Plattform beinhaltet die <a href=\"https:\/\/hrtechprivacy.com\/de\/indeed-sites\">Websites von Indeed<\/a> und die Glassdoor-Plattform beinhaltet die <a href=\"https:\/\/hrtechprivacy.com\/de\/glassdoor-sites\">Websites von Glassdoor<\/a> (zusammen die \u201ePlattformen\u201c). Weitere Informationen \u00fcber die Verantwortlichen f\u00fcr Ihre personenbezogenen Daten finden Sie in der entsprechenden <a href=\"https:\/\/hrtechprivacy.com\/de\/brands\/about-indeed\">Datenschutzerkl\u00e4rung von Indeed<\/a> und in der <a href=\"https:\/\/hrtechprivacy.com\/de\/brands\/glassdoor\">Datenschutzerkl\u00e4rung von Glassdoor<\/a>.&nbsp;<\/p>\n\n\n\n<p>Unser oberstes Ziel besteht darin, Menschen zu helfen, Jobs zu finden, und Arbeitgeber dabei zu unterst\u00fctzen, geeignete Kandidaten zu finden. Wir haben diese Website erstellt, um Ihnen n\u00e4here Informationen \u00fcber unsere <a href=\"https:\/\/hrtechprivacy.com\/de\/#unsere-datenschutzwerte\">Datenschutzwerte<\/a> zur Verf\u00fcgung zu stellen sowie dar\u00fcber, wie Ihre Daten zwischen diesen Plattformen ausgetauscht werden und warum dies erforderlich ist.&nbsp;<\/p>\n\n\n\n<p>Durch den Datenaustausch zwischen den Plattformen k\u00f6nnen wir:<\/p>\n\n\n\n<ul class=\"wp-block-list\">\n<li>dazu beitragen, mehr Arbeitgeber und mehr Stellenanzeigen mit mehr Jobsuchenden zu verbinden<\/li>\n\n\n\n<li>Dienste f\u00fcr Nutzer verbessern und personalisieren<\/li>\n\n\n\n<li>die Sicherheit f\u00fcr unsere Nutzer optimieren<\/li>\n<\/ul>\n\n\n\n<p>Weitere Informationen \u00fcber den Austausch von Daten zwischen den Plattformen finden Sie <a href=\"https:\/\/hrtechprivacy.com\/de\/#die-vorteile\">weiter unten<\/a>. Zudem erhalten Sie Antworten auf verschiedene<a href=\"https:\/\/hrtechprivacy.com\/de\/haeufig-gestellte-fragen-faqs\"> h\u00e4ufig gestellte Fragen<\/a>.<\/p>\n\n\n\n<p>Die hier angegebenen Informationen haben keinen Einfluss darauf, wie die einzelnen Websites von Indeed und Glassdoor Ihre personenbezogenen Daten erfassen, nutzen oder weitergeben. In den Datenschutzerkl\u00e4rungen und den Richtlinien zur Verwendung von Cookies wird klar und deutlich erkl\u00e4rt, wie wir personenbezogene und nicht personenbezogene Daten erheben und nutzen.&nbsp;<\/p>\n\n\n\n<p>Bei spezifischen Fragen zu einer bestimmten Plattform bitten wir Sie, die Datenschutzerkl\u00e4rung der jeweiligen Plattform f\u00fcr weitere Informationen zurate zu ziehen oder sich \u00fcber unsere Kontaktseite an uns zu wenden.<\/p>\n\n\n\n<h2 class=\"wp-block-heading\">Unsere Datenschutzwerte<\/h2>\n\n\n\n<h3 class=\"wp-block-heading\">Ihr Vertrauen ist unsere oberste Priorit\u00e4t<\/h3>\n\n\n\n<p>Egal ob Sie auf Job- oder Mitarbeitersuche sind&nbsp;\u2013 wir sch\u00e4tzen das Vertrauen, das Sie uns schenken. Um dieses Vertrauen zu halten, t\u00e4tigen wir betr\u00e4chtliche Investitionen in den Schutz Ihrer personenbezogenen Daten. Bei allen diesen Ma\u00dfnahmen richten wir uns nach unseren Datenschutzwerten:<\/p>\n\n\n\n<ul class=\"wp-block-list\">\n<li>Wir behandeln alle unsere Nutzer gleich, indem wir ihnen ein breites Spektrum an weltweiten Datenschutzrechten gew\u00e4hren. Jeder Nutzer kann auf Anfrage:\n<ul class=\"wp-block-list\">\n<li>Zugriff auf seine personenbezogenen Daten sowie auf \u00dcbertragbarkeit dieser Daten erhalten<\/li>\n\n\n\n<li>seine personenbezogenen Daten berichtigen oder l\u00f6schen lassen<\/li>\n\n\n\n<li>bestimmte Verarbeitungen seiner personenbezogenen Daten beschr\u00e4nken lassen oder Widerspruch dagegen einlegen<\/li>\n<\/ul>\n<\/li>\n\n\n\n<li>Wir halten uns bei der Planung und dem Betrieb unserer Dienste an das Prinzip des intrinsischen Datenschutzes.<\/li>\n\n\n\n<li>Wir stellen transparente Informationen dazu bereit, welche personenbezogenen Daten wir sammeln und wie sie verarbeitet werden.<\/li>\n\n\n\n<li>Wir m\u00f6chten sicherstellen, dass die erfassten personenbezogenen Daten dazu verwendet werden, unseren Jobsuchenden bei der Stellensuche und unseren Arbeitgebern bei der Suche nach geeigneten Bewerbern zu helfen und die von uns angebotenen Dienste zu verbessern.&nbsp;<\/li>\n\n\n\n<li>Wir beschr\u00e4nken die Erfassung und Speicherung Ihrer personenbezogenen Daten auf die Daten, die angemessen, relevant und notwendig sind.<\/li>\n\n\n\n<li>Wir sind bestrebt, sicherzustellen, dass Ihre personenbezogenen Daten korrekt und aktuell sind, falls zutreffend.<\/li>\n\n\n\n<li>Es ist uns ein Anliegen, Ihre personenbezogenen Daten unter Anwendung angemessener Schutzma\u00dfnahmen zu verarbeiten.<\/li>\n\n\n\n<li>Wir \u00fcbernehmen die Haftung und Verantwortung gem\u00e4\u00df den geltenden Datenschutzgesetzen.<\/li>\n<\/ul>\n\n\n\n<h2 class=\"wp-block-heading\">Die Vorteile des Datenaustauschs<\/h2>\n\n\n\n<h3 class=\"wp-block-heading\"><strong>Wozu ben\u00f6tigen Sie meine Daten?<\/strong><\/h3>\n\n\n\n<p>Der Austausch von Daten bietet Jobsuchenden und Arbeitgebern nicht nur verschiedene Vorteile, sondern erm\u00f6glicht uns auch die Verbesserung unserer Dienstleistungen<s>.<\/s><\/p>\n\n\n\n<p><strong>Datenaustausch bedeutet mehr Arbeitgeber, mehr Stellenangebote und mehr Jobsuchende<\/strong><\/p>\n\n\n\n<p>Der Datenaustausch zwischen den Plattformen erm\u00f6glicht es Jobsuchenden, auf eine umfangreichere Datenbank von Stellenanzeigen und Arbeitgebern zuzugreifen. Arbeitgeber erhalten ihrerseits Zugang zu einer gr\u00f6\u00dferen Anzahl von Jobsuchenden. So kann eine Plattform beispielsweise Stellenanzeigen oder Arbeitgeber auf einer anderen Plattform empfehlen. Der Datenaustausch tr\u00e4gt au\u00dferdem dazu bei, dass Bewerbungen, Lebensl\u00e4ufe oder Stellenanzeigen auf allen Plattformen funktionieren. Die ausgetauschten personenbezogenen Daten h\u00e4ngen von Ihrer Interaktion mit den Plattformen im Zuge Ihrer Aktivit\u00e4ten zur Jobsuche und Bewerbung ab.&nbsp;<\/p>\n\n\n\n<p>Diese Plattformen k\u00f6nnen au\u00dferdem Arbeitgeberdaten, z.&nbsp;B. Konto- und Verhaltensinformationen, teilen, um das Nutzererlebnis f\u00fcr diese Arbeitgeber zu verbessern.<\/p>\n\n\n\n<p><strong>Der Austausch von Daten verbessert unser Serviceangebot<\/strong><\/p>\n\n\n\n<p>Durch den Datenaustausch k\u00f6nnen wir auf unseren Plattformen personalisierte und verbesserte Inhalte, Ergebnisse, Funktionen und Dienste anbieten.&nbsp;<\/p>\n\n\n\n<p>Unsere Plattformen k\u00f6nnen beispielsweise Ihren bisherigen Such- und Aktivit\u00e4tsverlauf (z.&nbsp;B. die Jobs, die Sie angeklickt haben) oder Ihre Lebenslauf- oder Profilinformationen nutzen und austauschen, um relevante Suchergebnisse und Job-E-Mails zu ermitteln. Der Datenaustausch kann auch helfen, wichtige Informationen wie Unternehmensbewertungen, Gehaltsdaten in Stellenanzeigen, Tipps f\u00fcr Vorstellungsgespr\u00e4che und mehr bereitzustellen.&nbsp;<\/p>\n\n\n\n<p>Dieser Austausch tr\u00e4gt au\u00dferdem dazu bei, Datenanalysen, Tests, Forschung und Dienste f\u00fcr alle unsere Plattformen zu verbessern.<\/p>\n\n\n\n<p><strong>Durch Datenaustausch wird die Sicherheit erh\u00f6ht<\/strong><\/p>\n\n\n\n<p>Ein solcher Datenaustausch erm\u00f6glicht unseren Plattformen, unsere Nutzer besser sch\u00fctzen zu k\u00f6nnen. Insbesondere k\u00f6nnen die verbundenen Plattformen die Nutzersicherheit und interne Betriebsabl\u00e4ufe verbessern. Au\u00dferdem vereinfacht der Datenaustausch die Behebung von Problemen sowie die Erkennung und Vorbeugung von Betrug und Spam.<\/p>\n\n\n\n<h2 class=\"wp-block-heading\">Erfassung der Aktivit\u00e4ten auf der Plattform<\/h2>\n\n\n\n<h3 class=\"wp-block-heading\"><strong>So nutzen wir Daten<\/strong><\/h3>\n\n\n\n<p>Wir verarbeiten die Daten zu Ihren Aktivit\u00e4ten auf den Plattformen, um besser zu verstehen, wie Sie diese Plattformen nutzen. Diese Einblicke helfen uns, unsere Produkte und Dienste zu verbessern und Sie letztlich bei der Jobsuche zu unterst\u00fctzen.&nbsp;<\/p>\n\n\n\n<p>Es ist au\u00dferdem wichtig, darauf hinzuweisen, dass unsere Plattformen ohne die Erfassung und den Austausch dieser Daten m\u00f6glicherweise nicht wie vorgesehen funktionieren k\u00f6nnen. Dazu geh\u00f6rt die Verarbeitung, Erfassung, Analyse, Speicherung und der Austausch personenbezogener Daten auf den Plattformen oder mit Drittanbietern, einschlie\u00dflich in Echtzeit.&nbsp;<\/p>\n\n\n\n<p>Es k\u00f6nnen Daten zu allen Ihren Interaktionen und Ihrer gesamten Kommunikation auf unseren Plattformen erfasst werden. Hierzu geh\u00f6ren unter anderem Daten zu den Bereichen auf den Plattformen, die Sie besuchen, sowie dazu, wohin Sie klicken, wo Sie scrollen, \u00fcber welche Elemente Sie mit dem Mauszeiger fahren oder wie Sie anderweitig mit unseren Plattformen interagieren. Es kann auch erfasst werden, wann die einzelnen Aktivit\u00e4ten erfolgen und f\u00fcr wie lange.&nbsp;<\/p>\n\n\n\n<p>Weitere Informationen finden Sie in der Datenschutzerkl\u00e4rung und den Richtlinien zur Verwendung von Cookies f\u00fcr die jeweilige Plattform.&nbsp;<\/p>\n\n\n\n<p>Wir erachten die Verarbeitung dieser Daten als unerl\u00e4sslich f\u00fcr den Betrieb unserer Plattformen und ohne die \u00dcbermittlung bestimmter Daten an unsere Konzerngesellschaften sind wir derzeit nicht in der Lage, Ihnen unsere Kernprodukte und Dienstleistungen anzubieten. Informationen dazu, wie Sie den Austausch von Daten verhindern k\u00f6nnen, finden Sie in unseren FAQ.<\/p>\n","protected":false},"excerpt":{"rendered":"<p>App-Nutzer: Die Nutzung unserer App unterliegt unseren Nutzungsbedingungen und unserer Datenschutzerkl\u00e4rung f\u00fcr diese App und Website.&nbsp; Informationen zum Datenschutz f\u00fcr die von Ihnen genutzte App finden Sie in der Datenschutzerkl\u00e4rung der entsprechenden Webseite. So unterliegt beispielsweise die Nutzung der Indeed-App den Nutzungsbedingungen und der Datenschutzerkl\u00e4rung von Indeed. Einf\u00fchrung Wir nehmen den Schutz Ihrer personenbezogenen Daten [&hellip;]<\/p>\n","protected":false},"author":13,"featured_media":0,"parent":0,"menu_order":0,"comment_status":"closed","ping_status":"closed","template":"","meta":{"_acf_changed":false,"inline_featured_image":false,"footnotes":""},"class_list":["post-327","page","type-page","status-publish","hentry"],"acf":[],"_links":{"self":[{"href":"https:\/\/hrtechprivacy.com\/de\/wp-json\/wp\/v2\/pages\/327","targetHints":{"allow":["GET"]}}],"collection":[{"href":"https:\/\/hrtechprivacy.com\/de\/wp-json\/wp\/v2\/pages"}],"about":[{"href":"https:\/\/hrtechprivacy.com\/de\/wp-json\/wp\/v2\/types\/page"}],"author":[{"embeddable":true,"href":"https:\/\/hrtechprivacy.com\/de\/wp-json\/wp\/v2\/users\/13"}],"replies":[{"embeddable":true,"href":"https:\/\/hrtechprivacy.com\/de\/wp-json\/wp\/v2\/comments?post=327"}],"version-history":[{"count":0,"href":"https:\/\/hrtechprivacy.com\/de\/wp-json\/wp\/v2\/pages\/327\/revisions"}],"wp:attachment":[{"href":"https:\/\/hrtechprivacy.com\/de\/wp-json\/wp\/v2\/media?parent=327"}],"curies":[{"name":"wp","href":"https:\/\/api.w.org\/{rel}","templated":true}]}}