{"id":2247,"date":"2020-07-02T20:01:20","date_gmt":"2020-07-02T20:01:20","guid":{"rendered":"https:\/\/hrtechprivacy.com\/?page_id=2247"},"modified":"2021-10-29T19:41:28","modified_gmt":"2021-10-29T19:41:28","slug":"glassdoor-deletion-request-info-de","status":"publish","type":"page","link":"https:\/\/hrtechprivacy.com\/de\/glassdoor-deletion-request-info-de","title":{"rendered":"Ihre personenbezogenen Daten auf Glassdoor wurden gel\u00f6scht"},"content":{"rendered":"\n<p><strong>Auf Ihren Antrag hin hat Glassdoor Ihre personenbezogenen Daten von unserer Plattform gel\u00f6scht.<\/strong>&nbsp;Wir m\u00f6chten Ihnen ferner empfehlen, Ihre Cookies in allen Browsern und auf allen Ger\u00e4ten zu l\u00f6schen, mit denen Sie zu einem fr\u00fcheren Zeitpunkt bereits einmal auf Glassdoor zugegriffen haben. Dies schlie\u00dft das Entfernen der Mobil-App von allen Ihren Ger\u00e4ten ein, auf denen diese installiert ist.<\/p>\n\n\n\n<p>Beachten Sie jedoch, dass wir uns ungeachtet Ihres Antrags auf L\u00f6schung der Daten das Recht vorbehalten, alle Daten in unseren Archiven vorzuhalten, die wir f\u00fcr notwendig erachten, um unseren gesetzlichen Verpflichtungen nachzukommen, Streitigkeiten beizulegen, unsere vertraglichen Regelungen durchzusetzen und unser Recht auf freie Meinungs\u00e4u\u00dferung sowie unser Informationsfreiheitsrecht auszu\u00fcben. Zu Zwecken der rechtlichen Absicherung und der Compliance speichern wir Ihre Anfrage.<\/p>\n\n\n\n<p>Wenn uns Ihre personenbezogenen Daten zu einem k\u00fcnftigen Zeitpunkt erneut von Ihnen oder Dritten \u00fcbermittelt werden, werden Sie als neuer Benutzer betrachtet. Wir sind nicht in der Lage festzustellen, ob Sie Glassdoor in der Vergangenheit benutzt haben.<\/p>\n\n\n\n<p>Dar\u00fcber hinaus k\u00f6nnen Sie beantragen, dass jeder unserer Partner Ihre Daten l\u00f6scht. F\u00fchren Sie dazu die im jeweiligen Abschnitt des&nbsp;<a href=\"https:\/\/hrtechprivacy.com\/de\" target=\"_blank\" rel=\"noreferrer noopener\">Datenschutz-Centers<\/a>&nbsp;beschriebenen Schritte aus.<\/p>\n","protected":false},"excerpt":{"rendered":"<p>Auf Ihren Antrag hin hat Glassdoor Ihre personenbezogenen Daten von unserer Plattform gel\u00f6scht.&nbsp;Wir m\u00f6chten Ihnen ferner empfehlen, Ihre Cookies in allen Browsern und auf allen Ger\u00e4ten zu l\u00f6schen, mit denen Sie zu einem fr\u00fcheren Zeitpunkt bereits einmal auf Glassdoor zugegriffen haben. Dies schlie\u00dft das Entfernen der Mobil-App von allen Ihren Ger\u00e4ten ein, auf denen diese [&hellip;]<\/p>\n","protected":false},"author":20,"featured_media":0,"parent":0,"menu_order":0,"comment_status":"closed","ping_status":"closed","template":"","meta":{"_acf_changed":false,"inline_featured_image":false,"footnotes":""},"class_list":["post-2247","page","type-page","status-publish","hentry"],"acf":[],"_links":{"self":[{"href":"https:\/\/hrtechprivacy.com\/de\/wp-json\/wp\/v2\/pages\/2247","targetHints":{"allow":["GET"]}}],"collection":[{"href":"https:\/\/hrtechprivacy.com\/de\/wp-json\/wp\/v2\/pages"}],"about":[{"href":"https:\/\/hrtechprivacy.com\/de\/wp-json\/wp\/v2\/types\/page"}],"author":[{"embeddable":true,"href":"https:\/\/hrtechprivacy.com\/de\/wp-json\/wp\/v2\/users\/20"}],"replies":[{"embeddable":true,"href":"https:\/\/hrtechprivacy.com\/de\/wp-json\/wp\/v2\/comments?post=2247"}],"version-history":[{"count":0,"href":"https:\/\/hrtechprivacy.com\/de\/wp-json\/wp\/v2\/pages\/2247\/revisions"}],"wp:attachment":[{"href":"https:\/\/hrtechprivacy.com\/de\/wp-json\/wp\/v2\/media?parent=2247"}],"curies":[{"name":"wp","href":"https:\/\/api.w.org\/{rel}","templated":true}]}}