{"id":446,"date":"2019-10-25T13:55:04","date_gmt":"2019-10-25T13:55:04","guid":{"rendered":"https:\/\/hrtechprivacy.com\/?page_id=446"},"modified":"2021-10-29T19:19:48","modified_gmt":"2021-10-29T19:19:48","slug":"frequently-asked-questions","status":"publish","type":"page","link":"https:\/\/hrtechprivacy.com\/cs\/frequently-asked-questions","title":{"rendered":"\u010cast\u00e9 dotazy (FAQ)"},"content":{"rendered":"\n<h2 class=\"wp-block-heading\" id=\"sdileni\">Sd\u00edlen\u00ed osobn\u00edch \u00fadaj\u016f<\/h2>\n\n\n\n<h3 class=\"wp-block-heading\"><strong>Jak\u00e9 osobn\u00ed \u00fadaje si str\u00e1nky vz\u00e1jemn\u011b sd\u00edlej\u00ed?<\/strong><\/h3>\n\n\n\n<p>V\u00fdb\u011br a&nbsp;rozsah osobn\u00edch \u00fadaj\u016f, kter\u00e9 jsou sd\u00edleny, z\u00e1vis\u00ed na str\u00e1nk\u00e1ch, kter\u00e9 pou\u017e\u00edv\u00e1te, a&nbsp;jejich <a href=\"https:\/\/hrtechprivacy.com\/cs\/brands\">z\u00e1sad\u00e1ch ochrany soukrom\u00ed a&nbsp;z\u00e1sad\u00e1ch pou\u017e\u00edv\u00e1n\u00ed soubor\u016f cookie<\/a>.&nbsp;<\/p>\n\n\n\n<p>Sd\u00edlen\u00e9 osobn\u00ed \u00fadaje z\u00e1vis\u00ed na va\u0161em zp\u016fsobu pou\u017e\u00edv\u00e1n\u00ed str\u00e1nek p\u0159i hled\u00e1n\u00ed nab\u00eddek pr\u00e1ce a&nbsp;odpov\u00edd\u00e1n\u00ed na&nbsp;n\u011b. Takov\u00e9 \u00fadaje mohou zahrnovat va\u0161e k\u0159estn\u00ed jm\u00e9no a&nbsp;p\u0159\u00edjmen\u00ed, u\u017eivatelsk\u00e9 jm\u00e9no, e-mailovou adresu, telefonn\u00ed \u010d\u00edslo, \u00fadaje z&nbsp;profilu\/\u017eivotopisu, IP adresu, ID inzerenta, odpov\u011bdi na prov\u011b\u0159ovac\u00ed ot\u00e1zky zam\u011bstnavatele, pracovn\u00ed nab\u00eddky, upozorn\u011bn\u00ed na pracovn\u00ed nab\u00eddky, stav odpov\u011bdi na pracovn\u00ed nab\u00eddky nebo&nbsp;vyhled\u00e1v\u00e1n\u00ed, klik\u00e1n\u00ed a&nbsp;aktivitu u\u017eivatele na str\u00e1nk\u00e1ch.<\/p>\n\n\n\n<h3 class=\"wp-block-heading\"><strong>Pro\u010d se moje osobn\u00ed \u00fadaje takto sd\u00edlej\u00ed?<\/strong><\/h3>\n\n\n\n<p>Va\u0161e osobn\u00ed \u00fadaje se sd\u00edlej\u00ed z&nbsp;n\u011bkolika d\u016fvod\u016f, a&nbsp;to konkr\u00e9tn\u011b za \u00fa\u010delem:&nbsp;<\/p>\n\n\n\n<ul class=\"wp-block-list\"><li>spojen\u00ed v\u00edce uchaze\u010d\u016f s&nbsp;v\u00edce pracovn\u00edmi nab\u00eddkami a&nbsp;zam\u011bstnavateli,<\/li><li>zlep\u0161ov\u00e1n\u00ed slu\u017eeb poskytovan\u00fdch va\u0161\u00ed osob\u011b,&nbsp;<\/li><li>zvy\u0161ov\u00e1n\u00ed bezpe\u010dnosti u\u017eivatel\u016f.<\/li><\/ul>\n\n\n\n<p>K&nbsp;dispozici jsou v\u00e1m tak\u00e9 bli\u017e\u0161\u00ed informace o&nbsp;<a href=\"https:\/\/hrtechprivacy.com\/cs#v%C3%BDhody\" data-type=\"URL\" data-id=\"https:\/\/hrtechprivacy.com\/cs#v%C3%BDhody\">v\u00fdhod\u00e1ch sd\u00edlen\u00ed \u00fadaj\u016f<\/a>.<\/p>\n\n\n\n<h3 class=\"wp-block-heading\"><strong>Kdy se \u00fadaje p\u0159ed\u00e1vaj\u00ed a&nbsp;jak to prob\u00edh\u00e1?<\/strong><\/h3>\n\n\n\n<p>To, kdy a&nbsp;jak se va\u0161e osobn\u00ed \u00fadaje sd\u00edlej\u00ed, z\u00e1vis\u00ed na jednotliv\u00fdch str\u00e1nk\u00e1ch, typu p\u0159ed\u00e1van\u00fdch \u00fadaj\u016f a&nbsp;\u010dinnostech, kter\u00e9 prov\u00e1d\u00edte na <a href=\"https:\/\/hrtechprivacy.com\/cs\/brands\">p\u0159idru\u017een\u00fdch webech<\/a>. V\u011bt\u0161inou prob\u00edh\u00e1 sd\u00edlen\u00ed \u00fadaj\u016f tehdy, kdy\u017e zjist\u00edme konkr\u00e9tn\u00ed obchodn\u00ed z\u00e1jem nebo za \u00fa\u010delem zlep\u0161ov\u00e1n\u00ed na\u0161ich slu\u017eeb, jak je uvedeno v&nbsp;<a href=\"https:\/\/hrtechprivacy.com\/cs#v%C3%BDhody\" data-type=\"URL\" data-id=\"https:\/\/hrtechprivacy.com\/cs#v%C3%BDhody\">odd\u00edlu t\u00fdkaj\u00edc\u00edm se v\u00fdhod sd\u00edlen\u00ed \u00fadaj\u016f<\/a>.&nbsp;<\/p>\n\n\n\n<p>Na\u0161e str\u00e1nky nap\u0159\u00edklad mohou na z\u00e1klad\u011b historie va\u0161ich d\u0159\u00edv\u011bj\u0161\u00edch hled\u00e1n\u00ed a&nbsp;nav\u0161t\u00edven\u00fdch str\u00e1nek (nap\u0159.&nbsp;nab\u00eddek pr\u00e1ce, na kter\u00e9 kliknete) nebo informac\u00ed z&nbsp;va\u0161eho \u017eivotopisu \u010di profilu ur\u010dit relevantn\u00ed v\u00fdsledky hled\u00e1n\u00ed a&nbsp;vhodn\u00e1 upozorn\u011bn\u00ed na pracovn\u00ed nab\u00eddky. Sd\u00edlen\u00ed m\u016f\u017ee b\u00fdt automaticky zah\u00e1jeno tak\u00e9 v&nbsp;n\u00e1vaznosti na konkr\u00e9tn\u00ed aktivity, nap\u0159. z\u0159\u00edzen\u00ed \u00fa\u010dtu na n\u011bkter\u00e9m z&nbsp;p\u0159idru\u017een\u00fdch web\u016f.<\/p>\n\n\n\n<h3 class=\"wp-block-heading\"><strong>Jak lze zabr\u00e1nit tomu, aby se m\u00e9 osobn\u00ed \u00fadaje takto sd\u00edlely?<\/strong><\/h3>\n\n\n\n<p>Sna\u017e\u00edme se vyhov\u011bt va\u0161im preferenc\u00edm. Pokud si nep\u0159ejete, aby se va\u0161e \u00fadaje t\u00edmto zp\u016fsobem sd\u00edlely, pak v&nbsp;z\u00e1vislosti na konkr\u00e9tn\u00ed str\u00e1nce m\u016f\u017eete po\u017e\u00e1dat o&nbsp;odstran\u011bn\u00ed sv\u00e9ho \u00fa\u010dtu, o&nbsp;v\u00fdmaz sv\u00fdch osobn\u00edch \u00fadaj\u016f nebo o&nbsp;to, aby se v\u00e1\u0161 \u00fa\u010det zachoval, ale aby nedoch\u00e1zelo ke&nbsp;sd\u00edlen\u00ed va\u0161ich \u00fadaj\u016f t\u00edmto zp\u016fsobem. Postupy pro pod\u00e1n\u00ed t\u011bchto \u017e\u00e1dost\u00ed jsou uvedeny v&nbsp;<a href=\"https:\/\/hrtechprivacy.com\/cs\/brands\">Z\u00e1sad\u00e1ch ochrany soukrom\u00ed<\/a> webov\u00fdch str\u00e1nek, kter\u00e9 jste pou\u017eili.<\/p>\n\n\n\n<h2 class=\"wp-block-heading\" id=\"centrum-ochrany-soukrom\u00ed\">Centrum ochrany soukrom\u00ed pro person\u00e1ln\u00ed technologick\u00e9 spole\u010dnosti a&nbsp;p\u0159idru\u017een\u00e9 weby<\/h2>\n\n\n\n<h3 class=\"wp-block-heading\"><strong>M\u011bn\u00ed se spu\u0161t\u011bn\u00edm Centra ochrany soukrom\u00ed pro person\u00e1ln\u00ed technologick\u00e9 spole\u010dnosti n\u011bco na zp\u016fsobu, jak&nbsp;se budou m\u00e9 osobn\u00ed \u00fadaje pou\u017e\u00edvat?<\/strong><\/h3>\n\n\n\n<p>Ne, spu\u0161t\u011bn\u00ed Centra \u017e\u00e1dn\u00fdm zp\u016fsobem nem\u011bn\u00ed nic na tom, jak se budou va\u0161e osobn\u00ed \u00fadaje pou\u017e\u00edvat. Centrum je jednodu\u0161e navr\u017eeno tak, aby v\u00e1m transparentn\u011bj\u0161\u00edm zp\u016fsobem poskytovalo informace o&nbsp;sd\u00edlen\u00ed \u00fadaj\u016f, ke kter\u00e9mu doch\u00e1z\u00ed mezi <a href=\"https:\/\/hrtechprivacy.com\/cs\/brands\">p\u0159idru\u017een\u00fdmi weby<\/a>.<\/p>\n\n\n\n<h3 class=\"wp-block-heading\"><strong>Znamen\u00e1 to, \u017ee nyn\u00ed budou sd\u00edleny v\u0161echny moje \u00fadaje se v\u0161emi p\u0159idru\u017een\u00fdmi weby bez omezen\u00ed?<\/strong><\/h3>\n\n\n\n<p>Ne, sd\u00edlen\u00ed \u00fadaj\u016f se \u0159\u00edd\u00ed ustanoven\u00edmi <a href=\"https:\/\/hrtechprivacy.com\/cs\/brands\">Z\u00e1sad ochrany soukrom\u00ed a&nbsp;Z\u00e1sad pou\u017e\u00edv\u00e1n\u00ed soubor\u016f cookie<\/a> na str\u00e1nk\u00e1ch, kter\u00e9 jste pou\u017eili. Doporu\u010dujeme v\u00e1m, abyste se s&nbsp;t\u011bmito ustanoven\u00edmi d\u016fkladn\u011b sezn\u00e1mili. Jak je uvedeno v\u00fd\u0161e, c\u00edlem Centra je p\u0159edev\u0161\u00edm poskytovat transparentn\u011bj\u0161\u00ed informace o&nbsp;p\u0159ed\u00e1v\u00e1n\u00ed \u00fadaj\u016f popsan\u00e9m v&nbsp;<a href=\"https:\/\/hrtechprivacy.com\/cs\/brands\">Z\u00e1sad\u00e1ch ochrany soukrom\u00ed a&nbsp;v Z\u00e1sad\u00e1ch pou\u017e\u00edv\u00e1n\u00ed soubor\u016f cookie<\/a> na str\u00e1nk\u00e1ch, kter\u00e9 jste pou\u017eili.<\/p>\n\n\n\n<h3 class=\"wp-block-heading\"><strong>Jak\u00fdm zp\u016fsobem zaji\u0161\u0165uj\u00ed str\u00e1nky vz\u00e1jemn\u00e9 sd\u00edlen\u00ed m\u00fdch osobn\u00edch \u00fadaj\u016f s&nbsp;jin\u00fdmi p\u0159idru\u017een\u00fdmi weby?<\/strong><\/h3>\n\n\n\n<p>K&nbsp;zaji\u0161t\u011bn\u00ed adekv\u00e1tn\u00ed ochrany p\u0159i sd\u00edlen\u00ed \u00fadaj\u016f pou\u017e\u00edv\u00e1me r\u016fzn\u00e9 postupy stanoven\u00e9 z\u00e1konem. V&nbsp;r\u00e1mci t\u011bchto postup\u016f se m\u016f\u017ee jednat o&nbsp;jedno opat\u0159en\u00ed nebo kombinaci v\u00edce opat\u0159en\u00ed. Mezi tato opat\u0159en\u00ed mohou pat\u0159it <a href=\"https:\/\/ec.europa.eu\/info\/law\/law-topic\/data-protection\/international-dimension-data-protection\/standard-contractual-clauses-scc_en\">standardn\u00ed smluvn\u00ed dolo\u017eky<\/a>, <a href=\"https:\/\/www.privacyshield.gov\/welcome\">r\u00e1mec programu Program Privacy Shield mezi EU a&nbsp;USA pro ochranu osobn\u00edch \u00fadaj\u016f<\/a>, <a href=\"https:\/\/www.privacyshield.gov\/article?id=10-Obligatory-Contracts-for-Onward-Transfers\">smlouvy o&nbsp;dal\u0161\u00edm p\u0159ed\u00e1v\u00e1n\u00ed \u00fadaj\u016f<\/a> nebo jin\u00e9 mechanismy, kter\u00e9 n\u00e1le\u017eit\u00fdm zp\u016fsobem chr\u00e1n\u00ed p\u0159ed\u00e1v\u00e1n\u00ed va\u0161ich osobn\u00edch \u00fadaj\u016f.&nbsp;<\/p>\n\n\n\n<h3 class=\"wp-block-heading\"><strong>Kdo je spr\u00e1vcem m\u00fdch osobn\u00edch \u00fadaj\u016f?<\/strong><\/h3>\n\n\n\n<p>Spr\u00e1vce va\u0161ich osobn\u00edch \u00fadaj\u016f mus\u00ed b\u00fdt uveden v&nbsp;<a href=\"https:\/\/hrtechprivacy.com\/cs\/brands\">Z\u00e1sad\u00e1ch ochrany soukrom\u00ed<\/a> str\u00e1nek, kter\u00e9 jste pou\u017eili.&nbsp;<\/p>\n\n\n\n<h3 class=\"wp-block-heading\"><strong>Jak\u00fd je postoj str\u00e1nek k&nbsp;ochran\u011b soukrom\u00ed?<\/strong><\/h3>\n\n\n\n<p>Pro str\u00e1nky person\u00e1ln\u00edch technologick\u00fdch spole\u010dnost\u00ed je soukrom\u00ed jejich u\u017eivatel\u016f velice d\u016fle\u017eit\u00e9. Na ochranu va\u0161ich osobn\u00edch \u00fadaj\u016f vynakl\u00e1d\u00e1me zna\u010dn\u00e9 prost\u0159edky a&nbsp;usilujeme o&nbsp;dodr\u017eov\u00e1n\u00ed platn\u00fdch pravidel pro ochranu soukrom\u00ed. Velice si cen\u00edme d\u016fv\u011bry, kterou n\u00e1m projevuj\u00ed uchaze\u010di p\u0159i hled\u00e1n\u00ed pr\u00e1ce a&nbsp;zam\u011bstnavatel\u00e9 p\u0159i hled\u00e1n\u00ed t\u011bch nejvhodn\u011bj\u0161\u00edch kandid\u00e1t\u016f. Viz na\u0161e <a href=\"https:\/\/hrtechprivacy.com\/cs#na%C5%A1e-hodnoty\" data-type=\"URL\" data-id=\"https:\/\/hrtechprivacy.com\/cs#na%C5%A1e-hodnoty\">Hodnoty t\u00fdkaj\u00edc\u00ed se soukrom\u00ed<\/a>.&nbsp;<\/p>\n\n\n\n<h3 class=\"wp-block-heading\"><strong>V&nbsp;jak\u00e9m jazyce jsou na str\u00e1nk\u00e1ch dostupn\u00e9 z\u00e1sady ochrany soukrom\u00ed nebo z\u00e1sady pou\u017e\u00edv\u00e1n\u00ed soubor\u016f cookie?<\/strong><\/h3>\n\n\n\n<p><a href=\"https:\/\/hrtechprivacy.com\/cs\/brands\">Z\u00e1sady ochrany soukrom\u00ed a&nbsp;z\u00e1sady pou\u017e\u00edv\u00e1n\u00ed soubor\u016f cookie<\/a> jsou na str\u00e1nk\u00e1ch dostupn\u00e9 v&nbsp;jazyc\u00edch pou\u017e\u00edvan\u00fdch v&nbsp;oblastech, na kter\u00e9 se str\u00e1nky zam\u011b\u0159uj\u00ed. Pokud n\u011bkter\u00e9 str\u00e1nky nemaj\u00ed z\u00e1sady ochrany soukrom\u00ed nebo z\u00e1sady pou\u017e\u00edv\u00e1n\u00ed soubor\u016f cookie v&nbsp;n\u011bjak\u00e9m jazyce dostupn\u00e9, je tomu tak proto, \u017ee se str\u00e1nky prozat\u00edm nezam\u011b\u0159uj\u00ed na zem\u011bpisn\u00e9 oblasti, kde se dan\u00fd jazyk pou\u017e\u00edv\u00e1.<\/p>\n\n\n\n<h2 class=\"wp-block-heading\" id=\"prava\">Pr\u00e1va v&nbsp;oblasti ochrany soukrom\u00ed<\/h2>\n\n\n\n<h3 class=\"wp-block-heading\"><strong>Jak\u00e1 pr\u00e1va na ochranu soukrom\u00ed mohu na p\u0159idru\u017een\u00fdch webech uplatnit?<\/strong><\/h3>\n\n\n\n<p>Se v\u0161emi na\u0161imi u\u017eivateli se sna\u017e\u00edme jednat rovn\u00fdm zp\u016fsobem a&nbsp;glob\u00e1ln\u011b jim poskytovat celou \u0159adu pr\u00e1v na&nbsp;ochranu soukrom\u00ed. To znamen\u00e1, \u017ee bez ohledu na svou lokalitu m\u016f\u017ee ka\u017ed\u00fd u\u017eivatel str\u00e1nek kontaktovat danou str\u00e1nku a&nbsp;po\u017e\u00e1dat o&nbsp;n\u00e1sleduj\u00edc\u00ed:<\/p>\n\n\n\n<ul class=\"wp-block-list\"><li>p\u0159\u00edstup ke sv\u00fdm osobn\u00edm \u00fadaj\u016fm,<\/li><li>v\u00fdmaz sv\u00fdch osobn\u00edch \u00fadaj\u016f,<\/li><li>kopii sv\u00fdch osobn\u00edch \u00fadaj\u016f v&nbsp;p\u0159enositeln\u00e9m form\u00e1tu,<\/li><li>omezen\u00ed ur\u010dit\u00e9ho druhu zpracov\u00e1n\u00ed sv\u00fdch osobn\u00edch \u00fadaj\u016f nebo vzn\u00e9st n\u00e1mitku proti takov\u00e9mu zpracov\u00e1n\u00ed.<\/li><\/ul>\n\n\n\n<h3 class=\"wp-block-heading\"><strong>Jak uplatnit m\u00e1 pr\u00e1va na ochranu soukrom\u00ed?<\/strong><\/h3>\n\n\n\n<p>Sv\u00e1 pr\u00e1va na ochranu soukrom\u00ed m\u016f\u017eete uplatnit zp\u016fsobem popsan\u00fdm v&nbsp;<a href=\"https:\/\/hrtechprivacy.com\/cs\/brands\">Z\u00e1sad\u00e1ch ochrany soukrom\u00ed<\/a> str\u00e1nek, kter\u00e9 jste pou\u017eili.<\/p>\n\n\n\n<h3 class=\"wp-block-heading\"><strong>Jak\u00e1 bezpe\u010dnostn\u00ed opat\u0159en\u00ed str\u00e1nky uplat\u0148uj\u00ed?<\/strong><\/h3>\n\n\n\n<p>Bezpe\u010dnost va\u0161ich osobn\u00edch \u00fadaj\u016f je pro n\u00e1s velice d\u016fle\u017eit\u00e1 a&nbsp;na jej\u00ed zaji\u0161t\u011bn\u00ed vynakl\u00e1d\u00e1me zna\u010dn\u00e9 prost\u0159edky. Vyu\u017e\u00edv\u00e1me \u0159adu postup\u016f s&nbsp;c\u00edlem zabr\u00e1nit neopr\u00e1vn\u011bn\u00e9mu p\u0159\u00edstupu, zve\u0159ejn\u011bn\u00ed, zni\u010den\u00ed nebo nahodil\u00e9 ztr\u00e1t\u011b \u00fadaj\u016f. Pou\u017e\u00edv\u00e1me r\u016fzn\u00e9 postupy v&nbsp;z\u00e1vislosti na druhu \u00fadaj\u016f, povaze zpracov\u00e1n\u00ed, mo\u017en\u00fdch rizic\u00edch a&nbsp;dostupn\u00fdch technologi\u00edch.&nbsp;<\/p>\n\n\n\n<p>Za \u00fa\u010delem ochrany va\u0161ich osobn\u00edch \u00fadaj\u016f vyu\u017e\u00edv\u00e1me nejr\u016fzn\u011bj\u0161\u00ed bezpe\u010dnostn\u00ed opat\u0159en\u00ed a&nbsp;postupujeme na&nbsp;z\u00e1klad\u011b posouzen\u00ed rizik. Mezi tyto bezpe\u010dnostn\u00ed postupy mohou pat\u0159it:<\/p>\n\n\n\n<ul class=\"wp-block-list\"><li>selektivn\u00ed pseudonymizace a&nbsp;\u0161ifrov\u00e1n\u00ed osobn\u00edch \u00fadaj\u016f,<\/li><li>intern\u00ed syst\u00e9my navr\u017een\u00e9 pro maxim\u00e1ln\u00ed ochranu d\u016fv\u011brnosti, integrity, dostupnosti a&nbsp;odolnosti na\u0161ich slu\u017eeb a&nbsp;syst\u00e9m\u016f pro zpracov\u00e1n\u00ed,<\/li><li>syst\u00e9my a&nbsp;procesy, kter\u00e9 n\u00e1m v&nbsp;p\u0159\u00edpad\u011b incidentu fyzick\u00e9 \u010di technick\u00e9 povahy umo\u017e\u0148uj\u00ed v\u010dasn\u011b obnovit dostupnost a&nbsp;p\u0159\u00edstup k&nbsp;osobn\u00edm \u00fadaj\u016fm, kter\u00e9 uchov\u00e1v\u00e1me,<\/li><li>pravideln\u00e9 testov\u00e1n\u00ed, anal\u00fdzy a&nbsp;hodnocen\u00ed \u00fa\u010dinnosti bezpe\u010dnostn\u00edch opat\u0159en\u00ed str\u00e1nek.<\/li><\/ul>\n\n\n\n<h3 class=\"wp-block-heading\"><strong>Co mohu jako zam\u011bstnavatel ud\u011blat pro bezpe\u010dnost sv\u00e9ho \u00fa\u010dtu?<\/strong><\/h3>\n\n\n\n<p>Tipy, jak nejl\u00e9pe zajistit bezpe\u010dnost \u00fa\u010dtu zam\u011bstnavatele, najdete na na\u0161\u00ed <a href=\"https:\/\/www.indeed.com\/security\">str\u00e1nce v\u011bnovan\u00e9 bezpe\u010dnosti<\/a>.<\/p>\n","protected":false},"excerpt":{"rendered":"<p>Sd\u00edlen\u00ed osobn\u00edch \u00fadaj\u016f Jak\u00e9 osobn\u00ed \u00fadaje si str\u00e1nky vz\u00e1jemn\u011b sd\u00edlej\u00ed? V\u00fdb\u011br a&nbsp;rozsah osobn\u00edch \u00fadaj\u016f, kter\u00e9 jsou sd\u00edleny, z\u00e1vis\u00ed na str\u00e1nk\u00e1ch, kter\u00e9 pou\u017e\u00edv\u00e1te, a&nbsp;jejich z\u00e1sad\u00e1ch ochrany soukrom\u00ed a&nbsp;z\u00e1sad\u00e1ch pou\u017e\u00edv\u00e1n\u00ed soubor\u016f cookie.&nbsp; Sd\u00edlen\u00e9 osobn\u00ed \u00fadaje z\u00e1vis\u00ed na va\u0161em zp\u016fsobu pou\u017e\u00edv\u00e1n\u00ed str\u00e1nek p\u0159i hled\u00e1n\u00ed nab\u00eddek pr\u00e1ce a&nbsp;odpov\u00edd\u00e1n\u00ed na&nbsp;n\u011b. Takov\u00e9 \u00fadaje mohou zahrnovat va\u0161e k\u0159estn\u00ed jm\u00e9no a&nbsp;p\u0159\u00edjmen\u00ed, u\u017eivatelsk\u00e9 jm\u00e9no, [&hellip;]<\/p>\n","protected":false},"author":13,"featured_media":0,"parent":0,"menu_order":0,"comment_status":"closed","ping_status":"closed","template":"","meta":{"_acf_changed":false,"inline_featured_image":false,"footnotes":""},"class_list":["post-446","page","type-page","status-publish","hentry"],"acf":[],"_links":{"self":[{"href":"https:\/\/hrtechprivacy.com\/cs\/wp-json\/wp\/v2\/pages\/446","targetHints":{"allow":["GET"]}}],"collection":[{"href":"https:\/\/hrtechprivacy.com\/cs\/wp-json\/wp\/v2\/pages"}],"about":[{"href":"https:\/\/hrtechprivacy.com\/cs\/wp-json\/wp\/v2\/types\/page"}],"author":[{"embeddable":true,"href":"https:\/\/hrtechprivacy.com\/cs\/wp-json\/wp\/v2\/users\/13"}],"replies":[{"embeddable":true,"href":"https:\/\/hrtechprivacy.com\/cs\/wp-json\/wp\/v2\/comments?post=446"}],"version-history":[{"count":0,"href":"https:\/\/hrtechprivacy.com\/cs\/wp-json\/wp\/v2\/pages\/446\/revisions"}],"wp:attachment":[{"href":"https:\/\/hrtechprivacy.com\/cs\/wp-json\/wp\/v2\/media?parent=446"}],"curies":[{"name":"wp","href":"https:\/\/api.w.org\/{rel}","templated":true}]}}