{"id":322,"date":"2019-10-16T20:25:43","date_gmt":"2019-10-16T20:25:43","guid":{"rendered":"https:\/\/hrtechprivacy.com\/?page_id=322"},"modified":"2021-11-15T14:52:23","modified_gmt":"2021-11-15T14:52:23","slug":"welcome-to-the-hr-tech-privacy-center","status":"publish","type":"page","link":"https:\/\/hrtechprivacy.com\/cs","title":{"rendered":"V\u00edtejte v Centru ochrany soukrom\u00ed pro person\u00e1ln\u00ed technologick\u00e9 spole\u010dnosti"},"content":{"rendered":"\n<h2 class=\"wp-block-heading\" id=\"uvod\"><strong>\u00davod<\/strong><\/h2>\n\n\n\n<h3 class=\"wp-block-heading\">Va\u0161e osobn\u00ed \u00fadaje bereme velice v\u00e1\u017en\u011b.&nbsp;<\/h3>\n\n\n\n<p>V\u00edtejte v&nbsp;Centru ochrany soukrom\u00ed pro person\u00e1ln\u00ed technologick\u00e9 spole\u010dnosti \u2013 platform\u011b, kter\u00e1 zp\u0159\u00edstup\u0148uje informace o&nbsp;tom, jak r\u016fzn\u00e9 online vyhled\u00e1va\u010de pracovn\u00edch nab\u00eddek a&nbsp;n\u00e1borov\u00e9 <a href=\"https:\/\/hrtechprivacy.com\/cs\/brands\">port\u00e1ly a&nbsp;platformy<\/a> p\u0159ed\u00e1vaj\u00ed osobn\u00ed \u00fadaje a&nbsp;chr\u00e1n\u00ed soukrom\u00ed u\u017eivatel\u016f. Tyto zna\u010dky zahrnuj\u00ed Indeed a&nbsp;Glassdoor a&nbsp;jsou v\u0161echny sou\u010d\u00e1st\u00ed <a href=\"https:\/\/recruit-holdings.com\/\">Recruit Holdings<\/a>.<\/p>\n\n\n\n<p>Tento web jsme vytvo\u0159ili, abychom v\u00e1m pomohli sezn\u00e1mit se s&nbsp;na\u0161imi <a href=\"https:\/\/hrtechprivacy.com\/cs\/na\u0161e-hodnoty\" data-type=\"URL\" data-id=\"https:\/\/hrtechprivacy.com\/cs\/na\u0161e-hodnoty\">hodnotami t\u00fdkaj\u00edc\u00edmi se ochrany soukrom\u00ed<\/a>, jak jsou osobn\u00ed \u00fadaje mezi t\u011bmito p\u0159idru\u017een\u00fdmi subjekty p\u0159ed\u00e1v\u00e1ny a&nbsp;pro\u010d je pro n\u00e1s d\u016fle\u017eit\u00e9 je sd\u00edlet.&nbsp;<\/p>\n\n\n\n<p>Vz\u00e1jemn\u00e9 sd\u00edlen\u00ed \u00fadaj\u016f s&nbsp;t\u011bmito weby n\u00e1m umo\u017e\u0148uje:<\/p>\n\n\n\n<ul class=\"wp-block-list\"><li>spojit v\u00edce uchaze\u010d\u016f s&nbsp;v\u00edce pracovn\u00edmi nab\u00eddkami a&nbsp;zam\u011bstnavateli,<\/li><li>zlep\u0161ovat na\u0161e slu\u017eby a&nbsp;p\u0159izp\u016fsobovat je na\u0161im u\u017eivatel\u016fm,<\/li><li>zlep\u0161ovat bezpe\u010dnost ve prosp\u011bch na\u0161ich u\u017eivatel\u016f.<\/li><\/ul>\n\n\n\n<p>Sd\u00edlen\u00ed \u00fadaj\u016f je p\u0159\u00ednosn\u00e9 pro uchaze\u010de i&nbsp;zam\u011bstnavatele. Bli\u017e\u0161\u00ed informace najdete <a href=\"https:\/\/hrtechprivacy.com\/cs\/#v\u00fdhody\" data-type=\"URL\" data-id=\"https:\/\/hrtechprivacy.com\/cs\/#v\u00fdhody\">n\u00ed\u017ee<\/a> nebo se m\u016f\u017eete sezn\u00e1mit s&nbsp;odpov\u011b\u010fmi na n\u011bkter\u00e9 <a href=\"https:\/\/hrtechprivacy.com\/cs\/faq\">\u010dast\u00e9 ot\u00e1zky<\/a>.<\/p>\n\n\n\n<p>Zde uveden\u00e9 informace nem\u011bn\u00ed zp\u016fsob, jak\u00fdm jednotliv\u00e9 weby shroma\u017e\u010fuj\u00ed nebo sd\u00edl\u00ed va\u0161e osobn\u00ed \u00fadaje. To&nbsp;se \u0159\u00edd\u00ed jednotliv\u00fdmi <a href=\"https:\/\/hrtechprivacy.com\/cs\/brands\">z\u00e1sadami ochrany soukrom\u00ed a&nbsp;pou\u017e\u00edv\u00e1n\u00ed soubor\u016f cookie<\/a> na jednotliv\u00fdch webech. M\u00e1te-li ot\u00e1zky ohledn\u011b konkr\u00e9tn\u00edch webov\u00fdch str\u00e1nek, doporu\u010dujeme v\u00e1m nav\u0161t\u00edvit centrum n\u00e1pov\u011bdy p\u0159\u00edslu\u0161n\u00fdch str\u00e1nek, kde z\u00edsk\u00e1te dal\u0161\u00ed informace.<\/p>\n\n\n\n<h2 class=\"wp-block-heading\" id=\"na\u0161e-hodnoty\">Na\u0161e hodnoty t\u00fdkaj\u00edc\u00ed se ochrany soukrom\u00ed<\/h2>\n\n\n\n<h3 class=\"wp-block-heading\">Va\u0161e d\u016fv\u011bra je na\u0161\u00ed prioritou<\/h3>\n\n\n\n<p>A\u0165 u\u017e v\u00e1m pom\u00e1h\u00e1me naj\u00edt pr\u00e1ci nebo skv\u011bl\u00e9 kandid\u00e1ty, v\u00e1\u017e\u00edme si d\u016fv\u011bry, kterou v&nbsp;n\u00e1s vkl\u00e1d\u00e1te. Abychom si&nbsp;va\u0161i d\u016fv\u011bru udr\u017eeli, investujeme do ochrany va\u0161ich osobn\u00edch \u00fadaj\u016f v\u00fdznamn\u00e9 finan\u010dn\u00ed prost\u0159edky. Tyto&nbsp;\u010dinnosti se \u0159\u00edd\u00ed na\u0161imi hodnotami t\u00fdkaj\u00edc\u00edmi se ochrany soukrom\u00ed.<\/p>\n\n\n\n<ul class=\"wp-block-list\"><li>Sna\u017e\u00edme se jednat se v\u0161emi na\u0161imi u\u017eivateli rovn\u00fdm zp\u016fsobem a&nbsp;glob\u00e1ln\u011b jim poskytovat celou \u0159adu pr\u00e1v na ochranu soukrom\u00ed. Ka\u017ed\u00fd u\u017eivatel m\u016f\u017ee \u017e\u00e1dat o:<ul><li>p\u0159\u00edstup ke sv\u00fdm osobn\u00edm \u00fadaj\u016fm,<\/li><li>v\u00fdmaz sv\u00fdch osobn\u00edch \u00fadaj\u016f,<\/li><li>kopii sv\u00fdch osobn\u00edch \u00fadaj\u016f v&nbsp;p\u0159enositeln\u00e9m form\u00e1tu,<\/li><li>omezen\u00ed ur\u010dit\u00e9ho druhu zpracov\u00e1n\u00ed sv\u00fdch osobn\u00edch \u00fadaj\u016f nebo vzn\u00e9st n\u00e1mitku proti takov\u00e9mu&nbsp;zpracov\u00e1n\u00ed.<\/li><\/ul><\/li><li>\u0158\u00edd\u00edme se z\u00e1sadami standardn\u00edho nastaven\u00ed ochrany osobn\u00edch \u00fadaj\u016f ji\u017e z&nbsp;podstaty syst\u00e9mu, kter\u00e9 jsou z\u00e1kladem pro tvorbu a&nbsp;provozov\u00e1n\u00ed na\u0161ich slu\u017eeb.<\/li><li>Jsme transparentn\u00ed ohledn\u011b toho, kter\u00e9 osobn\u00ed \u00fadaje shroma\u017e\u010fujeme a&nbsp;jak je zpracov\u00e1v\u00e1me.<\/li><li>Db\u00e1me na to, aby od v\u00e1s z\u00edskan\u00e9 \u00fadaje slou\u017eily p\u0159edev\u0161\u00edm pro \u00fa\u010dely usnadn\u011bn\u00ed hled\u00e1n\u00ed pr\u00e1ce uchaze\u010d\u016fm, hled\u00e1n\u00ed kandid\u00e1t\u016f zam\u011bstnavatel\u016fm a&nbsp;zlep\u0161ov\u00e1n\u00ed poskytovan\u00fdch slu\u017eeb.&nbsp;<\/li><li>Shroma\u017e\u010fov\u00e1n\u00ed a&nbsp;uchov\u00e1v\u00e1n\u00ed osobn\u00edch \u00fadaj\u016f z&nbsp;na\u0161\u00ed strany omezujeme pouze na \u00fadaje, kter\u00e9 jsou p\u0159im\u011b\u0159en\u00e9, relevantn\u00ed a&nbsp;nezbytn\u00e9.<\/li><li>V&nbsp;p\u0159\u00edslu\u0161n\u00fdch p\u0159\u00edpadech zaji\u0161\u0165ujeme p\u0159esnost a&nbsp;aktu\u00e1lnost osobn\u00edch \u00fadaj\u016f.<\/li><li>Va\u0161e osobn\u00ed \u00fadaje zpracov\u00e1v\u00e1me za pou\u017eit\u00ed n\u00e1le\u017eit\u00fdch opat\u0159en\u00ed za \u00fa\u010delem zachov\u00e1n\u00ed jejich bezpe\u010dnosti a&nbsp;d\u016fv\u011brnosti.<\/li><li>Prokazujeme odpov\u011bdnost a&nbsp;pln\u011bn\u00ed z\u00e1vazk\u016f dle platn\u00fdch z\u00e1kon\u016f na ochranu soukrom\u00ed.<\/li><\/ul>\n\n\n\n<h2 class=\"wp-block-heading\" id=\"v\u00fdhody\">V\u00fdhody sd\u00edlen\u00ed \u00fadaj\u016f<\/h2>\n\n\n\n<h3 class=\"wp-block-heading\">Pro\u010d vlastn\u011b moje \u00fadaje pot\u0159ebujete?<\/h3>\n\n\n\n<p>Sd\u00edlen\u00ed \u00fadaj\u016f nab\u00edz\u00ed uchaze\u010d\u016fm i&nbsp;zam\u011bstnavatel\u016fm celou \u0159adu v\u00fdhod a&nbsp;umo\u017e\u0148uje n\u00e1m zlep\u0161ovat poskytovan\u00e9 slu\u017eby.&nbsp;<\/p>\n\n\n\n<p><strong>Sd\u00edlen\u00ed \u00fadaj\u016f p\u0159in\u00e1\u0161\u00ed v\u00edce zam\u011bstnavatel\u016f, v\u00edce pracovn\u00edch nab\u00eddek a&nbsp;v\u00edce uchaze\u010d\u016f<\/strong><\/p>\n\n\n\n<p>D\u00edky vz\u00e1jemn\u00e9mu sd\u00edlen\u00ed \u00fadaj\u016f s&nbsp;na\u0161imi <a href=\"https:\/\/hrtechprivacy.com\/cs\/brands\">p\u0159idru\u017een\u00fdmi weby<\/a> maj\u00ed uchaze\u010di p\u0159\u00edstup k&nbsp;mnohem \u0161ir\u0161\u00ed datab\u00e1zi pracovn\u00edch nab\u00eddek a&nbsp;zam\u011bstnavatel\u016f. Zam\u011bstnavatel\u016fm tak\u00e9 umo\u017e\u0148uje p\u0159\u00edstup k&nbsp;v\u011bt\u0161\u00edmu po\u010dtu uchaze\u010d\u016f. Ur\u010dit\u00fd web m\u016f\u017ee nap\u0159\u00edklad doporu\u010dit nab\u00eddky pr\u00e1ce nebo zam\u011bstnavatele na jin\u00e9m, p\u0159idru\u017een\u00e9m webu. Umo\u017e\u0148uje tak\u00e9, aby se mohly \u017e\u00e1dosti, \u017eivotopisy a&nbsp;pracovn\u00ed nab\u00eddky zobrazovat na p\u0159idru\u017een\u00fdch webech.<\/p>\n\n\n\n<p>Weby mohou tak\u00e9 sd\u00edlet \u00fadaje o&nbsp;zam\u011bstnavateli, jako nap\u0159. informace o&nbsp;\u00fa\u010dtu a&nbsp;chov\u00e1n\u00ed, s&nbsp;c\u00edlem poskytovat zam\u011bstnavatel\u016fm lep\u0161\u00ed prost\u0159ed\u00ed.<\/p>\n\n\n\n<p><strong>Sd\u00edlen\u00ed \u00fadaj\u016f zlep\u0161uje slu\u017eby, kter\u00e9 v\u00e1m poskytujeme.<\/strong><\/p>\n\n\n\n<p>Sd\u00edlen\u00ed \u00fadaj\u016f umo\u017e\u0148uje na\u0161im str\u00e1nk\u00e1m poskytovat uchaze\u010d\u016fm p\u0159izp\u016fsoben\u00fd a&nbsp;vylep\u0161en\u00fd obsah, lep\u0161\u00ed v\u00fdkon, funkce a&nbsp;slu\u017eby.&nbsp;<\/p>\n\n\n\n<p><a href=\"https:\/\/hrtechprivacy.com\/cs\/brands\">Na\u0161e str\u00e1nky<\/a> nap\u0159\u00edklad mohou na z\u00e1klad\u011b historie va\u0161ich d\u0159\u00edv\u011bj\u0161\u00edch hled\u00e1n\u00ed a&nbsp;nav\u0161t\u00edven\u00fdch str\u00e1nek (nap\u0159.&nbsp;nab\u00eddek pr\u00e1ce, na kter\u00e9 kliknete) nebo informac\u00ed z&nbsp;va\u0161eho \u017eivotopisu \u010di profilu ur\u010dit relevantn\u00ed v\u00fdsledky hled\u00e1n\u00ed a&nbsp;vhodn\u00e1 upozorn\u011bn\u00ed na pracovn\u00ed nab\u00eddky. Sd\u00edlen\u00ed \u00fadaj\u016f m\u016f\u017ee tak\u00e9 pomoci p\u0159i poskytov\u00e1n\u00ed informac\u00ed prosp\u011b\u0161n\u00fdch pro v\u00e1\u0161 kari\u00e9rn\u00ed r\u016fst, jako jsou recenze zam\u011bstnavatel\u016f, \u00fadaje o&nbsp;platov\u00fdch podm\u00ednk\u00e1ch u&nbsp;nab\u00eddek pr\u00e1ce, tipy k&nbsp;pohovor\u016fm a&nbsp;dal\u0161\u00ed obsah.&nbsp;<\/p>\n\n\n\n<p>Sd\u00edlen\u00ed \u00fadaj\u016f tak\u00e9 p\u0159isp\u00edv\u00e1 ke zlep\u0161ov\u00e1n\u00ed anal\u00fdzy dat, testov\u00e1n\u00ed, v\u00fdzkumu a&nbsp;zlep\u0161ov\u00e1n\u00ed slu\u017eeb nap\u0159\u00ed\u010d na\u0161imi webov\u00fdmi str\u00e1nkami.<\/p>\n\n\n\n<p><strong>Sd\u00edlen\u00ed \u00fadaj\u016f vede k&nbsp;vy\u0161\u0161\u00ed bezpe\u010dnosti u\u017eivatel\u016f<\/strong><\/p>\n\n\n\n<p>Toto sd\u00edlen\u00ed \u00fadaj\u016f umo\u017e\u0148uje na\u0161im str\u00e1nk\u00e1m l\u00e9pe chr\u00e1nit sv\u00e9 u\u017eivatele. Konkr\u00e9tn\u011b umo\u017e\u0148uje p\u0159idru\u017een\u00fdm web\u016fm zlep\u0161ovat bezpe\u010dnost u\u017eivatel\u016f a&nbsp;intern\u00ed operace. Umo\u017e\u0148uje tak\u00e9 \u0159e\u0161en\u00ed probl\u00e9m\u016f a&nbsp;detekci a&nbsp;prevenci podvod\u016f a&nbsp;spamu.<\/p>\n\n\n\n<h2 class=\"wp-block-heading\" id=\"z\u00e1znamy-o-aktivit\u00e1ch\">Z\u00e1znamy o&nbsp;aktivit\u00e1ch na str\u00e1nk\u00e1ch<\/h2>\n\n\n\n<h3 class=\"wp-block-heading\">Jak s&nbsp;\u00fadaji nakl\u00e1d\u00e1me<\/h3>\n\n\n\n<p>Informace o&nbsp;va\u0161ich aktivit\u00e1ch na <a href=\"https:\/\/hrtechprivacy.com\/cs\/brands\">p\u0159idru\u017een\u00fdch webech<\/a> zpracov\u00e1v\u00e1me, abychom l\u00e9pe pochopili, jak je vyu\u017e\u00edv\u00e1te. To n\u00e1m pom\u00e1h\u00e1 zlep\u0161ovat a&nbsp;poskytovat informace k&nbsp;produkt\u016fm a&nbsp;slu\u017eb\u00e1m, kter\u00e9 nab\u00edz\u00edme. To v\u0161e n\u00e1m umo\u017e\u0148uje pom\u00e1hat v\u00e1m naj\u00edt pr\u00e1ci.&nbsp;<\/p>\n\n\n\n<p>Nutno podotknout, \u017ee na\u0161e webov\u00e9 str\u00e1nky nemohou bez shroma\u017e\u010fov\u00e1n\u00ed a&nbsp;sd\u00edlen\u00ed \u00fadaj\u016f \u0159\u00e1dn\u011b fungovat. To&nbsp;zahrnuje zpracov\u00e1n\u00ed, shroma\u017e\u010fov\u00e1n\u00ed, anal\u00fdzy, uchov\u00e1v\u00e1n\u00ed a&nbsp;vz\u00e1jemn\u00e9 p\u0159ed\u00e1v\u00e1n\u00ed \u00fadaj\u016f. Shroma\u017e\u010fovan\u00e9 \u00fadaje mohou zahrnovat ve\u0161ker\u00e9 interakce a&nbsp;komunikaci, kter\u00e9 prob\u00edhaj\u00ed na na\u0161ich webov\u00fdch str\u00e1nk\u00e1ch. Mohou mimo jin\u00e9 zahrnovat tak\u00e9 informace o&nbsp;sou\u010d\u00e1stech p\u0159idru\u017een\u00fdch web\u016f, kter\u00e9 nav\u0161t\u00edv\u00edte, na kter\u00e9 kliknete, uk\u00e1\u017eete, kter\u00e9 p\u0159ejedete my\u0161\u00ed nebo na kter\u00e9 na na\u0161ich str\u00e1nk\u00e1ch jinak reagujete. Mohou obsahovat tak\u00e9 informace o&nbsp;tom, kdy a&nbsp;jak dlouho takov\u00e9 aktivity prob\u00edhaj\u00ed.&nbsp;<\/p>\n\n\n\n<p>Proto\u017ee je to kriticky d\u016fle\u017eit\u00e9 pro provozov\u00e1n\u00ed na\u0161ich str\u00e1nek, nep\u0159ejete-li si, abychom shroma\u017e\u010fovali, zpracov\u00e1vali, analyzovali nebo sd\u00edleli informace o&nbsp;va\u0161ich aktivit\u00e1ch, pak mus\u00edte p\u0159estat na\u0161e str\u00e1nky pou\u017e\u00edvat.<\/p>\n","protected":false},"excerpt":{"rendered":"<p>\u00davod Va\u0161e osobn\u00ed \u00fadaje bereme velice v\u00e1\u017en\u011b.&nbsp; V\u00edtejte v&nbsp;Centru ochrany soukrom\u00ed pro person\u00e1ln\u00ed technologick\u00e9 spole\u010dnosti \u2013 platform\u011b, kter\u00e1 zp\u0159\u00edstup\u0148uje informace o&nbsp;tom, jak r\u016fzn\u00e9 online vyhled\u00e1va\u010de pracovn\u00edch nab\u00eddek a&nbsp;n\u00e1borov\u00e9 port\u00e1ly a&nbsp;platformy p\u0159ed\u00e1vaj\u00ed osobn\u00ed \u00fadaje a&nbsp;chr\u00e1n\u00ed soukrom\u00ed u\u017eivatel\u016f. Tyto zna\u010dky zahrnuj\u00ed Indeed a&nbsp;Glassdoor a&nbsp;jsou v\u0161echny sou\u010d\u00e1st\u00ed Recruit Holdings. Tento web jsme vytvo\u0159ili, abychom v\u00e1m pomohli sezn\u00e1mit se [&hellip;]<\/p>\n","protected":false},"author":13,"featured_media":0,"parent":0,"menu_order":0,"comment_status":"closed","ping_status":"closed","template":"","meta":{"_acf_changed":false,"inline_featured_image":false,"footnotes":""},"class_list":["post-322","page","type-page","status-publish","hentry"],"acf":[],"_links":{"self":[{"href":"https:\/\/hrtechprivacy.com\/cs\/wp-json\/wp\/v2\/pages\/322","targetHints":{"allow":["GET"]}}],"collection":[{"href":"https:\/\/hrtechprivacy.com\/cs\/wp-json\/wp\/v2\/pages"}],"about":[{"href":"https:\/\/hrtechprivacy.com\/cs\/wp-json\/wp\/v2\/types\/page"}],"author":[{"embeddable":true,"href":"https:\/\/hrtechprivacy.com\/cs\/wp-json\/wp\/v2\/users\/13"}],"replies":[{"embeddable":true,"href":"https:\/\/hrtechprivacy.com\/cs\/wp-json\/wp\/v2\/comments?post=322"}],"version-history":[{"count":0,"href":"https:\/\/hrtechprivacy.com\/cs\/wp-json\/wp\/v2\/pages\/322\/revisions"}],"wp:attachment":[{"href":"https:\/\/hrtechprivacy.com\/cs\/wp-json\/wp\/v2\/media?parent=322"}],"curies":[{"name":"wp","href":"https:\/\/api.w.org\/{rel}","templated":true}]}}